{"id":1182,"date":"2015-10-04T17:11:03","date_gmt":"2015-10-04T15:11:03","guid":{"rendered":"http:\/\/plastische-chirurgie-praxis.com\/armlift\/?lang=de"},"modified":"2020-12-07T17:49:32","modified_gmt":"2020-12-07T16:49:32","slug":"armstraffung","status":"publish","type":"page","link":"http:\/\/plastische-chirurgie-praxis.com\/de\/armstraffung\/","title":{"rendered":"Armstraffung"},"content":{"rendered":"<div class=\"wpb-content-wrapper\"><p>[vc_row animation=&#8220;fadeIn&#8220;][vc_column][vc_custom_heading text=&#8220;Armstraffung&#8220; font_container=&#8220;tag:h1|text_align:left|color:%236996d1&#8243; use_theme_fonts=&#8220;yes&#8220;]<div class=\"hr-thin style-line accent-border-color\" style=\"width: 100%;border-top-width: 5px;\"><\/div>[\/vc_column][\/vc_row][vc_row animation=&#8220;fadeIn&#8220; margin_bottom=&#8220;20&#8243;][vc_column][vc_empty_space height=&#8220;40px&#8220;][vc_column_text]<\/p>\n<h2><em><span style=\"color: #808080;\">Warum eine Armstraffung?<\/span><\/em><\/h2>\n<p>Die Haut Ihrer Oberarme kann durch Alterung oder extremes Abnehmen gedehnt sein und h\u00e4ngen. Intensive \u00dcbungen oder die Verwendung von Cremes l\u00f6sen dieses Problem nicht. Die L\u00f6sung ist eine Armstraffung.<\/p>\n<p>Der Plastische Chirurg kann w\u00e4hrend einer Erstberatung bestimmen, ob eine Armstraffung bei Ihnen m\u00f6glich ist und ob das gew\u00fcnschte Ergebnis durch einen chirurgischen Eingriff erreicht werden kann.<\/p>\n<p>[\/vc_column_text][vc_empty_space height=&#8220;20px&#8220;][\/vc_column][\/vc_row][vc_row animation=&#8220;fadeIn&#8220;][vc_column][vc_tabs interval=&#8220;0&#8243; style=&#8220;tab-style-four&#8220;][vc_tab title=&#8220;Allgemeine Information&#8220; tab_id=&#8220;6eb3ad0b-8d82-1a628-8956&#8243;][vc_column_text]<span lang=\"DE\">Nach Alterung oder nach gro\u00dfem Gewichtverlust kann die Haut des Oberarms h\u00e4ngen. Bei einer Armstraffung entfernt man die \u00fcbersch\u00fcssige Haut des Armes. Dieses l\u00e4sst die Arme sch\u00f6ner aussehen.<\/span><\/p>\n<p><span lang=\"DE\">Nach kurzer Zeit steigert der Eingriff Ihr Selbstvertrauen und es ist m\u00f6glich, wieder \u00e4rmellose Kleider zu tragen. Sie sollten sich aber dar\u00fcber bewusst sein, dass nicht zu vermeiden ist, diesen Eingriff ohne sichtbare Narben an der Innenseite des Oberarms durchzuf\u00fchren. Hierauf wird Sie der plastische Chirurg bei der Erstberatung hinweisen.<\/span>[\/vc_column_text][\/vc_tab][vc_tab title=&#8220;Behandlung&#8220; tab_id=&#8220;1444055223835-2-1a628-8956&#8243;][vc_column_text]Vor dem Eingriff bespricht der plastische Chirurg noch einmal die Operation mit Ihnen. Danach wird er auf Ihren Armen anzeichnen, wo die \u00fcbersch\u00fcssige Haut entfernt werden muss. Der Plastische Chirurg verwendet eine moderne Operationstechnik, indem er den Schnitt auf der Innenseite des Oberarms, in der Regel von der Achsel zum Ellenbogen, macht. Wenn er die \u00fcbersch\u00fcssige Haut und das Fett entfernt hat, wird abschlie\u00dfend die Wunde verschlossen.<\/p>\n<p>Die Operation wird unter Vollnarkose durchgef\u00fchrt und wird ca. 2 Stunden in Anspruch nehmen.[\/vc_column_text][\/vc_tab][vc_tab title=&#8220;Nachsorge und Erholungsphase&#8220; tab_id=&#8220;1444055225179-3-3a628-8956&#8243;][vc_column_text]Normale T\u00e4tigkeiten sollten kein Problem sein, vermeiden Sie aber f\u00fcr die folgenden sechs Wochen schwere k\u00f6rperliche Anstrengungen. Auch sportliche Aktivit\u00e4ten sollten Sie in dieser Zeit vermeiden.<\/p>\n<p><strong>Erholungsphase<\/strong><br \/>\nIn der Regel dauert es ca. 7 bis 14 Tage, um sich von einer Armstraffung zu erholen. Sie werden in den ersten Tagen Schwellungen und Bluterg\u00fcsse an den Armen haben, diese werden aber nach einer Woche verschwunden sein. Hierbei handelt es sich um eine nat\u00fcrliche Reaktion des K\u00f6rpers und ist in der Regel nicht besorgniserregend.<\/p>\n<p><strong>Nachsorge<br \/>\n<\/strong>Unsere Mitarbeiter tun ihr M\u00f6glichstes, um Ihnen das bestm\u00f6gliche Ergebnis, auch w\u00e4hrend der Nachsorge, bieten zu k\u00f6nnen. Ihr eigener Beitrag ist von gro\u00dfer Bedeutung. Wir bitten Sie daher, Anweisungen, die Sie von uns erhalten haben, einzuhalten.<\/p>\n<p><strong>Kontrolle<\/strong><\/p>\n<ul>\n<li>Einen Tag nach dem Eingriff wird eine Mitarbeiterin Kontakt mit Ihnen aufnehmen, so k\u00f6nnen wir sicher sein, dass alles in Ordnung ist.<\/li>\n<li>Eine Woche nach dem Eingriff werden Sie zu Ihrem ersten Kontrollbesuch in der Praxis erwartet. W\u00e4hrend dieses Termins wird die Wunde kontrolliert und alle F\u00e4den werden entfernt.<\/li>\n<li>Nach drei Monaten werden Sie zur Endkontrolle bei Ihrem Plastischen Chirurgen erwartet. Bei diesem Termin werden auch Fotos f\u00fcr Ihre medizinische Akte gemacht.<\/li>\n<\/ul>\n<p>[\/vc_column_text][\/vc_tab][vc_tab title=&#8220;Resultat&#8220; tab_id=&#8220;1444055235999-4-9a628-8956&#8243;][vc_column_text]Bei der Armstraffung werden hervorragende Ergebnisse erzielt, die sehr bald nach dem Eingriff sichtbar sind. Die Oberarme werden schlanker und die Haut straffer. Bei gesunden und gewichtsstabilen Menschen wird man das beste Ergebnis erzielen. Es ist wichtig zu wissen, dass durch die Alterung der Haut die Elastizit\u00e4t weniger wird, aber das Ergebnis wird sichtbar bleiben.<\/p>\n<p><strong><span lang=\"DE\">Narben<\/span><\/strong><span lang=\"DE\"><br \/>\nDer Plastische Chirurg tut alles, um die Narben kaum sichtbar zu machen. Die Narben werden zun\u00e4chst rot und geschwollen sein, dies wird aber nach mehreren Wochen besser. Es ist n\u00fctzlich zu wissen, dass eine Narbe ein bis anderthalb Jahre ben\u00f6tigt, bis sie ganz ausgeheilt ist. In den ersten drei Monaten sollten Sie es vermeiden, Ihre Oberarme der Sonne auszusetzen. Im ersten Jahr ist von einem Besuch einer Sonnenbank abzuraten.<\/span>[\/vc_column_text][\/vc_tab][vc_tab title=&#8220;Risiko und Komplikationen&#8220; tab_id=&#8220;1444055299658-5-5a628-8956&#8243;][vc_column_text]Eine Armstraffung ist eine sehr h\u00e4ufige Operation, hat aber wie bei jeder anderen Operation eine Chance auf Komplikationen. Es k\u00f6nnen Blutungen oder in einzelnen F\u00e4llen Infektionen auftreten. Bei der Wundheilung kann eine unerw\u00fcnschte Narbenbildung auftreten. Sollte das der Fall sein, sollten Sie \u00fcber eine Narbenkorrektur nachdenken. Auch das Rauchen erh\u00f6ht das Risiko einer unerw\u00fcnschten Narbenbildung.[\/vc_column_text][\/vc_tab][vc_tab title=&#8220;Fragen&#8220; tab_id=&#8220;1444055347868-7-2a628-8956&#8243;][vc_column_text]Sie k\u00f6nnen sich am besten telefonisch bei uns melden. Gerne vereinbaren wir mit Ihnen einen pers\u00f6nlichen Termin, um die M\u00f6glichkeiten zu besprechen. Sie k\u00f6nnen uns unter folgender Telefonnummer erreichen: (+49) 256 27261249.[\/vc_column_text][\/vc_tab][\/vc_tabs][\/vc_column][\/vc_row][vc_row][vc_column][vc_empty_space height=&#8220;40px&#8220;]<section class=\"logos-grid wf-container\" data-width=\"110px\" data-columns=\"5\"><div class=\"wf-cell\"><div><a class=\"layzr-bg\" href=\"https:\/\/www.narconova-klinik.com\/fachrichtungen\/plastisch-%C3%A4sthetische-chirurgie\/\" target=\"_blank\" title=\"\" ><img loading=\"lazy\" decoding=\"async\" class=\"fadeIn animate-element lazy-load\" src=\"data:image\/svg+xml;charset=utf-8,%3Csvg xmlns%3D&#039;http%3A%2F%2Fwww.w3.org%2F2000%2Fsvg&#039; viewBox%3D&#039;0 0 175 125&#039;%2F%3E\" width=\"175\" height=\"125\" alt=\"Narconova Klinik GmbH\" data-srcset=\"http:\/\/plastische-chirurgie-praxis.com\/wp-content\/uploads\/2017\/05\/narconova-praxis-tavus-bocholt.png 350w\" data-src=\"http:\/\/plastische-chirurgie-praxis.com\/wp-content\/uploads\/2017\/05\/narconova-praxis-tavus-bocholt.png\" \/><\/a><\/div><\/div><div class=\"wf-cell\"><div><a class=\"layzr-bg\" href=\"https:\/\/www.klinikrothenbaum.de\/deutsch\/aerzteteam\/aerzte-nach-fachgebieten\/\" target=\"_blank\" title=\"\" ><img loading=\"lazy\" decoding=\"async\" class=\"fadeIn animate-element lazy-load\" src=\"data:image\/svg+xml;charset=utf-8,%3Csvg xmlns%3D&#039;http%3A%2F%2Fwww.w3.org%2F2000%2Fsvg&#039; viewBox%3D&#039;0 0 175 125&#039;%2F%3E\" width=\"175\" height=\"125\" alt=\"Praxisklinik am Rothenbaum\" data-srcset=\"http:\/\/plastische-chirurgie-praxis.com\/wp-content\/uploads\/2017\/03\/klinikrothenbaum-praxis-tavus-hamburg.png 350w\" data-src=\"http:\/\/plastische-chirurgie-praxis.com\/wp-content\/uploads\/2017\/03\/klinikrothenbaum-praxis-tavus-hamburg.png\" \/><\/a><\/div><\/div><div class=\"wf-cell\"><div><a class=\"layzr-bg\" href=\"http:\/\/www.st-antonius-gronau.de\/index.php\/hospital\/ambulante-angebote\/gesundheitszentrum.html\" target=\"_blank\" title=\"\" ><img loading=\"lazy\" decoding=\"async\" class=\"fadeIn animate-element lazy-load\" src=\"data:image\/svg+xml;charset=utf-8,%3Csvg xmlns%3D&#039;http%3A%2F%2Fwww.w3.org%2F2000%2Fsvg&#039; viewBox%3D&#039;0 0 175 125&#039;%2F%3E\" width=\"175\" height=\"125\" alt=\"St. Antonius-Hospital\" data-srcset=\"http:\/\/plastische-chirurgie-praxis.com\/wp-content\/uploads\/2016\/04\/St.-Antonius-Hospital-Gronau.png 350w\" data-src=\"http:\/\/plastische-chirurgie-praxis.com\/wp-content\/uploads\/2016\/04\/St.-Antonius-Hospital-Gronau.png\" \/><\/a><\/div><\/div><div class=\"wf-cell\"><div><a class=\"layzr-bg\" href=\"http:\/\/www.dgpraec.de\/\" target=\"_blank\" title=\"\" ><img loading=\"lazy\" decoding=\"async\" class=\"fadeIn animate-element lazy-load\" src=\"data:image\/svg+xml;charset=utf-8,%3Csvg xmlns%3D&#039;http%3A%2F%2Fwww.w3.org%2F2000%2Fsvg&#039; viewBox%3D&#039;0 0 175 125&#039;%2F%3E\" width=\"175\" height=\"125\" alt=\"DGPRAC\" data-srcset=\"http:\/\/plastische-chirurgie-praxis.com\/wp-content\/uploads\/2015\/12\/DGPRAC-logo2.jpg 350w\" data-src=\"http:\/\/plastische-chirurgie-praxis.com\/wp-content\/uploads\/2015\/12\/DGPRAC-logo2.jpg\" \/><\/a><\/div><\/div><div class=\"wf-cell\"><div><\/div><\/div><\/section>[\/vc_column][\/vc_row]<\/p>\n<\/div>","protected":false},"excerpt":{"rendered":"<p>[vc_row animation=&#8220;fadeIn&#8220;][vc_column][vc_custom_heading text=&#8220;Armstraffung&#8220; font_container=&#8220;tag:h1|text_align:left|color:%236996d1&#8243; use_theme_fonts=&#8220;yes&#8220;][\/vc_column][\/vc_row][vc_row animation=&#8220;fadeIn&#8220; margin_bottom=&#8220;20&#8243;][vc_column][vc_empty_space height=&#8220;40px&#8220;][vc_column_text] Warum eine Armstraffung? Die Haut Ihrer Oberarme kann durch Alterung oder extremes Abnehmen gedehnt sein und h\u00e4ngen. Intensive \u00dcbungen oder die Verwendung von Cremes l\u00f6sen dieses Problem nicht. Die L\u00f6sung ist eine Armstraffung. Der Plastische Chirurg kann w\u00e4hrend einer Erstberatung bestimmen, ob eine Armstraffung bei Ihnen m\u00f6glich&hellip;<\/p>\n","protected":false},"author":2,"featured_media":0,"parent":0,"menu_order":0,"comment_status":"closed","ping_status":"closed","template":"","meta":{"_exactmetrics_skip_tracking":false,"_exactmetrics_sitenote_active":false,"_exactmetrics_sitenote_note":"","_exactmetrics_sitenote_category":0,"footnotes":""},"class_list":["post-1182","page","type-page","status-publish","hentry","description-off"],"yoast_head":"<!-- This site is optimized with the Yoast SEO plugin v27.2 - https:\/\/yoast.com\/product\/yoast-seo-wordpress\/ -->\n<title>Armstraffung - Praxis Tavus - Gronau - Nordhorn - M\u00fcnster<\/title>\n<meta name=\"description\" content=\"Armstraffung Bei Praxis Tavus? \u2713unverbindlichen Beratungstermin \u2713hervorragende Nachsorge \u2713Finanzierung ist moglich! Tel: +49 256 27261249\" \/>\n<meta name=\"robots\" content=\"index, follow, max-snippet:-1, max-image-preview:large, max-video-preview:-1\" \/>\n<link rel=\"canonical\" href=\"http:\/\/plastische-chirurgie-praxis.com\/de\/armstraffung\/\" \/>\n<meta property=\"og:locale\" content=\"de_DE\" \/>\n<meta property=\"og:type\" content=\"article\" \/>\n<meta property=\"og:title\" content=\"Armstraffung - Praxis Tavus - Gronau - Nordhorn - M\u00fcnster\" \/>\n<meta property=\"og:description\" content=\"Armstraffung Bei Praxis Tavus? \u2713unverbindlichen Beratungstermin \u2713hervorragende Nachsorge \u2713Finanzierung ist moglich! Tel: +49 256 27261249\" \/>\n<meta property=\"og:url\" content=\"http:\/\/plastische-chirurgie-praxis.com\/de\/armstraffung\/\" \/>\n<meta property=\"og:site_name\" content=\"Privatpraxis Tavus\" \/>\n<meta property=\"article:publisher\" content=\"https:\/\/www.facebook.com\/PraxisTavus\" \/>\n<meta property=\"article:modified_time\" content=\"2020-12-07T16:49:32+00:00\" \/>\n<meta property=\"og:image\" content=\"http:\/\/plastische-chirurgie-praxis.com\/wp-content\/uploads\/2015\/09\/Logo_normal.png\" \/>\n\t<meta property=\"og:image:width\" content=\"476\" \/>\n\t<meta property=\"og:image:height\" content=\"200\" \/>\n\t<meta property=\"og:image:type\" content=\"image\/png\" \/>\n<meta name=\"twitter:card\" content=\"summary_large_image\" \/>\n<meta name=\"twitter:site\" content=\"@PraxisTavus\" \/>\n<meta name=\"twitter:label1\" content=\"Gesch\u00e4tzte Lesezeit\" \/>\n\t<meta name=\"twitter:data1\" content=\"4\u00a0Minuten\" \/>\n<script type=\"application\/ld+json\" class=\"yoast-schema-graph\">{\"@context\":\"https:\/\/schema.org\",\"@graph\":[{\"@type\":\"WebPage\",\"@id\":\"http:\/\/plastische-chirurgie-praxis.com\/de\/armstraffung\/\",\"url\":\"http:\/\/plastische-chirurgie-praxis.com\/de\/armstraffung\/\",\"name\":\"Armstraffung - Praxis Tavus - Gronau - Nordhorn - M\u00fcnster\",\"isPartOf\":{\"@id\":\"https:\/\/plastische-chirurgie-praxis.com\/#website\"},\"datePublished\":\"2015-10-04T15:11:03+00:00\",\"dateModified\":\"2020-12-07T16:49:32+00:00\",\"description\":\"Armstraffung Bei Praxis Tavus? \u2713unverbindlichen Beratungstermin \u2713hervorragende Nachsorge \u2713Finanzierung ist moglich! Tel: +49 256 27261249\",\"breadcrumb\":{\"@id\":\"http:\/\/plastische-chirurgie-praxis.com\/de\/armstraffung\/#breadcrumb\"},\"inLanguage\":\"de\",\"potentialAction\":[{\"@type\":\"ReadAction\",\"target\":[\"http:\/\/plastische-chirurgie-praxis.com\/de\/armstraffung\/\"]}]},{\"@type\":\"BreadcrumbList\",\"@id\":\"http:\/\/plastische-chirurgie-praxis.com\/de\/armstraffung\/#breadcrumb\",\"itemListElement\":[{\"@type\":\"ListItem\",\"position\":1,\"name\":\"Praxis Tavus\",\"item\":\"http:\/\/plastische-chirurgie-praxis.com\/de\/\"},{\"@type\":\"ListItem\",\"position\":2,\"name\":\"Armstraffung\"}]},{\"@type\":\"WebSite\",\"@id\":\"https:\/\/plastische-chirurgie-praxis.com\/#website\",\"url\":\"https:\/\/plastische-chirurgie-praxis.com\/\",\"name\":\"Privatpraxis Tavus\",\"description\":\"Plastische &amp; Asthetische Chirurgie\",\"publisher\":{\"@id\":\"https:\/\/plastische-chirurgie-praxis.com\/#organization\"},\"potentialAction\":[{\"@type\":\"SearchAction\",\"target\":{\"@type\":\"EntryPoint\",\"urlTemplate\":\"https:\/\/plastische-chirurgie-praxis.com\/?s={search_term_string}\"},\"query-input\":{\"@type\":\"PropertyValueSpecification\",\"valueRequired\":true,\"valueName\":\"search_term_string\"}}],\"inLanguage\":\"de\"},{\"@type\":\"Organization\",\"@id\":\"https:\/\/plastische-chirurgie-praxis.com\/#organization\",\"name\":\"Praxis Tavus: Plastische & Asthetische Chirurgie\",\"url\":\"https:\/\/plastische-chirurgie-praxis.com\/\",\"logo\":{\"@type\":\"ImageObject\",\"inLanguage\":\"de\",\"@id\":\"https:\/\/plastische-chirurgie-praxis.com\/#\/schema\/logo\/image\/\",\"url\":\"http:\/\/plastische-chirurgie-praxis.com\/wp-content\/uploads\/2015\/09\/Logo_normal.png\",\"contentUrl\":\"http:\/\/plastische-chirurgie-praxis.com\/wp-content\/uploads\/2015\/09\/Logo_normal.png\",\"width\":476,\"height\":200,\"caption\":\"Praxis Tavus: Plastische & Asthetische Chirurgie\"},\"image\":{\"@id\":\"https:\/\/plastische-chirurgie-praxis.com\/#\/schema\/logo\/image\/\"},\"sameAs\":[\"https:\/\/www.facebook.com\/PraxisTavus\",\"https:\/\/x.com\/PraxisTavus\"]}]}<\/script>\n<!-- \/ Yoast SEO plugin. -->","yoast_head_json":{"title":"Armstraffung - Praxis Tavus - Gronau - Nordhorn - M\u00fcnster","description":"Armstraffung Bei Praxis Tavus? \u2713unverbindlichen Beratungstermin \u2713hervorragende Nachsorge \u2713Finanzierung ist moglich! Tel: +49 256 27261249","robots":{"index":"index","follow":"follow","max-snippet":"max-snippet:-1","max-image-preview":"max-image-preview:large","max-video-preview":"max-video-preview:-1"},"canonical":"http:\/\/plastische-chirurgie-praxis.com\/de\/armstraffung\/","og_locale":"de_DE","og_type":"article","og_title":"Armstraffung - Praxis Tavus - Gronau - Nordhorn - M\u00fcnster","og_description":"Armstraffung Bei Praxis Tavus? \u2713unverbindlichen Beratungstermin \u2713hervorragende Nachsorge \u2713Finanzierung ist moglich! Tel: +49 256 27261249","og_url":"http:\/\/plastische-chirurgie-praxis.com\/de\/armstraffung\/","og_site_name":"Privatpraxis Tavus","article_publisher":"https:\/\/www.facebook.com\/PraxisTavus","article_modified_time":"2020-12-07T16:49:32+00:00","og_image":[{"width":476,"height":200,"url":"http:\/\/plastische-chirurgie-praxis.com\/wp-content\/uploads\/2015\/09\/Logo_normal.png","type":"image\/png"}],"twitter_card":"summary_large_image","twitter_site":"@PraxisTavus","twitter_misc":{"Gesch\u00e4tzte Lesezeit":"4\u00a0Minuten"},"schema":{"@context":"https:\/\/schema.org","@graph":[{"@type":"WebPage","@id":"http:\/\/plastische-chirurgie-praxis.com\/de\/armstraffung\/","url":"http:\/\/plastische-chirurgie-praxis.com\/de\/armstraffung\/","name":"Armstraffung - Praxis Tavus - Gronau - Nordhorn - M\u00fcnster","isPartOf":{"@id":"https:\/\/plastische-chirurgie-praxis.com\/#website"},"datePublished":"2015-10-04T15:11:03+00:00","dateModified":"2020-12-07T16:49:32+00:00","description":"Armstraffung Bei Praxis Tavus? \u2713unverbindlichen Beratungstermin \u2713hervorragende Nachsorge \u2713Finanzierung ist moglich! Tel: +49 256 27261249","breadcrumb":{"@id":"http:\/\/plastische-chirurgie-praxis.com\/de\/armstraffung\/#breadcrumb"},"inLanguage":"de","potentialAction":[{"@type":"ReadAction","target":["http:\/\/plastische-chirurgie-praxis.com\/de\/armstraffung\/"]}]},{"@type":"BreadcrumbList","@id":"http:\/\/plastische-chirurgie-praxis.com\/de\/armstraffung\/#breadcrumb","itemListElement":[{"@type":"ListItem","position":1,"name":"Praxis Tavus","item":"http:\/\/plastische-chirurgie-praxis.com\/de\/"},{"@type":"ListItem","position":2,"name":"Armstraffung"}]},{"@type":"WebSite","@id":"https:\/\/plastische-chirurgie-praxis.com\/#website","url":"https:\/\/plastische-chirurgie-praxis.com\/","name":"Privatpraxis Tavus","description":"Plastische &amp; Asthetische Chirurgie","publisher":{"@id":"https:\/\/plastische-chirurgie-praxis.com\/#organization"},"potentialAction":[{"@type":"SearchAction","target":{"@type":"EntryPoint","urlTemplate":"https:\/\/plastische-chirurgie-praxis.com\/?s={search_term_string}"},"query-input":{"@type":"PropertyValueSpecification","valueRequired":true,"valueName":"search_term_string"}}],"inLanguage":"de"},{"@type":"Organization","@id":"https:\/\/plastische-chirurgie-praxis.com\/#organization","name":"Praxis Tavus: Plastische & Asthetische Chirurgie","url":"https:\/\/plastische-chirurgie-praxis.com\/","logo":{"@type":"ImageObject","inLanguage":"de","@id":"https:\/\/plastische-chirurgie-praxis.com\/#\/schema\/logo\/image\/","url":"http:\/\/plastische-chirurgie-praxis.com\/wp-content\/uploads\/2015\/09\/Logo_normal.png","contentUrl":"http:\/\/plastische-chirurgie-praxis.com\/wp-content\/uploads\/2015\/09\/Logo_normal.png","width":476,"height":200,"caption":"Praxis Tavus: Plastische & Asthetische Chirurgie"},"image":{"@id":"https:\/\/plastische-chirurgie-praxis.com\/#\/schema\/logo\/image\/"},"sameAs":["https:\/\/www.facebook.com\/PraxisTavus","https:\/\/x.com\/PraxisTavus"]}]}},"_links":{"self":[{"href":"http:\/\/plastische-chirurgie-praxis.com\/de\/wp-json\/wp\/v2\/pages\/1182","targetHints":{"allow":["GET"]}}],"collection":[{"href":"http:\/\/plastische-chirurgie-praxis.com\/de\/wp-json\/wp\/v2\/pages"}],"about":[{"href":"http:\/\/plastische-chirurgie-praxis.com\/de\/wp-json\/wp\/v2\/types\/page"}],"author":[{"embeddable":true,"href":"http:\/\/plastische-chirurgie-praxis.com\/de\/wp-json\/wp\/v2\/users\/2"}],"replies":[{"embeddable":true,"href":"http:\/\/plastische-chirurgie-praxis.com\/de\/wp-json\/wp\/v2\/comments?post=1182"}],"version-history":[{"count":13,"href":"http:\/\/plastische-chirurgie-praxis.com\/de\/wp-json\/wp\/v2\/pages\/1182\/revisions"}],"predecessor-version":[{"id":2214,"href":"http:\/\/plastische-chirurgie-praxis.com\/de\/wp-json\/wp\/v2\/pages\/1182\/revisions\/2214"}],"wp:attachment":[{"href":"http:\/\/plastische-chirurgie-praxis.com\/de\/wp-json\/wp\/v2\/media?parent=1182"}],"curies":[{"name":"wp","href":"https:\/\/api.w.org\/{rel}","templated":true}]}}