{"id":1193,"date":"2015-10-04T17:11:22","date_gmt":"2015-10-04T15:11:22","guid":{"rendered":"http:\/\/plastische-chirurgie-praxis.com\/dijbeenlift\/?lang=de"},"modified":"2020-12-07T17:53:23","modified_gmt":"2020-12-07T16:53:23","slug":"oberschenkelstraffung","status":"publish","type":"page","link":"http:\/\/plastische-chirurgie-praxis.com\/de\/oberschenkelstraffung\/","title":{"rendered":"Oberschenkelstraffung"},"content":{"rendered":"<div class=\"wpb-content-wrapper\"><p>[vc_row animation=&#8220;fadeIn&#8220;][vc_column][vc_custom_heading text=&#8220;Oberschenkelstraffung&#8220; font_container=&#8220;tag:h1|text_align:left|color:%236996d1&#8243; use_theme_fonts=&#8220;yes&#8220;]<div class=\"hr-thin style-line accent-border-color\" style=\"width: 100%;border-top-width: 5px;\"><\/div>[\/vc_column][\/vc_row][vc_row animation=&#8220;fadeIn&#8220; margin_bottom=&#8220;20&#8243;][vc_column][vc_empty_space height=&#8220;40px&#8220;][vc_column_text]<\/p>\n<h2><span style=\"color: #808080;\"><em>Warum eine Oberschenkelstraffung?<\/em><\/span><\/h2>\n<p>Durch Alterung oder nach starkem Abnehmen kann der Oberschenkel die Elastizit\u00e4t verlieren. Vor allem die Innenseite der Oberschenkel kann sehr ausgepr\u00e4gt erschlaffen. Straffende Cremes und intensive Sportarten bieten in der Regel nicht gen\u00fcgend Ergebnisse.<\/p>\n<p>Hier kann eine Oberschenkelstraffung eine L\u00f6sung sein. Bei der Oberschenkelstraffung entfernt der Chirurg die \u00fcbersch\u00fcssige Haut an den Oberschenkeln. Die Haut wird gedehnt, sodass die Oberschenkel wieder schlank, straff und sch\u00f6ner aussehen. Die Hautstruktur \u00e4ndert sich nicht, Schwangerschaftsstreifen k\u00f6nnen dann weniger auffallen.<\/p>\n<p>[\/vc_column_text][vc_empty_space height=&#8220;20px&#8220;][\/vc_column][\/vc_row][vc_row animation=&#8220;fadeIn&#8220;][vc_column][vc_tabs interval=&#8220;0&#8243; style=&#8220;tab-style-four&#8220;][vc_tab title=&#8220;Allgemeine Information&#8220; tab_id=&#8220;1446984544951-7-7&#8243;][vc_column_text]<span lang=\"DE\">Der Plastische Chirurg kann feststellen, ob eine Oberschenkelstraffung bei Ihnen m\u00f6glich ist und ob das gew\u00fcnschte Ergebnis erzielt werden kann.<\/span><\/p>\n<p><span lang=\"DE\">Eine Oberschenkelstraffung verursacht eine deutliche Verbesserung f\u00fcr das \u00e4sthetische Erscheinungsbild der Oberschenkel. Viele Menschen f\u00fchlen sich nach dem Eingriff sicherer in kurzen Hosen, Rock oder Kleidern. Sie sollten sich jedoch bewusst sein, dass es bei diesem Eingriff nicht vermeidbar ist, keine sichtbaren Narben zu hinterlassen. Der Plastische Chirurg wird dies ausdr\u00fccklich im Beratungsgespr\u00e4ch mit Ihnen besprechen.<\/span>[\/vc_column_text][\/vc_tab][vc_tab title=&#8220;Behandlung&#8220; tab_id=&#8220;1444055223835-2-151b2-61b4&#8243;][vc_column_text]<span lang=\"DE\">Vor dem Eingriff bespricht der plastische Chirurg noch einmal die Operation mit Ihnen. Danach wird er auf Ihren Oberschenkeln anzeichnen, wo die \u00fcbersch\u00fcssige Haut entfernt werden muss. Wenn er die \u00fcbersch\u00fcssige Haut und das Fett entfernt hat, wird abschlie\u00dfend die Wunde verschlossen.<\/span><\/p>\n<p><span lang=\"DE\">Die Operation wird unter Vollnarkose durchgef\u00fchrt und wird ca. 2 bis 3 Stunden in Anspruch nehmen.<\/span>[\/vc_column_text][\/vc_tab][vc_tab title=&#8220;Nachsorge und Erholungsphase&#8220; tab_id=&#8220;1444055225179-3-351b2-61b4&#8243;][vc_column_text]<span lang=\"DE\">Nach einer Oberschenkelstraffung m\u00fcssen Sie damit rechnen, 1 bis 2 Tage in der Klinik bleiben zu m\u00fcssen.<\/span><\/p>\n<p><strong><span lang=\"DE\">Erholungsphase<\/span><\/strong><b><span lang=\"DE\"><br \/>\n<\/span><\/b><span lang=\"DE\">Wie nach jedem chirurgischen Eingriff braucht der K\u00f6rper Zeit, sich zu erholen. Die behandelte Fl\u00e4che wird zun\u00e4chst blau und geschwollen sein. Auch die Narben nach der Oberschenkelstraffung werden deutlich sichtbar sein. In den folgenden Wochen wird sich die Haut hart anf\u00fchlen, dies hat alles mit der Narbenbildung zu tun. W\u00e4hrend der ersten sechs Wochen werden Sie Tag und Nacht ein unterst\u00fctzendes Korsett tragen und danach weitere zwei Wochen nur nachts.<\/span><\/p>\n<p><strong><span lang=\"DE\">Kontrolle<\/span><\/strong><\/p>\n<ul>\n<li><span lang=\"DE\">Nach einer Woche werden Sie f\u00fcr eine Kontrolluntersuchung in der Klinik erwartet.<\/span><\/li>\n<\/ul>\n<p>[\/vc_column_text][\/vc_tab][vc_tab title=&#8220;Resultat&#8220; tab_id=&#8220;1444055235999-4-951b2-61b4&#8243;][vc_column_text]<span lang=\"DE\">Das Ergebnis der Oberschenkelstraffung ist direkt sichtbar. Ihre Oberschenkel werden sichtbar d\u00fcnner. Das Ergebnis einer Oberschenkelstraffung ist in der Regel f\u00fcr eine sehr lange Zeit. Das beste Ergebnis wird erzielt, wenn Sie ein gesundes und stabiles Gewicht haben und halten.<\/span><\/p>\n<p><strong><span lang=\"DE\">Narben<\/span><\/strong><b><span lang=\"DE\"><br \/>\n<\/span><\/b><span lang=\"DE\">Bei einer Oberschenkelstraffung m\u00fcssen Sie davon ausgehen, dass Sie gro\u00dfe und sichtbare Narben zur\u00fcckbehalten. Der Plastische Chirurg tut alles, um die Narben kaum sichtbar zu machen. Die Narben werden zun\u00e4chst rot und geschwollen sein, dies wird nach mehreren Wochen besser, bis die Narben ganz ausgeheilt sind. Bitte denken Sie daran, die Narben von der Sonne fernzuhalten. Im ersten Jahr wird von einem Besuch einer Sonnenbank abgeraten.<\/span>[\/vc_column_text][\/vc_tab][vc_tab title=&#8220;Risiko und Komplikationen&#8220; tab_id=&#8220;1444055299658-5-551b2-61b4&#8243;][vc_column_text]Eine Oberschenkelstraffung ist eine sehr h\u00e4ufige Operation, hat aber wie bei jeder anderen Operation eine Chance auf Komplikationen. Es k\u00f6nnen Blutungen oder in einzelnen F\u00e4llen Infektionen auftreten. Bei der Wundheilung kann eine unerw\u00fcnschte Narbenbildung auftreten. Sollte das der Fall sein, sollten Sie \u00fcber eine Narbenkorrektur nachdenken. Auch das Rauchen erh\u00f6ht das Risiko einer unerw\u00fcnschten Narbenbildung.[\/vc_column_text][\/vc_tab][vc_tab title=&#8220;Fragen&#8220; tab_id=&#8220;1444055347868-7-251b2-61b4&#8243;][vc_column_text]Sie k\u00f6nnen sich am besten telefonisch bei uns melden. Gerne vereinbaren wir mit Ihnen einen pers\u00f6nlichen Termin, um die M\u00f6glichkeiten zu besprechen. Sie k\u00f6nnen uns unter folgender Telefonnummer erreichen: (+49) 256 27261249.<\/p>\n<p><span class=\"_3oh-\">\u00a0<\/span>[\/vc_column_text][\/vc_tab][\/vc_tabs][\/vc_column][\/vc_row][vc_row][vc_column][vc_empty_space height=&#8220;40px&#8220;]<section class=\"logos-grid wf-container\" data-width=\"110px\" data-columns=\"5\"><div class=\"wf-cell\"><div><a class=\"layzr-bg\" href=\"https:\/\/www.narconova-klinik.com\/fachrichtungen\/plastisch-%C3%A4sthetische-chirurgie\/\" target=\"_blank\" title=\"\" ><img loading=\"lazy\" decoding=\"async\" class=\"fadeIn animate-element lazy-load\" src=\"data:image\/svg+xml;charset=utf-8,%3Csvg xmlns%3D&#039;http%3A%2F%2Fwww.w3.org%2F2000%2Fsvg&#039; viewBox%3D&#039;0 0 175 125&#039;%2F%3E\" width=\"175\" height=\"125\" alt=\"Narconova Klinik GmbH\" data-srcset=\"http:\/\/plastische-chirurgie-praxis.com\/wp-content\/uploads\/2017\/05\/narconova-praxis-tavus-bocholt.png 350w\" data-src=\"http:\/\/plastische-chirurgie-praxis.com\/wp-content\/uploads\/2017\/05\/narconova-praxis-tavus-bocholt.png\" \/><\/a><\/div><\/div><div class=\"wf-cell\"><div><a class=\"layzr-bg\" href=\"https:\/\/www.klinikrothenbaum.de\/deutsch\/aerzteteam\/aerzte-nach-fachgebieten\/\" target=\"_blank\" title=\"\" ><img loading=\"lazy\" decoding=\"async\" class=\"fadeIn animate-element lazy-load\" src=\"data:image\/svg+xml;charset=utf-8,%3Csvg xmlns%3D&#039;http%3A%2F%2Fwww.w3.org%2F2000%2Fsvg&#039; viewBox%3D&#039;0 0 175 125&#039;%2F%3E\" width=\"175\" height=\"125\" alt=\"Praxisklinik am Rothenbaum\" data-srcset=\"http:\/\/plastische-chirurgie-praxis.com\/wp-content\/uploads\/2017\/03\/klinikrothenbaum-praxis-tavus-hamburg.png 350w\" data-src=\"http:\/\/plastische-chirurgie-praxis.com\/wp-content\/uploads\/2017\/03\/klinikrothenbaum-praxis-tavus-hamburg.png\" \/><\/a><\/div><\/div><div class=\"wf-cell\"><div><a class=\"layzr-bg\" href=\"http:\/\/www.st-antonius-gronau.de\/index.php\/hospital\/ambulante-angebote\/gesundheitszentrum.html\" target=\"_blank\" title=\"\" ><img loading=\"lazy\" decoding=\"async\" class=\"fadeIn animate-element lazy-load\" src=\"data:image\/svg+xml;charset=utf-8,%3Csvg xmlns%3D&#039;http%3A%2F%2Fwww.w3.org%2F2000%2Fsvg&#039; viewBox%3D&#039;0 0 175 125&#039;%2F%3E\" width=\"175\" height=\"125\" alt=\"St. Antonius-Hospital\" data-srcset=\"http:\/\/plastische-chirurgie-praxis.com\/wp-content\/uploads\/2016\/04\/St.-Antonius-Hospital-Gronau.png 350w\" data-src=\"http:\/\/plastische-chirurgie-praxis.com\/wp-content\/uploads\/2016\/04\/St.-Antonius-Hospital-Gronau.png\" \/><\/a><\/div><\/div><div class=\"wf-cell\"><div><a class=\"layzr-bg\" href=\"http:\/\/www.dgpraec.de\/\" target=\"_blank\" title=\"\" ><img loading=\"lazy\" decoding=\"async\" class=\"fadeIn animate-element lazy-load\" src=\"data:image\/svg+xml;charset=utf-8,%3Csvg xmlns%3D&#039;http%3A%2F%2Fwww.w3.org%2F2000%2Fsvg&#039; viewBox%3D&#039;0 0 175 125&#039;%2F%3E\" width=\"175\" height=\"125\" alt=\"DGPRAC\" data-srcset=\"http:\/\/plastische-chirurgie-praxis.com\/wp-content\/uploads\/2015\/12\/DGPRAC-logo2.jpg 350w\" data-src=\"http:\/\/plastische-chirurgie-praxis.com\/wp-content\/uploads\/2015\/12\/DGPRAC-logo2.jpg\" \/><\/a><\/div><\/div><div class=\"wf-cell\"><div><\/div><\/div><\/section>[\/vc_column][\/vc_row]<\/p>\n<\/div>","protected":false},"excerpt":{"rendered":"<p>[vc_row animation=&#8220;fadeIn&#8220;][vc_column][vc_custom_heading text=&#8220;Oberschenkelstraffung&#8220; font_container=&#8220;tag:h1|text_align:left|color:%236996d1&#8243; use_theme_fonts=&#8220;yes&#8220;][\/vc_column][\/vc_row][vc_row animation=&#8220;fadeIn&#8220; margin_bottom=&#8220;20&#8243;][vc_column][vc_empty_space height=&#8220;40px&#8220;][vc_column_text] Warum eine Oberschenkelstraffung? Durch Alterung oder nach starkem Abnehmen kann der Oberschenkel die Elastizit\u00e4t verlieren. Vor allem die Innenseite der Oberschenkel kann sehr ausgepr\u00e4gt erschlaffen. Straffende Cremes und intensive Sportarten bieten in der Regel nicht gen\u00fcgend Ergebnisse. Hier kann eine Oberschenkelstraffung eine L\u00f6sung sein. Bei der Oberschenkelstraffung&hellip;<\/p>\n","protected":false},"author":2,"featured_media":0,"parent":0,"menu_order":0,"comment_status":"closed","ping_status":"closed","template":"","meta":{"_exactmetrics_skip_tracking":false,"_exactmetrics_sitenote_active":false,"_exactmetrics_sitenote_note":"","_exactmetrics_sitenote_category":0,"footnotes":""},"class_list":["post-1193","page","type-page","status-publish","hentry","description-off"],"yoast_head":"<!-- This site is optimized with the Yoast SEO plugin v27.2 - https:\/\/yoast.com\/product\/yoast-seo-wordpress\/ -->\n<title>Oberschenkelstraffung - Praxis Tavus - Gronau -Nordhorn - M\u00fcnster<\/title>\n<meta name=\"description\" content=\"Oberschenkelstraffung Bei Praxis Tavus? \u2713unverbindlichen Beratungstermin \u2713hervorragende Nachsorge \u2713Finanzierung ist moglich! Tel: +49 256 27261249\" \/>\n<meta name=\"robots\" content=\"index, follow, max-snippet:-1, max-image-preview:large, max-video-preview:-1\" \/>\n<link rel=\"canonical\" href=\"http:\/\/plastische-chirurgie-praxis.com\/de\/oberschenkelstraffung\/\" \/>\n<meta property=\"og:locale\" content=\"de_DE\" \/>\n<meta property=\"og:type\" content=\"article\" \/>\n<meta property=\"og:title\" content=\"Oberschenkelstraffung - Praxis Tavus - Gronau -Nordhorn - M\u00fcnster\" \/>\n<meta property=\"og:description\" content=\"Oberschenkelstraffung Bei Praxis Tavus? \u2713unverbindlichen Beratungstermin \u2713hervorragende Nachsorge \u2713Finanzierung ist moglich! Tel: +49 256 27261249\" \/>\n<meta property=\"og:url\" content=\"http:\/\/plastische-chirurgie-praxis.com\/de\/oberschenkelstraffung\/\" \/>\n<meta property=\"og:site_name\" content=\"Privatpraxis Tavus\" \/>\n<meta property=\"article:publisher\" content=\"https:\/\/www.facebook.com\/PraxisTavus\" \/>\n<meta property=\"article:modified_time\" content=\"2020-12-07T16:53:23+00:00\" \/>\n<meta property=\"og:image\" content=\"http:\/\/plastische-chirurgie-praxis.com\/wp-content\/uploads\/2015\/09\/Logo_normal.png\" \/>\n\t<meta property=\"og:image:width\" content=\"476\" \/>\n\t<meta property=\"og:image:height\" content=\"200\" \/>\n\t<meta property=\"og:image:type\" content=\"image\/png\" \/>\n<meta name=\"twitter:card\" content=\"summary_large_image\" \/>\n<meta name=\"twitter:site\" content=\"@PraxisTavus\" \/>\n<meta name=\"twitter:label1\" content=\"Gesch\u00e4tzte Lesezeit\" \/>\n\t<meta name=\"twitter:data1\" content=\"4\u00a0Minuten\" \/>\n<script type=\"application\/ld+json\" class=\"yoast-schema-graph\">{\"@context\":\"https:\/\/schema.org\",\"@graph\":[{\"@type\":\"WebPage\",\"@id\":\"http:\/\/plastische-chirurgie-praxis.com\/de\/oberschenkelstraffung\/\",\"url\":\"http:\/\/plastische-chirurgie-praxis.com\/de\/oberschenkelstraffung\/\",\"name\":\"Oberschenkelstraffung - Praxis Tavus - Gronau -Nordhorn - M\u00fcnster\",\"isPartOf\":{\"@id\":\"https:\/\/plastische-chirurgie-praxis.com\/#website\"},\"datePublished\":\"2015-10-04T15:11:22+00:00\",\"dateModified\":\"2020-12-07T16:53:23+00:00\",\"description\":\"Oberschenkelstraffung Bei Praxis Tavus? \u2713unverbindlichen Beratungstermin \u2713hervorragende Nachsorge \u2713Finanzierung ist moglich! Tel: +49 256 27261249\",\"breadcrumb\":{\"@id\":\"http:\/\/plastische-chirurgie-praxis.com\/de\/oberschenkelstraffung\/#breadcrumb\"},\"inLanguage\":\"de\",\"potentialAction\":[{\"@type\":\"ReadAction\",\"target\":[\"http:\/\/plastische-chirurgie-praxis.com\/de\/oberschenkelstraffung\/\"]}]},{\"@type\":\"BreadcrumbList\",\"@id\":\"http:\/\/plastische-chirurgie-praxis.com\/de\/oberschenkelstraffung\/#breadcrumb\",\"itemListElement\":[{\"@type\":\"ListItem\",\"position\":1,\"name\":\"Praxis Tavus\",\"item\":\"http:\/\/plastische-chirurgie-praxis.com\/de\/\"},{\"@type\":\"ListItem\",\"position\":2,\"name\":\"Oberschenkelstraffung\"}]},{\"@type\":\"WebSite\",\"@id\":\"https:\/\/plastische-chirurgie-praxis.com\/#website\",\"url\":\"https:\/\/plastische-chirurgie-praxis.com\/\",\"name\":\"Privatpraxis Tavus\",\"description\":\"Plastische &amp; Asthetische Chirurgie\",\"publisher\":{\"@id\":\"https:\/\/plastische-chirurgie-praxis.com\/#organization\"},\"potentialAction\":[{\"@type\":\"SearchAction\",\"target\":{\"@type\":\"EntryPoint\",\"urlTemplate\":\"https:\/\/plastische-chirurgie-praxis.com\/?s={search_term_string}\"},\"query-input\":{\"@type\":\"PropertyValueSpecification\",\"valueRequired\":true,\"valueName\":\"search_term_string\"}}],\"inLanguage\":\"de\"},{\"@type\":\"Organization\",\"@id\":\"https:\/\/plastische-chirurgie-praxis.com\/#organization\",\"name\":\"Praxis Tavus: Plastische & Asthetische Chirurgie\",\"url\":\"https:\/\/plastische-chirurgie-praxis.com\/\",\"logo\":{\"@type\":\"ImageObject\",\"inLanguage\":\"de\",\"@id\":\"https:\/\/plastische-chirurgie-praxis.com\/#\/schema\/logo\/image\/\",\"url\":\"http:\/\/plastische-chirurgie-praxis.com\/wp-content\/uploads\/2015\/09\/Logo_normal.png\",\"contentUrl\":\"http:\/\/plastische-chirurgie-praxis.com\/wp-content\/uploads\/2015\/09\/Logo_normal.png\",\"width\":476,\"height\":200,\"caption\":\"Praxis Tavus: Plastische & Asthetische Chirurgie\"},\"image\":{\"@id\":\"https:\/\/plastische-chirurgie-praxis.com\/#\/schema\/logo\/image\/\"},\"sameAs\":[\"https:\/\/www.facebook.com\/PraxisTavus\",\"https:\/\/x.com\/PraxisTavus\"]}]}<\/script>\n<!-- \/ Yoast SEO plugin. -->","yoast_head_json":{"title":"Oberschenkelstraffung - Praxis Tavus - Gronau -Nordhorn - M\u00fcnster","description":"Oberschenkelstraffung Bei Praxis Tavus? \u2713unverbindlichen Beratungstermin \u2713hervorragende Nachsorge \u2713Finanzierung ist moglich! Tel: +49 256 27261249","robots":{"index":"index","follow":"follow","max-snippet":"max-snippet:-1","max-image-preview":"max-image-preview:large","max-video-preview":"max-video-preview:-1"},"canonical":"http:\/\/plastische-chirurgie-praxis.com\/de\/oberschenkelstraffung\/","og_locale":"de_DE","og_type":"article","og_title":"Oberschenkelstraffung - Praxis Tavus - Gronau -Nordhorn - M\u00fcnster","og_description":"Oberschenkelstraffung Bei Praxis Tavus? \u2713unverbindlichen Beratungstermin \u2713hervorragende Nachsorge \u2713Finanzierung ist moglich! Tel: +49 256 27261249","og_url":"http:\/\/plastische-chirurgie-praxis.com\/de\/oberschenkelstraffung\/","og_site_name":"Privatpraxis Tavus","article_publisher":"https:\/\/www.facebook.com\/PraxisTavus","article_modified_time":"2020-12-07T16:53:23+00:00","og_image":[{"width":476,"height":200,"url":"http:\/\/plastische-chirurgie-praxis.com\/wp-content\/uploads\/2015\/09\/Logo_normal.png","type":"image\/png"}],"twitter_card":"summary_large_image","twitter_site":"@PraxisTavus","twitter_misc":{"Gesch\u00e4tzte Lesezeit":"4\u00a0Minuten"},"schema":{"@context":"https:\/\/schema.org","@graph":[{"@type":"WebPage","@id":"http:\/\/plastische-chirurgie-praxis.com\/de\/oberschenkelstraffung\/","url":"http:\/\/plastische-chirurgie-praxis.com\/de\/oberschenkelstraffung\/","name":"Oberschenkelstraffung - Praxis Tavus - Gronau -Nordhorn - M\u00fcnster","isPartOf":{"@id":"https:\/\/plastische-chirurgie-praxis.com\/#website"},"datePublished":"2015-10-04T15:11:22+00:00","dateModified":"2020-12-07T16:53:23+00:00","description":"Oberschenkelstraffung Bei Praxis Tavus? \u2713unverbindlichen Beratungstermin \u2713hervorragende Nachsorge \u2713Finanzierung ist moglich! Tel: +49 256 27261249","breadcrumb":{"@id":"http:\/\/plastische-chirurgie-praxis.com\/de\/oberschenkelstraffung\/#breadcrumb"},"inLanguage":"de","potentialAction":[{"@type":"ReadAction","target":["http:\/\/plastische-chirurgie-praxis.com\/de\/oberschenkelstraffung\/"]}]},{"@type":"BreadcrumbList","@id":"http:\/\/plastische-chirurgie-praxis.com\/de\/oberschenkelstraffung\/#breadcrumb","itemListElement":[{"@type":"ListItem","position":1,"name":"Praxis Tavus","item":"http:\/\/plastische-chirurgie-praxis.com\/de\/"},{"@type":"ListItem","position":2,"name":"Oberschenkelstraffung"}]},{"@type":"WebSite","@id":"https:\/\/plastische-chirurgie-praxis.com\/#website","url":"https:\/\/plastische-chirurgie-praxis.com\/","name":"Privatpraxis Tavus","description":"Plastische &amp; Asthetische Chirurgie","publisher":{"@id":"https:\/\/plastische-chirurgie-praxis.com\/#organization"},"potentialAction":[{"@type":"SearchAction","target":{"@type":"EntryPoint","urlTemplate":"https:\/\/plastische-chirurgie-praxis.com\/?s={search_term_string}"},"query-input":{"@type":"PropertyValueSpecification","valueRequired":true,"valueName":"search_term_string"}}],"inLanguage":"de"},{"@type":"Organization","@id":"https:\/\/plastische-chirurgie-praxis.com\/#organization","name":"Praxis Tavus: Plastische & Asthetische Chirurgie","url":"https:\/\/plastische-chirurgie-praxis.com\/","logo":{"@type":"ImageObject","inLanguage":"de","@id":"https:\/\/plastische-chirurgie-praxis.com\/#\/schema\/logo\/image\/","url":"http:\/\/plastische-chirurgie-praxis.com\/wp-content\/uploads\/2015\/09\/Logo_normal.png","contentUrl":"http:\/\/plastische-chirurgie-praxis.com\/wp-content\/uploads\/2015\/09\/Logo_normal.png","width":476,"height":200,"caption":"Praxis Tavus: Plastische & Asthetische Chirurgie"},"image":{"@id":"https:\/\/plastische-chirurgie-praxis.com\/#\/schema\/logo\/image\/"},"sameAs":["https:\/\/www.facebook.com\/PraxisTavus","https:\/\/x.com\/PraxisTavus"]}]}},"_links":{"self":[{"href":"http:\/\/plastische-chirurgie-praxis.com\/de\/wp-json\/wp\/v2\/pages\/1193","targetHints":{"allow":["GET"]}}],"collection":[{"href":"http:\/\/plastische-chirurgie-praxis.com\/de\/wp-json\/wp\/v2\/pages"}],"about":[{"href":"http:\/\/plastische-chirurgie-praxis.com\/de\/wp-json\/wp\/v2\/types\/page"}],"author":[{"embeddable":true,"href":"http:\/\/plastische-chirurgie-praxis.com\/de\/wp-json\/wp\/v2\/users\/2"}],"replies":[{"embeddable":true,"href":"http:\/\/plastische-chirurgie-praxis.com\/de\/wp-json\/wp\/v2\/comments?post=1193"}],"version-history":[{"count":12,"href":"http:\/\/plastische-chirurgie-praxis.com\/de\/wp-json\/wp\/v2\/pages\/1193\/revisions"}],"predecessor-version":[{"id":2228,"href":"http:\/\/plastische-chirurgie-praxis.com\/de\/wp-json\/wp\/v2\/pages\/1193\/revisions\/2228"}],"wp:attachment":[{"href":"http:\/\/plastische-chirurgie-praxis.com\/de\/wp-json\/wp\/v2\/media?parent=1193"}],"curies":[{"name":"wp","href":"https:\/\/api.w.org\/{rel}","templated":true}]}}