{"id":1203,"date":"2015-10-04T17:01:31","date_gmt":"2015-10-04T15:01:31","guid":{"rendered":"http:\/\/plastische-chirurgie-praxis.com\/borstverkleining\/?lang=de"},"modified":"2020-12-07T17:50:06","modified_gmt":"2020-12-07T16:50:06","slug":"brustverkleinerung","status":"publish","type":"page","link":"http:\/\/plastische-chirurgie-praxis.com\/de\/brustverkleinerung\/","title":{"rendered":"Brustverkleinerung"},"content":{"rendered":"<div class=\"wpb-content-wrapper\"><p>[vc_row animation=&#8220;fadeIn&#8220;][vc_column][vc_custom_heading text=&#8220;Brustverkleinerung&#8220; font_container=&#8220;tag:h1|text_align:left|color:%236996d1&#8243; use_theme_fonts=&#8220;yes&#8220;]<div class=\"hr-thin style-line accent-border-color\" style=\"width: 100%;border-top-width: 5px;\"><\/div>[\/vc_column][\/vc_row][vc_row animation=&#8220;fadeIn&#8220; margin_bottom=&#8220;20&#8243;][vc_column][vc_empty_space height=&#8220;40px&#8220;][vc_column_text]<\/p>\n<h2><span style=\"color: #808080;\"><em>Warum eine Brustverkleinerung?<\/em><\/span><\/h2>\n<p>Br\u00fcste entwickeln sich in der Pubert\u00e4t. Gr\u00f6\u00dfe und Form der Br\u00fcste h\u00e4ngen in erster Linie von der genetischen Pr\u00e4disposition ab. Dar\u00fcber hinaus beeinflussen z. B. Gewicht, Schwangerschaft und der Zustand der Haut und des Dr\u00fcsengewebes die Gr\u00f6\u00dfe, Form und Straffheit der Br\u00fcste.<\/p>\n<p>Durch den Verlust der Elastizit\u00e4t der Haut k\u00f6nnen gro\u00dfe Br\u00fcste anfangen zu h\u00e4ngen. Frauen mit Problemen im Hals-, Schulter- und R\u00fcckenbereich ziehen h\u00e4ufig eine Brustverkleinerung in Betracht. Hier kann ein kleiner Eingriff helfen, die Beschwerden zu vermindern bzw. beschwerdefrei zu leben.<\/p>\n<p>[\/vc_column_text][vc_empty_space height=&#8220;20px&#8220;][\/vc_column][\/vc_row][vc_row animation=&#8220;fadeIn&#8220;][vc_column][vc_tabs interval=&#8220;0&#8243; style=&#8220;tab-style-four&#8220;][vc_tab title=&#8220;Allgemeine Information&#8220; tab_id=&#8220;6eb3ad0b-8d82-1cb87-4fa5&#8243;][vc_column_text]<span lang=\"DE\">Die Gr\u00f6\u00dfe und Form der Br\u00fcste h\u00e4ngt in den meisten F\u00e4llen von der Genetik der Frau ab, aber auch andere Faktoren wie K\u00f6rpergewicht, Schwangerschaft, Stillen und hormonelle Ver\u00e4nderungen k\u00f6nnen eine gro\u00dfe Rolle spielen. Frauen k\u00f6nnen sich durch gro\u00dfe Br\u00fcste extrem ungl\u00fccklich f\u00fchlen. Viele Frauen leiden unter R\u00fccken- und Nackenschmerzen. Das Finden von passender Kleidung und die Teilnahme an sportlichen Aktivit\u00e4ten erweist sich als schwierig. In vielen F\u00e4llen kann hier eine Brustverkleinerung helfen.<\/span><\/p>\n<p><span lang=\"DE\">Bei einer Brustverkleinerung wird ein Teil des Brustgewebes entfernt und gleichzeitig eine Bruststraffung durchgef\u00fchrt.<\/span>[\/vc_column_text][\/vc_tab][vc_tab title=&#8220;Behandlung&#8220; tab_id=&#8220;1444055223835-2-1cb87-4fa5&#8243;][vc_column_text]<span lang=\"DE\">Vor dem Eingriff zeichnet der Plastische Chirurg die richtige Position und Gr\u00f6\u00dfe Ihrer Br\u00fcste an. Danach werden Sie unter Narkose gebracht. Die Operation erfolgt nach dem gemeinsam vereinbarten Behandlungsplan. Es gibt viele M\u00f6glichkeiten f\u00fcr eine Brustverkleinerung. Die Gr\u00f6\u00dfe und Form Ihrer Br\u00fcste spielen eine Rolle bei der Wahl der Operationstechnik. Ebenfalls spielen ihre pers\u00f6nlichen W\u00fcnsche f\u00fcr das Endergebnis eine gro\u00dfe Rolle.<\/span><\/p>\n<p><span lang=\"DE\">Die Narben auf beiden Br\u00fcsten sind I- oder T-\/ankerf\u00f6rmig. Der Eingriff wird ungef\u00e4hr 2 bis 3 Stunden dauern.<\/span>[\/vc_column_text][\/vc_tab][vc_tab title=&#8220;Nachsorge und Erholungsphase&#8220; tab_id=&#8220;1444055225179-3-3cb87-4fa5&#8243;][vc_column_text]<strong>Sport-BH<\/strong><strong><br \/>\n<\/strong>Nach der Brustverkleinerung bekommen Sie einen Sport-BH. In einigen F\u00e4llen wird zun\u00e4chst ein Verband zur Unterst\u00fctzung angebracht. Beim ersten Check-up-Termin wird dieser Verband durch einen Sport-BH ersetzt. Diesen erhalten Sie kostenlos von der Klinik. Es ist wichtig, dass Sie den Sport-BH f\u00fcr 6 Wochen Tag und Nacht tragen.<\/p>\n<p><strong>Wundschmerzen<\/strong><br \/>\nNach dem Eingriff werden Sie mit Schmerzen rechnen m\u00fcssen. Die Brust ist straff und angespannt. Die Haut wird auf die neue Brustgr\u00f6\u00dfe angepasst. Auch sp\u00fcrt man Muskelschmerzen.<\/p>\n<p>Nach dem Eingriff erhalten Sie von unserer Krankenschwester Paracetamol-Tabletten (500 mg) gegen die Schmerzen, diese sollten Sie unbedingt einnehmen. Wenn Sie am selben Tag nach Hause zur\u00fcckkehren, k\u00f6nnen Sie gegen Schmerzen weiterhin Paracetamol einnehmen.<\/p>\n<p><strong>Erholungsphase<\/strong><br \/>\nWie nach jedem chirurgischen Eingriff, braucht der K\u00f6rper Zeit, sich zu erholen. Die behandelte Fl\u00e4che wird zun\u00e4chst blau, empfindlich und geschwollen sein.<\/p>\n<p>Auch das Brustgewebe und die Haut brauchen Zeit, um sich an der neuen Form anzupassen. Sie m\u00fcssen nach der Brustverkleinerung ber\u00fccksichtigen, dass eine Reihe von Faktoren dazu beitragen kann, dass die Genesungszeit verl\u00e4ngert wird.<\/p>\n<p><strong>Ruhe<\/strong><strong><br \/>\n<\/strong>Nach der Brustverkleinerung haben Sie eine Woche Erholung n\u00f6tig. Stellen Sie sicher, dass jemand in Ihrer N\u00e4he Ihnen helfen kann. Wir raten Ihnen, nachts auf dem R\u00fccken zu schlafen. Auf diese Weise haben Sie die geringste Chance, Ihre Br\u00fcste zu verletzen und eine gr\u00f6\u00dfere Chance auf ein gutes Ergebnis.<\/p>\n<p><strong>Anspannung<\/strong><strong><br \/>\n<\/strong>Normale T\u00e4tigkeiten sollten kein Problem sein, vermeiden Sie aber f\u00fcr die folgenden sechs Wochen schwere k\u00f6rperliche Anstrengungen. Auch sportliche Aktivit\u00e4ten sollten Sie f\u00fcr mehrere Monate vermeiden.<\/p>\n<p><strong>Verkehrsteilname<\/strong><strong><br \/>\n<\/strong>Es ist empfehlenswert, dass Sie in der ersten Woche nach dem Eingriff nicht am Stra\u00dfenverkehr (Auto- und Radfahren) teilnehmen. Sprechen Sie mit Ihrer Versicherung, welche Gew\u00e4hrleistung nach einer Brustverkleinerung in Anspruch genommen werden k\u00f6nnen.<\/p>\n<p><strong>Alkohol und Rauchen<\/strong><br \/>\nF\u00fcr den Heilungsprozess ist es wichtig, dass Sie keinen Alkohol <em>zu sich nehmen <\/em><em>und<\/em> <em>auch das <\/em>Rauchen <em>ist nicht <\/em>f\u00f6rderlich f\u00fcr die Wundheilung und Genesung.<\/p>\n<p><strong>Sonnenlicht<\/strong><strong><br \/>\n<\/strong>Bitte denken Sie daran, die Narben von der Sonne fernzuhalten. Im ersten Jahr ist von einem Besuch einer Sonnenbank abzuraten.<\/p>\n<p><strong>Stillen<\/strong><strong><br \/>\n<\/strong>Bei einer Brustverkleinerung wird ein Teil der Brustdr\u00fcse entfernt. Der Plastische Chirurg wird nat\u00fcrlich mit gr\u00f6\u00dfter Vorsicht vorgehen. In einigen F\u00e4llen kann es jedoch sein, dass durch das Verschieben der Brustwarze die Dr\u00fcsen in der Brustwarze besch\u00e4digt werden. Stillen kann dann nach einer Brustverkleinerung schwieriger und manchmal sogar unm\u00f6glich sein.<\/p>\n<p><strong>Kontrolle<\/strong><br \/>\nRechnen Sie mit einem Krankenhausaufenthalt von 2-3 Tagen. Nach einer Woche kommen Sie zur ersten Kontrolluntersuchung. Diese findet beim plastischen Chirurgen oder bei einer Krankenschwester statt. Es wird danach geschaut, ob alles gut verheilt ist. Nach drei Monaten wird Ihr plastischer Chirurg eine Endkontrolle durchf\u00fchren. Bei diesem Termin werden auch Bilder von dem Endergebnis f\u00fcr Ihre Akte gemacht.[\/vc_column_text][\/vc_tab][vc_tab title=&#8220;Resultat&#8220; tab_id=&#8220;1444055235999-4-9cb87-4fa5&#8243;][vc_column_text]<span lang=\"DE\">Das endg\u00fcltige Ergebnis einer Brustverkleinerung ist erst nach ein paar Monaten sichtbar. Wenn aber nach einiger Zeit die Schmerzen und Unannehmlichkeiten verschwinden, k\u00f6nnen Sie anfangen, Ihre Br\u00fcste zu genie\u00dfen. Ihre Br\u00fcste haben nun eine neue Form. Viele Frauen erleben eine Steigerung des Selbstvertrauens nach einer Brustverkleinerung. Im Allgemeinen ist das Ergebnis nach einer Brustverkleinerung dauerhaft.<\/span><\/p>\n<p><strong><span lang=\"DE\">Narben<\/span><\/strong><b><span lang=\"DE\"><br \/>\n<\/span><\/b><span lang=\"DE\">Der Plastische Chirurg tut alles, um die Narben kaum sichtbar zu machen. Die Narben werden zun\u00e4chst rot und geschwollen sein, aber dies wird nach mehreren Wochen besser. Es ist n\u00fctzlich zu wissen, dass eine Narbe ein bis anderthalb Jahre ben\u00f6tigt, um vollkommen abzuheilen. Denken Sie daran, die Narben von der Sonne fernzuhalten und sie zu pflegen. Sie erhalten eine spezielle Pflegecreme f\u00fcr die Narben. Benutzen Sie dar\u00fcber hinaus das erste Jahr immer einen Sonnenschutz mit einem Mindestlichtschutzfaktor von 30, wenn Sie in die Sonne gehen.<\/span>[\/vc_column_text][\/vc_tab][vc_tab title=&#8220;Risiko und Komplikationen&#8220; tab_id=&#8220;1444055299658-5-5cb87-4fa5&#8243;][vc_column_text]<span lang=\"DE\">Sie sollten wissen, dass jeder chirurgischer Eingriff Risiken und Komplikationen mit sich bringen kann, z.B. Infektion, Wundheilungsst\u00f6rung, Blutungen oder Thrombose. Grunds\u00e4tzlich ist zu sagen, dass bei gesunden Menschen die Risiken und Chancen auf Komplikationen sehr gering sind. Durch gute Informationen, eine vollst\u00e4ndige Anamnese (einschlie\u00dflich Ihrer medizinischen Vorgeschichte, z. B. Drogenkonsum, keine Probleme mit vorangegangenen Operationen, Allergien) und unsere professionelle Vorgehensweise bringen wir diese Risiken auf ein absolutes Minimum. <\/span><\/p>\n<p><span lang=\"DE\">Sie k\u00f6nnen helfen, bestimmte Risiken zu reduzieren, indem Sie den Anweisungen folgen, die Sie vorab von unserem Plastischen Chirurgen erhalten haben.<\/span>[\/vc_column_text][\/vc_tab][vc_tab title=&#8220;Fragen&#8220; tab_id=&#8220;1444055347868-7-2cb87-4fa5&#8243;][vc_column_text]Sie k\u00f6nnen sich am besten telefonisch bei uns melden. Gerne vereinbaren wir mit Ihnen einen pers\u00f6nlichen Termin, um die M\u00f6glichkeiten zu besprechen. Sie k\u00f6nnen uns unter folgender Telefonnummer erreichen: (+49) 256 27261249.[\/vc_column_text][\/vc_tab][\/vc_tabs][\/vc_column][\/vc_row][vc_row][vc_column][vc_empty_space height=&#8220;40px&#8220;]<section class=\"logos-grid wf-container\" data-width=\"110px\" data-columns=\"5\"><div class=\"wf-cell\"><div><a class=\"layzr-bg\" href=\"https:\/\/www.narconova-klinik.com\/fachrichtungen\/plastisch-%C3%A4sthetische-chirurgie\/\" target=\"_blank\" title=\"\" ><img loading=\"lazy\" decoding=\"async\" class=\"fadeIn animate-element lazy-load\" src=\"data:image\/svg+xml;charset=utf-8,%3Csvg xmlns%3D&#039;http%3A%2F%2Fwww.w3.org%2F2000%2Fsvg&#039; viewBox%3D&#039;0 0 175 125&#039;%2F%3E\" width=\"175\" height=\"125\" alt=\"Narconova Klinik GmbH\" data-srcset=\"http:\/\/plastische-chirurgie-praxis.com\/wp-content\/uploads\/2017\/05\/narconova-praxis-tavus-bocholt.png 350w\" data-src=\"http:\/\/plastische-chirurgie-praxis.com\/wp-content\/uploads\/2017\/05\/narconova-praxis-tavus-bocholt.png\" \/><\/a><\/div><\/div><div class=\"wf-cell\"><div><a class=\"layzr-bg\" href=\"https:\/\/www.klinikrothenbaum.de\/deutsch\/aerzteteam\/aerzte-nach-fachgebieten\/\" target=\"_blank\" title=\"\" ><img loading=\"lazy\" decoding=\"async\" class=\"fadeIn animate-element lazy-load\" src=\"data:image\/svg+xml;charset=utf-8,%3Csvg xmlns%3D&#039;http%3A%2F%2Fwww.w3.org%2F2000%2Fsvg&#039; viewBox%3D&#039;0 0 175 125&#039;%2F%3E\" width=\"175\" height=\"125\" alt=\"Praxisklinik am Rothenbaum\" data-srcset=\"http:\/\/plastische-chirurgie-praxis.com\/wp-content\/uploads\/2017\/03\/klinikrothenbaum-praxis-tavus-hamburg.png 350w\" data-src=\"http:\/\/plastische-chirurgie-praxis.com\/wp-content\/uploads\/2017\/03\/klinikrothenbaum-praxis-tavus-hamburg.png\" \/><\/a><\/div><\/div><div class=\"wf-cell\"><div><a class=\"layzr-bg\" href=\"http:\/\/www.st-antonius-gronau.de\/index.php\/hospital\/ambulante-angebote\/gesundheitszentrum.html\" target=\"_blank\" title=\"\" ><img loading=\"lazy\" decoding=\"async\" class=\"fadeIn animate-element lazy-load\" src=\"data:image\/svg+xml;charset=utf-8,%3Csvg xmlns%3D&#039;http%3A%2F%2Fwww.w3.org%2F2000%2Fsvg&#039; viewBox%3D&#039;0 0 175 125&#039;%2F%3E\" width=\"175\" height=\"125\" alt=\"St. Antonius-Hospital\" data-srcset=\"http:\/\/plastische-chirurgie-praxis.com\/wp-content\/uploads\/2016\/04\/St.-Antonius-Hospital-Gronau.png 350w\" data-src=\"http:\/\/plastische-chirurgie-praxis.com\/wp-content\/uploads\/2016\/04\/St.-Antonius-Hospital-Gronau.png\" \/><\/a><\/div><\/div><div class=\"wf-cell\"><div><a class=\"layzr-bg\" href=\"http:\/\/www.dgpraec.de\/\" target=\"_blank\" title=\"\" ><img loading=\"lazy\" decoding=\"async\" class=\"fadeIn animate-element lazy-load\" src=\"data:image\/svg+xml;charset=utf-8,%3Csvg xmlns%3D&#039;http%3A%2F%2Fwww.w3.org%2F2000%2Fsvg&#039; viewBox%3D&#039;0 0 175 125&#039;%2F%3E\" width=\"175\" height=\"125\" alt=\"DGPRAC\" data-srcset=\"http:\/\/plastische-chirurgie-praxis.com\/wp-content\/uploads\/2015\/12\/DGPRAC-logo2.jpg 350w\" data-src=\"http:\/\/plastische-chirurgie-praxis.com\/wp-content\/uploads\/2015\/12\/DGPRAC-logo2.jpg\" \/><\/a><\/div><\/div><div class=\"wf-cell\"><div><\/div><\/div><\/section>[\/vc_column][\/vc_row]<\/p>\n<\/div>","protected":false},"excerpt":{"rendered":"<p>[vc_row animation=&#8220;fadeIn&#8220;][vc_column][vc_custom_heading text=&#8220;Brustverkleinerung&#8220; font_container=&#8220;tag:h1|text_align:left|color:%236996d1&#8243; use_theme_fonts=&#8220;yes&#8220;][\/vc_column][\/vc_row][vc_row animation=&#8220;fadeIn&#8220; margin_bottom=&#8220;20&#8243;][vc_column][vc_empty_space height=&#8220;40px&#8220;][vc_column_text] Warum eine Brustverkleinerung? Br\u00fcste entwickeln sich in der Pubert\u00e4t. Gr\u00f6\u00dfe und Form der Br\u00fcste h\u00e4ngen in erster Linie von der genetischen Pr\u00e4disposition ab. Dar\u00fcber hinaus beeinflussen z. B. Gewicht, Schwangerschaft und der Zustand der Haut und des Dr\u00fcsengewebes die Gr\u00f6\u00dfe, Form und Straffheit der Br\u00fcste. Durch den&hellip;<\/p>\n","protected":false},"author":2,"featured_media":0,"parent":0,"menu_order":0,"comment_status":"closed","ping_status":"closed","template":"","meta":{"_exactmetrics_skip_tracking":false,"_exactmetrics_sitenote_active":false,"_exactmetrics_sitenote_note":"","_exactmetrics_sitenote_category":0,"footnotes":""},"class_list":["post-1203","page","type-page","status-publish","hentry","description-off"],"yoast_head":"<!-- This site is optimized with the Yoast SEO plugin v27.2 - https:\/\/yoast.com\/product\/yoast-seo-wordpress\/ -->\n<title>Brustverkleinerung - Praxis Tavus - Gronau - Nordhorn - M\u00fcnster<\/title>\n<meta name=\"description\" content=\"Brustverkleinerung Bei Praxis Tavus? \u2713unverbindlichen Beratungstermin \u2713hervorragende Nachsorge \u2713Finanzierung ist moglich! Tel: +49 256 27261249\" \/>\n<meta name=\"robots\" content=\"index, follow, max-snippet:-1, max-image-preview:large, max-video-preview:-1\" \/>\n<link rel=\"canonical\" href=\"http:\/\/plastische-chirurgie-praxis.com\/de\/brustverkleinerung\/\" \/>\n<meta property=\"og:locale\" content=\"de_DE\" \/>\n<meta property=\"og:type\" content=\"article\" \/>\n<meta property=\"og:title\" content=\"Brustverkleinerung - Praxis Tavus - Gronau - Nordhorn - M\u00fcnster\" \/>\n<meta property=\"og:description\" content=\"Brustverkleinerung Bei Praxis Tavus? \u2713unverbindlichen Beratungstermin \u2713hervorragende Nachsorge \u2713Finanzierung ist moglich! Tel: +49 256 27261249\" \/>\n<meta property=\"og:url\" content=\"http:\/\/plastische-chirurgie-praxis.com\/de\/brustverkleinerung\/\" \/>\n<meta property=\"og:site_name\" content=\"Privatpraxis Tavus\" \/>\n<meta property=\"article:publisher\" content=\"https:\/\/www.facebook.com\/PraxisTavus\" \/>\n<meta property=\"article:modified_time\" content=\"2020-12-07T16:50:06+00:00\" \/>\n<meta property=\"og:image\" content=\"http:\/\/plastische-chirurgie-praxis.com\/wp-content\/uploads\/2015\/09\/Logo_normal.png\" \/>\n\t<meta property=\"og:image:width\" content=\"476\" \/>\n\t<meta property=\"og:image:height\" content=\"200\" \/>\n\t<meta property=\"og:image:type\" content=\"image\/png\" \/>\n<meta name=\"twitter:card\" content=\"summary_large_image\" \/>\n<meta name=\"twitter:site\" content=\"@PraxisTavus\" \/>\n<meta name=\"twitter:label1\" content=\"Gesch\u00e4tzte Lesezeit\" \/>\n\t<meta name=\"twitter:data1\" content=\"6\u00a0Minuten\" \/>\n<script type=\"application\/ld+json\" class=\"yoast-schema-graph\">{\"@context\":\"https:\/\/schema.org\",\"@graph\":[{\"@type\":\"WebPage\",\"@id\":\"http:\/\/plastische-chirurgie-praxis.com\/de\/brustverkleinerung\/\",\"url\":\"http:\/\/plastische-chirurgie-praxis.com\/de\/brustverkleinerung\/\",\"name\":\"Brustverkleinerung - Praxis Tavus - Gronau - Nordhorn - M\u00fcnster\",\"isPartOf\":{\"@id\":\"https:\/\/plastische-chirurgie-praxis.com\/#website\"},\"datePublished\":\"2015-10-04T15:01:31+00:00\",\"dateModified\":\"2020-12-07T16:50:06+00:00\",\"description\":\"Brustverkleinerung Bei Praxis Tavus? \u2713unverbindlichen Beratungstermin \u2713hervorragende Nachsorge \u2713Finanzierung ist moglich! Tel: +49 256 27261249\",\"breadcrumb\":{\"@id\":\"http:\/\/plastische-chirurgie-praxis.com\/de\/brustverkleinerung\/#breadcrumb\"},\"inLanguage\":\"de\",\"potentialAction\":[{\"@type\":\"ReadAction\",\"target\":[\"http:\/\/plastische-chirurgie-praxis.com\/de\/brustverkleinerung\/\"]}]},{\"@type\":\"BreadcrumbList\",\"@id\":\"http:\/\/plastische-chirurgie-praxis.com\/de\/brustverkleinerung\/#breadcrumb\",\"itemListElement\":[{\"@type\":\"ListItem\",\"position\":1,\"name\":\"Praxis Tavus\",\"item\":\"http:\/\/plastische-chirurgie-praxis.com\/de\/\"},{\"@type\":\"ListItem\",\"position\":2,\"name\":\"Brustverkleinerung\"}]},{\"@type\":\"WebSite\",\"@id\":\"https:\/\/plastische-chirurgie-praxis.com\/#website\",\"url\":\"https:\/\/plastische-chirurgie-praxis.com\/\",\"name\":\"Privatpraxis Tavus\",\"description\":\"Plastische &amp; Asthetische Chirurgie\",\"publisher\":{\"@id\":\"https:\/\/plastische-chirurgie-praxis.com\/#organization\"},\"potentialAction\":[{\"@type\":\"SearchAction\",\"target\":{\"@type\":\"EntryPoint\",\"urlTemplate\":\"https:\/\/plastische-chirurgie-praxis.com\/?s={search_term_string}\"},\"query-input\":{\"@type\":\"PropertyValueSpecification\",\"valueRequired\":true,\"valueName\":\"search_term_string\"}}],\"inLanguage\":\"de\"},{\"@type\":\"Organization\",\"@id\":\"https:\/\/plastische-chirurgie-praxis.com\/#organization\",\"name\":\"Praxis Tavus: Plastische & Asthetische Chirurgie\",\"url\":\"https:\/\/plastische-chirurgie-praxis.com\/\",\"logo\":{\"@type\":\"ImageObject\",\"inLanguage\":\"de\",\"@id\":\"https:\/\/plastische-chirurgie-praxis.com\/#\/schema\/logo\/image\/\",\"url\":\"http:\/\/plastische-chirurgie-praxis.com\/wp-content\/uploads\/2015\/09\/Logo_normal.png\",\"contentUrl\":\"http:\/\/plastische-chirurgie-praxis.com\/wp-content\/uploads\/2015\/09\/Logo_normal.png\",\"width\":476,\"height\":200,\"caption\":\"Praxis Tavus: Plastische & Asthetische Chirurgie\"},\"image\":{\"@id\":\"https:\/\/plastische-chirurgie-praxis.com\/#\/schema\/logo\/image\/\"},\"sameAs\":[\"https:\/\/www.facebook.com\/PraxisTavus\",\"https:\/\/x.com\/PraxisTavus\"]}]}<\/script>\n<!-- \/ Yoast SEO plugin. -->","yoast_head_json":{"title":"Brustverkleinerung - Praxis Tavus - Gronau - Nordhorn - M\u00fcnster","description":"Brustverkleinerung Bei Praxis Tavus? \u2713unverbindlichen Beratungstermin \u2713hervorragende Nachsorge \u2713Finanzierung ist moglich! Tel: +49 256 27261249","robots":{"index":"index","follow":"follow","max-snippet":"max-snippet:-1","max-image-preview":"max-image-preview:large","max-video-preview":"max-video-preview:-1"},"canonical":"http:\/\/plastische-chirurgie-praxis.com\/de\/brustverkleinerung\/","og_locale":"de_DE","og_type":"article","og_title":"Brustverkleinerung - Praxis Tavus - Gronau - Nordhorn - M\u00fcnster","og_description":"Brustverkleinerung Bei Praxis Tavus? \u2713unverbindlichen Beratungstermin \u2713hervorragende Nachsorge \u2713Finanzierung ist moglich! Tel: +49 256 27261249","og_url":"http:\/\/plastische-chirurgie-praxis.com\/de\/brustverkleinerung\/","og_site_name":"Privatpraxis Tavus","article_publisher":"https:\/\/www.facebook.com\/PraxisTavus","article_modified_time":"2020-12-07T16:50:06+00:00","og_image":[{"width":476,"height":200,"url":"http:\/\/plastische-chirurgie-praxis.com\/wp-content\/uploads\/2015\/09\/Logo_normal.png","type":"image\/png"}],"twitter_card":"summary_large_image","twitter_site":"@PraxisTavus","twitter_misc":{"Gesch\u00e4tzte Lesezeit":"6\u00a0Minuten"},"schema":{"@context":"https:\/\/schema.org","@graph":[{"@type":"WebPage","@id":"http:\/\/plastische-chirurgie-praxis.com\/de\/brustverkleinerung\/","url":"http:\/\/plastische-chirurgie-praxis.com\/de\/brustverkleinerung\/","name":"Brustverkleinerung - Praxis Tavus - Gronau - Nordhorn - M\u00fcnster","isPartOf":{"@id":"https:\/\/plastische-chirurgie-praxis.com\/#website"},"datePublished":"2015-10-04T15:01:31+00:00","dateModified":"2020-12-07T16:50:06+00:00","description":"Brustverkleinerung Bei Praxis Tavus? \u2713unverbindlichen Beratungstermin \u2713hervorragende Nachsorge \u2713Finanzierung ist moglich! Tel: +49 256 27261249","breadcrumb":{"@id":"http:\/\/plastische-chirurgie-praxis.com\/de\/brustverkleinerung\/#breadcrumb"},"inLanguage":"de","potentialAction":[{"@type":"ReadAction","target":["http:\/\/plastische-chirurgie-praxis.com\/de\/brustverkleinerung\/"]}]},{"@type":"BreadcrumbList","@id":"http:\/\/plastische-chirurgie-praxis.com\/de\/brustverkleinerung\/#breadcrumb","itemListElement":[{"@type":"ListItem","position":1,"name":"Praxis Tavus","item":"http:\/\/plastische-chirurgie-praxis.com\/de\/"},{"@type":"ListItem","position":2,"name":"Brustverkleinerung"}]},{"@type":"WebSite","@id":"https:\/\/plastische-chirurgie-praxis.com\/#website","url":"https:\/\/plastische-chirurgie-praxis.com\/","name":"Privatpraxis Tavus","description":"Plastische &amp; Asthetische Chirurgie","publisher":{"@id":"https:\/\/plastische-chirurgie-praxis.com\/#organization"},"potentialAction":[{"@type":"SearchAction","target":{"@type":"EntryPoint","urlTemplate":"https:\/\/plastische-chirurgie-praxis.com\/?s={search_term_string}"},"query-input":{"@type":"PropertyValueSpecification","valueRequired":true,"valueName":"search_term_string"}}],"inLanguage":"de"},{"@type":"Organization","@id":"https:\/\/plastische-chirurgie-praxis.com\/#organization","name":"Praxis Tavus: Plastische & Asthetische Chirurgie","url":"https:\/\/plastische-chirurgie-praxis.com\/","logo":{"@type":"ImageObject","inLanguage":"de","@id":"https:\/\/plastische-chirurgie-praxis.com\/#\/schema\/logo\/image\/","url":"http:\/\/plastische-chirurgie-praxis.com\/wp-content\/uploads\/2015\/09\/Logo_normal.png","contentUrl":"http:\/\/plastische-chirurgie-praxis.com\/wp-content\/uploads\/2015\/09\/Logo_normal.png","width":476,"height":200,"caption":"Praxis Tavus: Plastische & Asthetische Chirurgie"},"image":{"@id":"https:\/\/plastische-chirurgie-praxis.com\/#\/schema\/logo\/image\/"},"sameAs":["https:\/\/www.facebook.com\/PraxisTavus","https:\/\/x.com\/PraxisTavus"]}]}},"_links":{"self":[{"href":"http:\/\/plastische-chirurgie-praxis.com\/de\/wp-json\/wp\/v2\/pages\/1203","targetHints":{"allow":["GET"]}}],"collection":[{"href":"http:\/\/plastische-chirurgie-praxis.com\/de\/wp-json\/wp\/v2\/pages"}],"about":[{"href":"http:\/\/plastische-chirurgie-praxis.com\/de\/wp-json\/wp\/v2\/types\/page"}],"author":[{"embeddable":true,"href":"http:\/\/plastische-chirurgie-praxis.com\/de\/wp-json\/wp\/v2\/users\/2"}],"replies":[{"embeddable":true,"href":"http:\/\/plastische-chirurgie-praxis.com\/de\/wp-json\/wp\/v2\/comments?post=1203"}],"version-history":[{"count":12,"href":"http:\/\/plastische-chirurgie-praxis.com\/de\/wp-json\/wp\/v2\/pages\/1203\/revisions"}],"predecessor-version":[{"id":2219,"href":"http:\/\/plastische-chirurgie-praxis.com\/de\/wp-json\/wp\/v2\/pages\/1203\/revisions\/2219"}],"wp:attachment":[{"href":"http:\/\/plastische-chirurgie-praxis.com\/de\/wp-json\/wp\/v2\/media?parent=1203"}],"curies":[{"name":"wp","href":"https:\/\/api.w.org\/{rel}","templated":true}]}}