{"id":1215,"date":"2015-10-04T17:02:26","date_gmt":"2015-10-04T15:02:26","guid":{"rendered":"http:\/\/plastische-chirurgie-praxis.com\/gynaecomastie\/?lang=de"},"modified":"2020-12-07T17:50:46","modified_gmt":"2020-12-07T16:50:46","slug":"gynaekomastie","status":"publish","type":"page","link":"http:\/\/plastische-chirurgie-praxis.com\/de\/gynaekomastie\/","title":{"rendered":"Gyn\u00e4komastie"},"content":{"rendered":"<div class=\"wpb-content-wrapper\"><p>[vc_row animation=&#8220;fadeIn&#8220;][vc_column][vc_custom_heading text=&#8220;Gyn\u00e4komastie&#8220; font_container=&#8220;tag:h1|text_align:left|color:%236996d1&#8243; use_theme_fonts=&#8220;yes&#8220;]<div class=\"hr-thin style-line accent-border-color\" style=\"width: 100%;border-top-width: 5px;\"><\/div>[\/vc_column][\/vc_row][vc_row animation=&#8220;fadeIn&#8220; margin_bottom=&#8220;20&#8243;][vc_column][vc_empty_space height=&#8220;40px&#8220;][vc_column_text]<\/p>\n<h2><span style=\"color: #808080;\"><em>Warum eine Gyn\u00e4komastie Behandlung?<\/em><\/span><\/h2>\n<p>Wenn bei einem Mann Vergr\u00f6\u00dferungen der Brustdr\u00fcsen auftreten, nennt man das Gyn\u00e4komastie. Das Problem kann auf einer oder auf beiden Seiten auftreten und wird oft durch \u00fcberm\u00e4\u00dfiges Dr\u00fcsengewebe verursacht.<\/p>\n<p>Die Ursache ist m\u00f6glicherweise eine zu hohe \u00d6strogen-Produktion, kann aber in einigen F\u00e4llen auch von Fettgewebe oder einer Kombination von Fett und granularem Gewebe verursacht werden. Manchmal verschwindet die Entwicklung der Brust bei M\u00e4nnern, wenn nicht, erfordert es einen chirurgischen Eingriff, damit die Brust verschwindet.<\/p>\n<p>[\/vc_column_text][vc_empty_space height=&#8220;20px&#8220;][\/vc_column][\/vc_row][vc_row animation=&#8220;fadeIn&#8220;][vc_column][vc_tabs interval=&#8220;0&#8243; style=&#8220;tab-style-four&#8220;][vc_tab title=&#8220;Allgemeine Information&#8220; tab_id=&#8220;1446987957279-8-9&#8243;][vc_column_text]Die Entwicklung der Brust bei M\u00e4nnern kann aus verschiedenen Gr\u00fcnden stattfinden. Zum einen kann eine \u00c4nderung in der Hormonproduktion der Grund sein, die z. B. durch das Schlucken von Hormonen ausgel\u00f6st wird. Zum anderen kann eine Ansammlung von Fettgewebe stattgefunden haben. Weitere Gr\u00fcnde sind Nebenwirkungen von Medikamenten oder eine Antwort auf metabolische Ver\u00e4nderungen. In vielen F\u00e4llen ist es schwierig zu sagen, was genau die Ursache f\u00fcr Gyn\u00e4komastie ist.[\/vc_column_text][\/vc_tab][vc_tab title=&#8220;Behandlung&#8220; tab_id=&#8220;1444055223835-2-1445d-2e1a&#8220;][vc_column_text]<span lang=\"DE\">Bei einer Gyn\u00e4komastie-Behandlung macht der Plastische Chirurg einen Schnitt am unteren Rand Ihrer Brustwarze. Durch diesen kleinen Schnitt trennt der Plastische Chirurg den Dr\u00fcsenk\u00f6rper von der Haut und den Muskeln. Der Dr\u00fcsenk\u00f6rper kann dann leicht entfernt werden.<\/span><\/p>\n<p><span lang=\"DE\">Wenn die Brustbildung von Fettgewebe zustande gekommen ist, wird der Plastische Chirurg die Fettabsaugung-Methode anwenden. Danach wird die Wunde mit kleinen Stichen geschlossen. Die Haut wird dann mit Wundauflagen bedeckt. Im Anschluss erhalten Sie \u00fcber der behandelten Fl\u00e4che eine spezielle Druck-Kleidung oder einen Druck-Verband.<\/span><\/p>\n<p><span lang=\"DE\">Der Eingriff wird ca. 2 Stunden in Anspruch nehmen.<\/span>[\/vc_column_text][\/vc_tab][vc_tab title=&#8220;Nachsorge und Erholungsphase&#8220; tab_id=&#8220;1444055225179-3-3445d-2e1a&#8220;][vc_column_text]Die Dauer der Erholungsphase h\u00e4ngt davon ab, welcher Eingriff vorgenommen wird. Nach der Behandlung sollten Sie nat\u00fcrlich vorsichtig sein. Normale T\u00e4tigkeiten sollten kein Problem sein, vermeiden Sie aber f\u00fcr die folgenden sechs Wochen schwere k\u00f6rperliche Anstrengungen. Auch sportliche Aktivit\u00e4ten sollten Sie in dieser Zeit vermeiden.<\/p>\n<p><strong>Erholungsphase<br \/>\n<\/strong>In der Regel erfordert dieser Eingriff 7 bis 14 Tage Erholung. In den ersten Tagen bekommen Sie Schwellungen und Bluterg\u00fcsse an der Brust. Nach einer Woche nehmen die Schwellungen wieder ab.<\/p>\n<p><strong>Nachsorge<br \/>\n<\/strong>Unsere Mitarbeiter tun ihr M\u00f6glichstes, um Ihnen das bestm\u00f6gliche Ergebnis zu bieten. Darum bitten wir Sie, die Anweisungen, die Sie von uns erhalten, unbedingt zu befolgen, damit wir unvorhergesehene Komplikationen vermeiden k\u00f6nnen.<\/p>\n<p><strong>Kontrolle<\/strong><\/p>\n<ul>\n<li>Einen Tag nach dem Eingriff wird eine Mitarbeiterin Kontakt mit Ihnen aufnehmen, so k\u00f6nnen wir sicher sein, dass alles in Ordnung ist.<\/li>\n<li>Eine Woche nach dem Eingriff werden Sie zu Ihrem ersten Kontrollbesuch in der Praxis erwartet. W\u00e4hrend dieses Termins, wird die Wunde kontrolliert und alle F\u00e4den entfernt.<\/li>\n<li>Nach drei Monaten werden Sie zur Endkontrolle bei Ihrem Plastischen Chirurgen erwartet. Bei diesem Termin werden auch Fotos f\u00fcr Ihre medizinische Akte gemacht.<\/li>\n<\/ul>\n<p>[\/vc_column_text][\/vc_tab][vc_tab title=&#8220;Resultat&#8220; tab_id=&#8220;1444055235999-4-9445d-2e1a&#8220;][vc_column_text]<span lang=\"DE\">Mit einer Gyn\u00e4komastie kann man gute Ergebnisse erreichen.<\/span><\/p>\n<p><span lang=\"DE\">Die Haut ist nach dem Eingriff geschwollen. Nach einigen Wochen nimmt die Schwellung ab, erst dann ist das endg\u00fcltige Resultat sichtbar. Auch dann kann erst eine Beurteilung erfolgen, ob die Operation erfolgreich war. Das endg\u00fcltige Ergebnis ist erst ein Jahr nach der Behandlung sichtbar. Der K\u00f6rper ist dann vollst\u00e4ndig von der Operation geheilt.<\/span><\/p>\n<p><strong><span lang=\"DE\">Narben<\/span><\/strong><b><span lang=\"DE\"><br \/>\n<\/span><\/b><span lang=\"DE\">Der Plastische Chirurg tut alles, um die Narben kaum sichtbar zu machen. Die Narben werden zun\u00e4chst rot und geschwollen sein, aber dies wird nach mehreren Wochen besser. Es ist n\u00fctzlich zu wissen, dass eine Narbe ein bis anderthalb Jahre ben\u00f6tigt, um vollst\u00e4ndig zu heilen.<\/span>[\/vc_column_text][\/vc_tab][vc_tab title=&#8220;Risiken und Komplikationen&#8220; tab_id=&#8220;1444055299658-5-5445d-2e1a&#8220;][vc_column_text]Sie sollten wissen, dass jeder chirurgischer Eingriff Risiken und Komplikationen mit sich bringen kann, z.B. Infektion, gest\u00f6rte Wundheilung, Blutungen oder Thrombose. Auch k\u00f6nnen Patienten allergische Reaktionen durch Bet\u00e4ubungsmittel, Desinfektionsmittel oder Pflaster bekommen. Grunds\u00e4tzlich ist zu sagen, dass bei gesunden Menschen die Risiken und Chancen auf Komplikationen sehr gering sind. Durch gute Informationen, eine vollst\u00e4ndige Anamnese (einschlie\u00dflich Ihrer medizinischen Vorgeschichte, z. B. Drogenkonsum, keine Probleme mit vorangegangenen Operationen, Allergien) und unsere professionelle Vorgehensweise bringen wir diese Risiken auf ein absolutes Minimum.<\/p>\n<p>Sie k\u00f6nnen helfen, bestimmte Risiken zu reduzieren, indem Sie den Anweisungen folgen, die Sie vorab von unserem Plastischen Chirurgen erhalten haben.<\/p>\n<p><strong>Einige m\u00f6gliche Komplikationen einer Gyn\u00e4komastie k\u00f6nnen sein:<\/strong><\/p>\n<ul>\n<li>H\u00e4matom (eine Ansammlung von Blut unter der Haut, eine Entfernung ist notwendig)<\/li>\n<li>allergische Reaktionen auf die Narkose<\/li>\n<li>Infektionen<\/li>\n<li>Nachblutungen<\/li>\n<li>Gef\u00fchlsver\u00e4nderungen<\/li>\n<li>Narben<\/li>\n<li>Sch\u00e4den an den unterliegenden Muskeln<\/li>\n<li>unbefriedigendes \u00e4sthetisches Ergebnis<\/li>\n<\/ul>\n<p><strong>Rauchen<br \/>\n<\/strong>Patienten, die zum Zeitpunkt der Operation rauchen, Tabakwaren oder Nikotinprodukte (wie Nikotinpflaster oder Kaugummi) gebrauchen, haben ein h\u00f6heres Risiko f\u00fcr Komplikationen, z.B. Absterben der Haut (Hautneckrose) und Wundheilungsst\u00f6rung. Es ist wichtig, mindestens zwei Wochen vor der Operation und bis drei Wochen nach der Operation nicht zu rauchen.[\/vc_column_text][\/vc_tab][vc_tab title=&#8220;Fragen&#8220; tab_id=&#8220;1444055347868-7-2445d-2e1a&#8220;][vc_column_text]Sie k\u00f6nnen sich am besten telefonisch bei uns melden. Gerne vereinbaren wir mit Ihnen einen pers\u00f6nlichen Termin, um die M\u00f6glichkeiten zu besprechen. Sie k\u00f6nnen uns unter folgender Telefonnummer erreichen: (+49) 256 27261249.[\/vc_column_text][\/vc_tab][\/vc_tabs][\/vc_column][\/vc_row][vc_row][vc_column][vc_empty_space height=&#8220;40px&#8220;]<section class=\"logos-grid wf-container\" data-width=\"110px\" data-columns=\"5\"><div class=\"wf-cell\"><div><a class=\"layzr-bg\" href=\"https:\/\/www.narconova-klinik.com\/fachrichtungen\/plastisch-%C3%A4sthetische-chirurgie\/\" target=\"_blank\" title=\"\" ><img loading=\"lazy\" decoding=\"async\" class=\"fadeIn animate-element lazy-load\" src=\"data:image\/svg+xml;charset=utf-8,%3Csvg xmlns%3D&#039;http%3A%2F%2Fwww.w3.org%2F2000%2Fsvg&#039; viewBox%3D&#039;0 0 175 125&#039;%2F%3E\" width=\"175\" height=\"125\" alt=\"Narconova Klinik GmbH\" data-srcset=\"http:\/\/plastische-chirurgie-praxis.com\/wp-content\/uploads\/2017\/05\/narconova-praxis-tavus-bocholt.png 350w\" data-src=\"http:\/\/plastische-chirurgie-praxis.com\/wp-content\/uploads\/2017\/05\/narconova-praxis-tavus-bocholt.png\" \/><\/a><\/div><\/div><div class=\"wf-cell\"><div><a class=\"layzr-bg\" href=\"https:\/\/www.klinikrothenbaum.de\/deutsch\/aerzteteam\/aerzte-nach-fachgebieten\/\" target=\"_blank\" title=\"\" ><img loading=\"lazy\" decoding=\"async\" class=\"fadeIn animate-element lazy-load\" src=\"data:image\/svg+xml;charset=utf-8,%3Csvg xmlns%3D&#039;http%3A%2F%2Fwww.w3.org%2F2000%2Fsvg&#039; viewBox%3D&#039;0 0 175 125&#039;%2F%3E\" width=\"175\" height=\"125\" alt=\"Praxisklinik am Rothenbaum\" data-srcset=\"http:\/\/plastische-chirurgie-praxis.com\/wp-content\/uploads\/2017\/03\/klinikrothenbaum-praxis-tavus-hamburg.png 350w\" data-src=\"http:\/\/plastische-chirurgie-praxis.com\/wp-content\/uploads\/2017\/03\/klinikrothenbaum-praxis-tavus-hamburg.png\" \/><\/a><\/div><\/div><div class=\"wf-cell\"><div><a class=\"layzr-bg\" href=\"http:\/\/www.st-antonius-gronau.de\/index.php\/hospital\/ambulante-angebote\/gesundheitszentrum.html\" target=\"_blank\" title=\"\" ><img loading=\"lazy\" decoding=\"async\" class=\"fadeIn animate-element lazy-load\" src=\"data:image\/svg+xml;charset=utf-8,%3Csvg xmlns%3D&#039;http%3A%2F%2Fwww.w3.org%2F2000%2Fsvg&#039; viewBox%3D&#039;0 0 175 125&#039;%2F%3E\" width=\"175\" height=\"125\" alt=\"St. Antonius-Hospital\" data-srcset=\"http:\/\/plastische-chirurgie-praxis.com\/wp-content\/uploads\/2016\/04\/St.-Antonius-Hospital-Gronau.png 350w\" data-src=\"http:\/\/plastische-chirurgie-praxis.com\/wp-content\/uploads\/2016\/04\/St.-Antonius-Hospital-Gronau.png\" \/><\/a><\/div><\/div><div class=\"wf-cell\"><div><a class=\"layzr-bg\" href=\"http:\/\/www.dgpraec.de\/\" target=\"_blank\" title=\"\" ><img loading=\"lazy\" decoding=\"async\" class=\"fadeIn animate-element lazy-load\" src=\"data:image\/svg+xml;charset=utf-8,%3Csvg xmlns%3D&#039;http%3A%2F%2Fwww.w3.org%2F2000%2Fsvg&#039; viewBox%3D&#039;0 0 175 125&#039;%2F%3E\" width=\"175\" height=\"125\" alt=\"DGPRAC\" data-srcset=\"http:\/\/plastische-chirurgie-praxis.com\/wp-content\/uploads\/2015\/12\/DGPRAC-logo2.jpg 350w\" data-src=\"http:\/\/plastische-chirurgie-praxis.com\/wp-content\/uploads\/2015\/12\/DGPRAC-logo2.jpg\" \/><\/a><\/div><\/div><div class=\"wf-cell\"><div><\/div><\/div><\/section>[\/vc_column][\/vc_row]<\/p>\n<\/div>","protected":false},"excerpt":{"rendered":"<p>[vc_row animation=&#8220;fadeIn&#8220;][vc_column][vc_custom_heading text=&#8220;Gyn\u00e4komastie&#8220; font_container=&#8220;tag:h1|text_align:left|color:%236996d1&#8243; use_theme_fonts=&#8220;yes&#8220;][\/vc_column][\/vc_row][vc_row animation=&#8220;fadeIn&#8220; margin_bottom=&#8220;20&#8243;][vc_column][vc_empty_space height=&#8220;40px&#8220;][vc_column_text] Warum eine Gyn\u00e4komastie Behandlung? Wenn bei einem Mann Vergr\u00f6\u00dferungen der Brustdr\u00fcsen auftreten, nennt man das Gyn\u00e4komastie. Das Problem kann auf einer oder auf beiden Seiten auftreten und wird oft durch \u00fcberm\u00e4\u00dfiges Dr\u00fcsengewebe verursacht. Die Ursache ist m\u00f6glicherweise eine zu hohe \u00d6strogen-Produktion, kann aber in einigen F\u00e4llen auch&hellip;<\/p>\n","protected":false},"author":2,"featured_media":0,"parent":0,"menu_order":0,"comment_status":"closed","ping_status":"closed","template":"","meta":{"_exactmetrics_skip_tracking":false,"_exactmetrics_sitenote_active":false,"_exactmetrics_sitenote_note":"","_exactmetrics_sitenote_category":0,"footnotes":""},"class_list":["post-1215","page","type-page","status-publish","hentry","description-off"],"yoast_head":"<!-- This site is optimized with the Yoast SEO plugin v27.2 - https:\/\/yoast.com\/product\/yoast-seo-wordpress\/ -->\n<title>Gyn\u00e4komastie - Praxis Tavus - Gronau - Nordhorn - M\u00fcnster<\/title>\n<meta name=\"description\" content=\"Gyn\u00e4komastie Bei Praxis Tavus? \u2713unverbindlichen Beratungstermin \u2713hervorragende Nachsorge \u2713Finanzierung ist moglich! Tel: +49 256 27261249\" \/>\n<meta name=\"robots\" content=\"index, follow, max-snippet:-1, max-image-preview:large, max-video-preview:-1\" \/>\n<link rel=\"canonical\" href=\"https:\/\/plastische-chirurgie-praxis.com\/de\/gynaekomastie\/\" \/>\n<meta property=\"og:locale\" content=\"de_DE\" \/>\n<meta property=\"og:type\" content=\"article\" \/>\n<meta property=\"og:title\" content=\"Gyn\u00e4komastie - Praxis Tavus - Gronau - Nordhorn - M\u00fcnster\" \/>\n<meta property=\"og:description\" content=\"Gyn\u00e4komastie Bei Praxis Tavus? \u2713unverbindlichen Beratungstermin \u2713hervorragende Nachsorge \u2713Finanzierung ist moglich! Tel: +49 256 27261249\" \/>\n<meta property=\"og:url\" content=\"https:\/\/plastische-chirurgie-praxis.com\/de\/gynaekomastie\/\" \/>\n<meta property=\"og:site_name\" content=\"Privatpraxis Tavus\" \/>\n<meta property=\"article:publisher\" content=\"https:\/\/www.facebook.com\/PraxisTavus\" \/>\n<meta property=\"article:modified_time\" content=\"2020-12-07T16:50:46+00:00\" \/>\n<meta property=\"og:image\" content=\"http:\/\/plastische-chirurgie-praxis.com\/wp-content\/uploads\/2015\/09\/Logo_normal.png\" \/>\n\t<meta property=\"og:image:width\" content=\"476\" \/>\n\t<meta property=\"og:image:height\" content=\"200\" \/>\n\t<meta property=\"og:image:type\" content=\"image\/png\" \/>\n<meta name=\"twitter:card\" content=\"summary_large_image\" \/>\n<meta name=\"twitter:site\" content=\"@PraxisTavus\" \/>\n<meta name=\"twitter:label1\" content=\"Gesch\u00e4tzte Lesezeit\" \/>\n\t<meta name=\"twitter:data1\" content=\"5\u00a0Minuten\" \/>\n<script type=\"application\/ld+json\" class=\"yoast-schema-graph\">{\"@context\":\"https:\/\/schema.org\",\"@graph\":[{\"@type\":\"WebPage\",\"@id\":\"https:\/\/plastische-chirurgie-praxis.com\/de\/gynaekomastie\/\",\"url\":\"https:\/\/plastische-chirurgie-praxis.com\/de\/gynaekomastie\/\",\"name\":\"Gyn\u00e4komastie - Praxis Tavus - Gronau - Nordhorn - M\u00fcnster\",\"isPartOf\":{\"@id\":\"https:\/\/plastische-chirurgie-praxis.com\/#website\"},\"datePublished\":\"2015-10-04T15:02:26+00:00\",\"dateModified\":\"2020-12-07T16:50:46+00:00\",\"description\":\"Gyn\u00e4komastie Bei Praxis Tavus? \u2713unverbindlichen Beratungstermin \u2713hervorragende Nachsorge \u2713Finanzierung ist moglich! Tel: +49 256 27261249\",\"breadcrumb\":{\"@id\":\"https:\/\/plastische-chirurgie-praxis.com\/de\/gynaekomastie\/#breadcrumb\"},\"inLanguage\":\"de\",\"potentialAction\":[{\"@type\":\"ReadAction\",\"target\":[\"https:\/\/plastische-chirurgie-praxis.com\/de\/gynaekomastie\/\"]}]},{\"@type\":\"BreadcrumbList\",\"@id\":\"https:\/\/plastische-chirurgie-praxis.com\/de\/gynaekomastie\/#breadcrumb\",\"itemListElement\":[{\"@type\":\"ListItem\",\"position\":1,\"name\":\"Praxis Tavus\",\"item\":\"http:\/\/plastische-chirurgie-praxis.com\/de\/\"},{\"@type\":\"ListItem\",\"position\":2,\"name\":\"Gyn\u00e4komastie\"}]},{\"@type\":\"WebSite\",\"@id\":\"https:\/\/plastische-chirurgie-praxis.com\/#website\",\"url\":\"https:\/\/plastische-chirurgie-praxis.com\/\",\"name\":\"Privatpraxis Tavus\",\"description\":\"Plastische &amp; Asthetische Chirurgie\",\"publisher\":{\"@id\":\"https:\/\/plastische-chirurgie-praxis.com\/#organization\"},\"potentialAction\":[{\"@type\":\"SearchAction\",\"target\":{\"@type\":\"EntryPoint\",\"urlTemplate\":\"https:\/\/plastische-chirurgie-praxis.com\/?s={search_term_string}\"},\"query-input\":{\"@type\":\"PropertyValueSpecification\",\"valueRequired\":true,\"valueName\":\"search_term_string\"}}],\"inLanguage\":\"de\"},{\"@type\":\"Organization\",\"@id\":\"https:\/\/plastische-chirurgie-praxis.com\/#organization\",\"name\":\"Praxis Tavus: Plastische & Asthetische Chirurgie\",\"url\":\"https:\/\/plastische-chirurgie-praxis.com\/\",\"logo\":{\"@type\":\"ImageObject\",\"inLanguage\":\"de\",\"@id\":\"https:\/\/plastische-chirurgie-praxis.com\/#\/schema\/logo\/image\/\",\"url\":\"http:\/\/plastische-chirurgie-praxis.com\/wp-content\/uploads\/2015\/09\/Logo_normal.png\",\"contentUrl\":\"http:\/\/plastische-chirurgie-praxis.com\/wp-content\/uploads\/2015\/09\/Logo_normal.png\",\"width\":476,\"height\":200,\"caption\":\"Praxis Tavus: Plastische & Asthetische Chirurgie\"},\"image\":{\"@id\":\"https:\/\/plastische-chirurgie-praxis.com\/#\/schema\/logo\/image\/\"},\"sameAs\":[\"https:\/\/www.facebook.com\/PraxisTavus\",\"https:\/\/x.com\/PraxisTavus\"]}]}<\/script>\n<!-- \/ Yoast SEO plugin. -->","yoast_head_json":{"title":"Gyn\u00e4komastie - Praxis Tavus - Gronau - Nordhorn - M\u00fcnster","description":"Gyn\u00e4komastie Bei Praxis Tavus? \u2713unverbindlichen Beratungstermin \u2713hervorragende Nachsorge \u2713Finanzierung ist moglich! Tel: +49 256 27261249","robots":{"index":"index","follow":"follow","max-snippet":"max-snippet:-1","max-image-preview":"max-image-preview:large","max-video-preview":"max-video-preview:-1"},"canonical":"https:\/\/plastische-chirurgie-praxis.com\/de\/gynaekomastie\/","og_locale":"de_DE","og_type":"article","og_title":"Gyn\u00e4komastie - Praxis Tavus - Gronau - Nordhorn - M\u00fcnster","og_description":"Gyn\u00e4komastie Bei Praxis Tavus? \u2713unverbindlichen Beratungstermin \u2713hervorragende Nachsorge \u2713Finanzierung ist moglich! Tel: +49 256 27261249","og_url":"https:\/\/plastische-chirurgie-praxis.com\/de\/gynaekomastie\/","og_site_name":"Privatpraxis Tavus","article_publisher":"https:\/\/www.facebook.com\/PraxisTavus","article_modified_time":"2020-12-07T16:50:46+00:00","og_image":[{"width":476,"height":200,"url":"http:\/\/plastische-chirurgie-praxis.com\/wp-content\/uploads\/2015\/09\/Logo_normal.png","type":"image\/png"}],"twitter_card":"summary_large_image","twitter_site":"@PraxisTavus","twitter_misc":{"Gesch\u00e4tzte Lesezeit":"5\u00a0Minuten"},"schema":{"@context":"https:\/\/schema.org","@graph":[{"@type":"WebPage","@id":"https:\/\/plastische-chirurgie-praxis.com\/de\/gynaekomastie\/","url":"https:\/\/plastische-chirurgie-praxis.com\/de\/gynaekomastie\/","name":"Gyn\u00e4komastie - Praxis Tavus - Gronau - Nordhorn - M\u00fcnster","isPartOf":{"@id":"https:\/\/plastische-chirurgie-praxis.com\/#website"},"datePublished":"2015-10-04T15:02:26+00:00","dateModified":"2020-12-07T16:50:46+00:00","description":"Gyn\u00e4komastie Bei Praxis Tavus? \u2713unverbindlichen Beratungstermin \u2713hervorragende Nachsorge \u2713Finanzierung ist moglich! Tel: +49 256 27261249","breadcrumb":{"@id":"https:\/\/plastische-chirurgie-praxis.com\/de\/gynaekomastie\/#breadcrumb"},"inLanguage":"de","potentialAction":[{"@type":"ReadAction","target":["https:\/\/plastische-chirurgie-praxis.com\/de\/gynaekomastie\/"]}]},{"@type":"BreadcrumbList","@id":"https:\/\/plastische-chirurgie-praxis.com\/de\/gynaekomastie\/#breadcrumb","itemListElement":[{"@type":"ListItem","position":1,"name":"Praxis Tavus","item":"http:\/\/plastische-chirurgie-praxis.com\/de\/"},{"@type":"ListItem","position":2,"name":"Gyn\u00e4komastie"}]},{"@type":"WebSite","@id":"https:\/\/plastische-chirurgie-praxis.com\/#website","url":"https:\/\/plastische-chirurgie-praxis.com\/","name":"Privatpraxis Tavus","description":"Plastische &amp; Asthetische Chirurgie","publisher":{"@id":"https:\/\/plastische-chirurgie-praxis.com\/#organization"},"potentialAction":[{"@type":"SearchAction","target":{"@type":"EntryPoint","urlTemplate":"https:\/\/plastische-chirurgie-praxis.com\/?s={search_term_string}"},"query-input":{"@type":"PropertyValueSpecification","valueRequired":true,"valueName":"search_term_string"}}],"inLanguage":"de"},{"@type":"Organization","@id":"https:\/\/plastische-chirurgie-praxis.com\/#organization","name":"Praxis Tavus: Plastische & Asthetische Chirurgie","url":"https:\/\/plastische-chirurgie-praxis.com\/","logo":{"@type":"ImageObject","inLanguage":"de","@id":"https:\/\/plastische-chirurgie-praxis.com\/#\/schema\/logo\/image\/","url":"http:\/\/plastische-chirurgie-praxis.com\/wp-content\/uploads\/2015\/09\/Logo_normal.png","contentUrl":"http:\/\/plastische-chirurgie-praxis.com\/wp-content\/uploads\/2015\/09\/Logo_normal.png","width":476,"height":200,"caption":"Praxis Tavus: Plastische & Asthetische Chirurgie"},"image":{"@id":"https:\/\/plastische-chirurgie-praxis.com\/#\/schema\/logo\/image\/"},"sameAs":["https:\/\/www.facebook.com\/PraxisTavus","https:\/\/x.com\/PraxisTavus"]}]}},"_links":{"self":[{"href":"http:\/\/plastische-chirurgie-praxis.com\/de\/wp-json\/wp\/v2\/pages\/1215","targetHints":{"allow":["GET"]}}],"collection":[{"href":"http:\/\/plastische-chirurgie-praxis.com\/de\/wp-json\/wp\/v2\/pages"}],"about":[{"href":"http:\/\/plastische-chirurgie-praxis.com\/de\/wp-json\/wp\/v2\/types\/page"}],"author":[{"embeddable":true,"href":"http:\/\/plastische-chirurgie-praxis.com\/de\/wp-json\/wp\/v2\/users\/2"}],"replies":[{"embeddable":true,"href":"http:\/\/plastische-chirurgie-praxis.com\/de\/wp-json\/wp\/v2\/comments?post=1215"}],"version-history":[{"count":12,"href":"http:\/\/plastische-chirurgie-praxis.com\/de\/wp-json\/wp\/v2\/pages\/1215\/revisions"}],"predecessor-version":[{"id":2224,"href":"http:\/\/plastische-chirurgie-praxis.com\/de\/wp-json\/wp\/v2\/pages\/1215\/revisions\/2224"}],"wp:attachment":[{"href":"http:\/\/plastische-chirurgie-praxis.com\/de\/wp-json\/wp\/v2\/media?parent=1215"}],"curies":[{"name":"wp","href":"https:\/\/api.w.org\/{rel}","templated":true}]}}