{"id":1252,"date":"2015-10-06T10:18:38","date_gmt":"2015-10-06T08:18:38","guid":{"rendered":"http:\/\/plastische-chirurgie-praxis.com\/fillers\/?lang=de"},"modified":"2020-12-07T17:50:18","modified_gmt":"2020-12-07T16:50:18","slug":"faltenbehandlung-mit-filler","status":"publish","type":"page","link":"http:\/\/plastische-chirurgie-praxis.com\/de\/faltenbehandlung-mit-filler\/","title":{"rendered":"Faltenbehandlung mit filler"},"content":{"rendered":"<div class=\"wpb-content-wrapper\"><p>[vc_row animation=&#8220;fadeIn&#8220;][vc_column][vc_custom_heading text=&#8220;Faltenbehandlung mit Filler&#8220; font_container=&#8220;tag:h1|text_align:left|color:%236996d1&#8243; use_theme_fonts=&#8220;yes&#8220;]<div class=\"hr-thin style-line accent-border-color\" style=\"width: 100%;border-top-width: 5px;\"><\/div>[\/vc_column][\/vc_row][vc_row animation=&#8220;fadeIn&#8220; margin_bottom=&#8220;20&#8243;][vc_column][vc_empty_space height=&#8220;40px&#8220;][vc_column_text]<\/p>\n<h2><span style=\"color: #808080;\"><em>Warum eine Faltenbehandlung mit Filler?<\/em><\/span><\/h2>\n<p>Um das Gesicht ein volleres und jugendlicheres Aussehen geben zu k\u00f6nnen, wird ein Hyalurons\u00e4urepr\u00e4parate verwendet. Hyalurons\u00e4ure ist eine nat\u00fcrliche Substanz der Haut.<\/p>\n<p>Dar\u00fcber hinaus werden auch f\u00fcr anderen K\u00f6rperteile Hyalurons\u00e4urepr\u00e4parate verwendet. Ein beliebter K\u00f6rperteil ist das Modellieren der Lippen. Volle Lippen werden als attraktiv empfunden. Viele Frauen bekommen im Alter d\u00fcnnere Lippen. Durch eine Aufspritzung kann man volle Lippen bekommen, es wird also die alte Situation wiederhergestellt. Auch f\u00fcr Frauen mit nat\u00fcrlich d\u00fcnnen Lippen kann durch eine Auff\u00fcllung Ihrer Lippen eine Verbesserung erreicht werden.<\/p>\n<p>[\/vc_column_text][vc_empty_space height=&#8220;20px&#8220;][\/vc_column][\/vc_row][vc_row animation=&#8220;fadeIn&#8220;][vc_column][vc_tabs interval=&#8220;0&#8243; style=&#8220;tab-style-four&#8220;][vc_tab title=&#8220;Allgemeine Information&#8220; tab_id=&#8220;6eb3ad0b-8d82-1737b-1ad0&#8243;][vc_column_text]Hyalurons\u00e4urepr\u00e4parate sind Materialien zur Unterspritzung von Falten, zum Modellieren der Lippen oder auch zum Aufbau von Gesichtskonturen<em>.<\/em> Hyalurons\u00e4urepr\u00e4parate bringen das Volumen wieder zur\u00fcck und bestehen aus dem Molek\u00fcl Hyalurons\u00e4ure. Dieses Molek\u00fcl ist biologisch abbaubar, da Hyalurons\u00e4ure ein hauteigener Bestandteil ist. Die Substanz verl\u00e4sst Ihren K\u00f6rper nach der Behandlung nach einigen Monaten selbst\u00e4ndig.<\/p>\n<p><strong>Anwendungsgebiet<\/strong><\/p>\n<p>Lippen, Nasolabialfalte, herabh\u00e4ngenden Mundwinkel, Wangenvolumen, Verringerung von Falten und Konturen.<\/p>\n<p><strong>Kontaindikation:<\/strong><\/p>\n<p>Die Unterspritzung ist nicht erlaubt bei<\/p>\n<ul>\n<li>Schwangerschaft<\/li>\n<li>Allergie<\/li>\n<li>Autoimmunerkrankung<\/li>\n<li>Lippenherpes<\/li>\n<li>Einnahme von blutverd\u00fcnnenden Medikamenten<\/li>\n<\/ul>\n<p>[\/vc_column_text][\/vc_tab][vc_tab title=&#8220;Behandlung&#8220; tab_id=&#8220;1444055223835-2-1737b-1ad0&#8243;][vc_column_text]<span lang=\"DE\">Das Gel wird durch eine d\u00fcnne, hohle Nadel injiziert. Der Arzt wird die Umgebung gut mit einem Eisbeutel abk\u00fchlen, um Schwellungen zu verhindern.<\/span><\/p>\n<p><span lang=\"DE\">Insgesamt dauert die Behandlung 5 bis 10 Minuten.<\/span>[\/vc_column_text][\/vc_tab][vc_tab title=&#8220;Resultat&#8220; tab_id=&#8220;1444055235999-4-9737b-1ad0&#8243;][vc_column_text]Das Ergebnis ist sofort nach einer Behandlung sichtbar und wird nach ca. 2 Wochen noch sch\u00f6ner und h\u00e4lt 10 bis 12 Monaten an. Der K\u00f6rper scheidet das Gel langsam aus und es wird schlie\u00dflich vollst\u00e4ndig aus dem K\u00f6rper verschwinden.[\/vc_column_text][\/vc_tab][vc_tab title=&#8220;Risiko und Komplikationen&#8220; tab_id=&#8220;1444055299658-5-5737b-1ad0&#8243;][vc_column_text]<span lang=\"DE\">Es sind keine Komplikationen zu erwarten.<\/span><\/p>\n<p><span lang=\"DE\">Viele Menschen haben kurz nach der Injektion eine leichte Schwellung, ein Brennen der Haut und Juckreiz k\u00f6nnen vorkommen. In der Regel gehen diese Symptome am selben Tag zur\u00fcck, kann sich aber bis zu mehreren Tagen hinziehen. In einigen F\u00e4llen gibt es einen blauen Fleck. Eine Behandlung mit Hyalurons\u00e4ure ist sehr sicher, nur 0,1 % der behandelten Menschen reagieren allergisch auf dieses Produkt.<\/span>[\/vc_column_text][\/vc_tab][vc_tab title=&#8220;Fragen&#8220; tab_id=&#8220;1444055347868-7-2737b-1ad0&#8243;][vc_column_text]Sie k\u00f6nnen sich am besten bei uns telefonisch melden, gerne vereinbaren wir mit Ihnen einen pers\u00f6nlichen Termin, um die M\u00f6glichkeiten zu besprechen. Sie k\u00f6nnen uns unter folgender Telefonnummer erreichen: (+49) 256 27261249.[\/vc_column_text][\/vc_tab][\/vc_tabs][\/vc_column][\/vc_row][vc_row][vc_column][vc_empty_space height=&#8220;40px&#8220;]<section class=\"logos-grid wf-container\" data-width=\"110px\" data-columns=\"5\"><div class=\"wf-cell\"><div><a class=\"layzr-bg\" href=\"https:\/\/www.narconova-klinik.com\/fachrichtungen\/plastisch-%C3%A4sthetische-chirurgie\/\" target=\"_blank\" title=\"\" ><img loading=\"lazy\" decoding=\"async\" class=\"fadeIn animate-element lazy-load\" src=\"data:image\/svg+xml;charset=utf-8,%3Csvg xmlns%3D&#039;http%3A%2F%2Fwww.w3.org%2F2000%2Fsvg&#039; viewBox%3D&#039;0 0 175 125&#039;%2F%3E\" width=\"175\" height=\"125\" alt=\"Narconova Klinik GmbH\" data-srcset=\"http:\/\/plastische-chirurgie-praxis.com\/wp-content\/uploads\/2017\/05\/narconova-praxis-tavus-bocholt.png 350w\" data-src=\"http:\/\/plastische-chirurgie-praxis.com\/wp-content\/uploads\/2017\/05\/narconova-praxis-tavus-bocholt.png\" \/><\/a><\/div><\/div><div class=\"wf-cell\"><div><a class=\"layzr-bg\" href=\"https:\/\/www.klinikrothenbaum.de\/deutsch\/aerzteteam\/aerzte-nach-fachgebieten\/\" target=\"_blank\" title=\"\" ><img loading=\"lazy\" decoding=\"async\" class=\"fadeIn animate-element lazy-load\" src=\"data:image\/svg+xml;charset=utf-8,%3Csvg xmlns%3D&#039;http%3A%2F%2Fwww.w3.org%2F2000%2Fsvg&#039; viewBox%3D&#039;0 0 175 125&#039;%2F%3E\" width=\"175\" height=\"125\" alt=\"Praxisklinik am Rothenbaum\" data-srcset=\"http:\/\/plastische-chirurgie-praxis.com\/wp-content\/uploads\/2017\/03\/klinikrothenbaum-praxis-tavus-hamburg.png 350w\" data-src=\"http:\/\/plastische-chirurgie-praxis.com\/wp-content\/uploads\/2017\/03\/klinikrothenbaum-praxis-tavus-hamburg.png\" \/><\/a><\/div><\/div><div class=\"wf-cell\"><div><a class=\"layzr-bg\" href=\"http:\/\/www.st-antonius-gronau.de\/index.php\/hospital\/ambulante-angebote\/gesundheitszentrum.html\" target=\"_blank\" title=\"\" ><img loading=\"lazy\" decoding=\"async\" class=\"fadeIn animate-element lazy-load\" src=\"data:image\/svg+xml;charset=utf-8,%3Csvg xmlns%3D&#039;http%3A%2F%2Fwww.w3.org%2F2000%2Fsvg&#039; viewBox%3D&#039;0 0 175 125&#039;%2F%3E\" width=\"175\" height=\"125\" alt=\"St. Antonius-Hospital\" data-srcset=\"http:\/\/plastische-chirurgie-praxis.com\/wp-content\/uploads\/2016\/04\/St.-Antonius-Hospital-Gronau.png 350w\" data-src=\"http:\/\/plastische-chirurgie-praxis.com\/wp-content\/uploads\/2016\/04\/St.-Antonius-Hospital-Gronau.png\" \/><\/a><\/div><\/div><div class=\"wf-cell\"><div><a class=\"layzr-bg\" href=\"http:\/\/www.dgpraec.de\/\" target=\"_blank\" title=\"\" ><img loading=\"lazy\" decoding=\"async\" class=\"fadeIn animate-element lazy-load\" src=\"data:image\/svg+xml;charset=utf-8,%3Csvg xmlns%3D&#039;http%3A%2F%2Fwww.w3.org%2F2000%2Fsvg&#039; viewBox%3D&#039;0 0 175 125&#039;%2F%3E\" width=\"175\" height=\"125\" alt=\"DGPRAC\" data-srcset=\"http:\/\/plastische-chirurgie-praxis.com\/wp-content\/uploads\/2015\/12\/DGPRAC-logo2.jpg 350w\" data-src=\"http:\/\/plastische-chirurgie-praxis.com\/wp-content\/uploads\/2015\/12\/DGPRAC-logo2.jpg\" \/><\/a><\/div><\/div><div class=\"wf-cell\"><div><\/div><\/div><\/section>[\/vc_column][\/vc_row]<\/p>\n<\/div>","protected":false},"excerpt":{"rendered":"<p>[vc_row animation=&#8220;fadeIn&#8220;][vc_column][vc_custom_heading text=&#8220;Faltenbehandlung mit Filler&#8220; font_container=&#8220;tag:h1|text_align:left|color:%236996d1&#8243; use_theme_fonts=&#8220;yes&#8220;][\/vc_column][\/vc_row][vc_row animation=&#8220;fadeIn&#8220; margin_bottom=&#8220;20&#8243;][vc_column][vc_empty_space height=&#8220;40px&#8220;][vc_column_text] Warum eine Faltenbehandlung mit Filler? Um das Gesicht ein volleres und jugendlicheres Aussehen geben zu k\u00f6nnen, wird ein Hyalurons\u00e4urepr\u00e4parate verwendet. Hyalurons\u00e4ure ist eine nat\u00fcrliche Substanz der Haut. Dar\u00fcber hinaus werden auch f\u00fcr anderen K\u00f6rperteile Hyalurons\u00e4urepr\u00e4parate verwendet. Ein beliebter K\u00f6rperteil ist das Modellieren der Lippen. Volle&hellip;<\/p>\n","protected":false},"author":2,"featured_media":0,"parent":0,"menu_order":0,"comment_status":"closed","ping_status":"closed","template":"","meta":{"_exactmetrics_skip_tracking":false,"_exactmetrics_sitenote_active":false,"_exactmetrics_sitenote_note":"","_exactmetrics_sitenote_category":0,"footnotes":""},"class_list":["post-1252","page","type-page","status-publish","hentry","description-off"],"yoast_head":"<!-- This site is optimized with the Yoast SEO plugin v27.2 - https:\/\/yoast.com\/product\/yoast-seo-wordpress\/ -->\n<title>Faltenbehandlung mit Filler - Praxis Tavus - Gronau - M\u00fcnster<\/title>\n<meta name=\"description\" content=\"Faltenbehandlung mit Filler und Botox Bei Praxis Tavus? \u2713unverbindlichen Beratungstermin \u2713hervorragende Nachsorge. Tel: +49 256 27261249\" \/>\n<meta name=\"robots\" content=\"index, follow, max-snippet:-1, max-image-preview:large, max-video-preview:-1\" \/>\n<link rel=\"canonical\" href=\"http:\/\/plastische-chirurgie-praxis.com\/de\/faltenbehandlung-mit-filler\/\" \/>\n<meta property=\"og:locale\" content=\"de_DE\" \/>\n<meta property=\"og:type\" content=\"article\" \/>\n<meta property=\"og:title\" content=\"Faltenbehandlung mit Filler - Praxis Tavus - Gronau - M\u00fcnster\" \/>\n<meta property=\"og:description\" content=\"Faltenbehandlung mit Filler und Botox Bei Praxis Tavus? \u2713unverbindlichen Beratungstermin \u2713hervorragende Nachsorge. Tel: +49 256 27261249\" \/>\n<meta property=\"og:url\" content=\"http:\/\/plastische-chirurgie-praxis.com\/de\/faltenbehandlung-mit-filler\/\" \/>\n<meta property=\"og:site_name\" content=\"Privatpraxis Tavus\" \/>\n<meta property=\"article:publisher\" content=\"https:\/\/www.facebook.com\/PraxisTavus\" \/>\n<meta property=\"article:modified_time\" content=\"2020-12-07T16:50:18+00:00\" \/>\n<meta property=\"og:image\" content=\"http:\/\/plastische-chirurgie-praxis.com\/wp-content\/uploads\/2015\/09\/Logo_normal.png\" \/>\n\t<meta property=\"og:image:width\" content=\"476\" \/>\n\t<meta property=\"og:image:height\" content=\"200\" \/>\n\t<meta property=\"og:image:type\" content=\"image\/png\" \/>\n<meta name=\"twitter:card\" content=\"summary_large_image\" \/>\n<meta name=\"twitter:site\" content=\"@PraxisTavus\" \/>\n<meta name=\"twitter:label1\" content=\"Gesch\u00e4tzte Lesezeit\" \/>\n\t<meta name=\"twitter:data1\" content=\"3\u00a0Minuten\" \/>\n<script type=\"application\/ld+json\" class=\"yoast-schema-graph\">{\"@context\":\"https:\/\/schema.org\",\"@graph\":[{\"@type\":\"WebPage\",\"@id\":\"http:\/\/plastische-chirurgie-praxis.com\/de\/faltenbehandlung-mit-filler\/\",\"url\":\"http:\/\/plastische-chirurgie-praxis.com\/de\/faltenbehandlung-mit-filler\/\",\"name\":\"Faltenbehandlung mit Filler - Praxis Tavus - Gronau - M\u00fcnster\",\"isPartOf\":{\"@id\":\"https:\/\/plastische-chirurgie-praxis.com\/#website\"},\"datePublished\":\"2015-10-06T08:18:38+00:00\",\"dateModified\":\"2020-12-07T16:50:18+00:00\",\"description\":\"Faltenbehandlung mit Filler und Botox Bei Praxis Tavus? \u2713unverbindlichen Beratungstermin \u2713hervorragende Nachsorge. Tel: +49 256 27261249\",\"breadcrumb\":{\"@id\":\"http:\/\/plastische-chirurgie-praxis.com\/de\/faltenbehandlung-mit-filler\/#breadcrumb\"},\"inLanguage\":\"de\",\"potentialAction\":[{\"@type\":\"ReadAction\",\"target\":[\"http:\/\/plastische-chirurgie-praxis.com\/de\/faltenbehandlung-mit-filler\/\"]}]},{\"@type\":\"BreadcrumbList\",\"@id\":\"http:\/\/plastische-chirurgie-praxis.com\/de\/faltenbehandlung-mit-filler\/#breadcrumb\",\"itemListElement\":[{\"@type\":\"ListItem\",\"position\":1,\"name\":\"Praxis Tavus\",\"item\":\"http:\/\/plastische-chirurgie-praxis.com\/de\/\"},{\"@type\":\"ListItem\",\"position\":2,\"name\":\"Faltenbehandlung mit filler\"}]},{\"@type\":\"WebSite\",\"@id\":\"https:\/\/plastische-chirurgie-praxis.com\/#website\",\"url\":\"https:\/\/plastische-chirurgie-praxis.com\/\",\"name\":\"Privatpraxis Tavus\",\"description\":\"Plastische &amp; Asthetische Chirurgie\",\"publisher\":{\"@id\":\"https:\/\/plastische-chirurgie-praxis.com\/#organization\"},\"potentialAction\":[{\"@type\":\"SearchAction\",\"target\":{\"@type\":\"EntryPoint\",\"urlTemplate\":\"https:\/\/plastische-chirurgie-praxis.com\/?s={search_term_string}\"},\"query-input\":{\"@type\":\"PropertyValueSpecification\",\"valueRequired\":true,\"valueName\":\"search_term_string\"}}],\"inLanguage\":\"de\"},{\"@type\":\"Organization\",\"@id\":\"https:\/\/plastische-chirurgie-praxis.com\/#organization\",\"name\":\"Praxis Tavus: Plastische & Asthetische Chirurgie\",\"url\":\"https:\/\/plastische-chirurgie-praxis.com\/\",\"logo\":{\"@type\":\"ImageObject\",\"inLanguage\":\"de\",\"@id\":\"https:\/\/plastische-chirurgie-praxis.com\/#\/schema\/logo\/image\/\",\"url\":\"http:\/\/plastische-chirurgie-praxis.com\/wp-content\/uploads\/2015\/09\/Logo_normal.png\",\"contentUrl\":\"http:\/\/plastische-chirurgie-praxis.com\/wp-content\/uploads\/2015\/09\/Logo_normal.png\",\"width\":476,\"height\":200,\"caption\":\"Praxis Tavus: Plastische & Asthetische Chirurgie\"},\"image\":{\"@id\":\"https:\/\/plastische-chirurgie-praxis.com\/#\/schema\/logo\/image\/\"},\"sameAs\":[\"https:\/\/www.facebook.com\/PraxisTavus\",\"https:\/\/x.com\/PraxisTavus\"]}]}<\/script>\n<!-- \/ Yoast SEO plugin. -->","yoast_head_json":{"title":"Faltenbehandlung mit Filler - Praxis Tavus - Gronau - M\u00fcnster","description":"Faltenbehandlung mit Filler und Botox Bei Praxis Tavus? \u2713unverbindlichen Beratungstermin \u2713hervorragende Nachsorge. Tel: +49 256 27261249","robots":{"index":"index","follow":"follow","max-snippet":"max-snippet:-1","max-image-preview":"max-image-preview:large","max-video-preview":"max-video-preview:-1"},"canonical":"http:\/\/plastische-chirurgie-praxis.com\/de\/faltenbehandlung-mit-filler\/","og_locale":"de_DE","og_type":"article","og_title":"Faltenbehandlung mit Filler - Praxis Tavus - Gronau - M\u00fcnster","og_description":"Faltenbehandlung mit Filler und Botox Bei Praxis Tavus? \u2713unverbindlichen Beratungstermin \u2713hervorragende Nachsorge. Tel: +49 256 27261249","og_url":"http:\/\/plastische-chirurgie-praxis.com\/de\/faltenbehandlung-mit-filler\/","og_site_name":"Privatpraxis Tavus","article_publisher":"https:\/\/www.facebook.com\/PraxisTavus","article_modified_time":"2020-12-07T16:50:18+00:00","og_image":[{"width":476,"height":200,"url":"http:\/\/plastische-chirurgie-praxis.com\/wp-content\/uploads\/2015\/09\/Logo_normal.png","type":"image\/png"}],"twitter_card":"summary_large_image","twitter_site":"@PraxisTavus","twitter_misc":{"Gesch\u00e4tzte Lesezeit":"3\u00a0Minuten"},"schema":{"@context":"https:\/\/schema.org","@graph":[{"@type":"WebPage","@id":"http:\/\/plastische-chirurgie-praxis.com\/de\/faltenbehandlung-mit-filler\/","url":"http:\/\/plastische-chirurgie-praxis.com\/de\/faltenbehandlung-mit-filler\/","name":"Faltenbehandlung mit Filler - Praxis Tavus - Gronau - M\u00fcnster","isPartOf":{"@id":"https:\/\/plastische-chirurgie-praxis.com\/#website"},"datePublished":"2015-10-06T08:18:38+00:00","dateModified":"2020-12-07T16:50:18+00:00","description":"Faltenbehandlung mit Filler und Botox Bei Praxis Tavus? \u2713unverbindlichen Beratungstermin \u2713hervorragende Nachsorge. Tel: +49 256 27261249","breadcrumb":{"@id":"http:\/\/plastische-chirurgie-praxis.com\/de\/faltenbehandlung-mit-filler\/#breadcrumb"},"inLanguage":"de","potentialAction":[{"@type":"ReadAction","target":["http:\/\/plastische-chirurgie-praxis.com\/de\/faltenbehandlung-mit-filler\/"]}]},{"@type":"BreadcrumbList","@id":"http:\/\/plastische-chirurgie-praxis.com\/de\/faltenbehandlung-mit-filler\/#breadcrumb","itemListElement":[{"@type":"ListItem","position":1,"name":"Praxis Tavus","item":"http:\/\/plastische-chirurgie-praxis.com\/de\/"},{"@type":"ListItem","position":2,"name":"Faltenbehandlung mit filler"}]},{"@type":"WebSite","@id":"https:\/\/plastische-chirurgie-praxis.com\/#website","url":"https:\/\/plastische-chirurgie-praxis.com\/","name":"Privatpraxis Tavus","description":"Plastische &amp; Asthetische Chirurgie","publisher":{"@id":"https:\/\/plastische-chirurgie-praxis.com\/#organization"},"potentialAction":[{"@type":"SearchAction","target":{"@type":"EntryPoint","urlTemplate":"https:\/\/plastische-chirurgie-praxis.com\/?s={search_term_string}"},"query-input":{"@type":"PropertyValueSpecification","valueRequired":true,"valueName":"search_term_string"}}],"inLanguage":"de"},{"@type":"Organization","@id":"https:\/\/plastische-chirurgie-praxis.com\/#organization","name":"Praxis Tavus: Plastische & Asthetische Chirurgie","url":"https:\/\/plastische-chirurgie-praxis.com\/","logo":{"@type":"ImageObject","inLanguage":"de","@id":"https:\/\/plastische-chirurgie-praxis.com\/#\/schema\/logo\/image\/","url":"http:\/\/plastische-chirurgie-praxis.com\/wp-content\/uploads\/2015\/09\/Logo_normal.png","contentUrl":"http:\/\/plastische-chirurgie-praxis.com\/wp-content\/uploads\/2015\/09\/Logo_normal.png","width":476,"height":200,"caption":"Praxis Tavus: Plastische & Asthetische Chirurgie"},"image":{"@id":"https:\/\/plastische-chirurgie-praxis.com\/#\/schema\/logo\/image\/"},"sameAs":["https:\/\/www.facebook.com\/PraxisTavus","https:\/\/x.com\/PraxisTavus"]}]}},"_links":{"self":[{"href":"http:\/\/plastische-chirurgie-praxis.com\/de\/wp-json\/wp\/v2\/pages\/1252","targetHints":{"allow":["GET"]}}],"collection":[{"href":"http:\/\/plastische-chirurgie-praxis.com\/de\/wp-json\/wp\/v2\/pages"}],"about":[{"href":"http:\/\/plastische-chirurgie-praxis.com\/de\/wp-json\/wp\/v2\/types\/page"}],"author":[{"embeddable":true,"href":"http:\/\/plastische-chirurgie-praxis.com\/de\/wp-json\/wp\/v2\/users\/2"}],"replies":[{"embeddable":true,"href":"http:\/\/plastische-chirurgie-praxis.com\/de\/wp-json\/wp\/v2\/comments?post=1252"}],"version-history":[{"count":12,"href":"http:\/\/plastische-chirurgie-praxis.com\/de\/wp-json\/wp\/v2\/pages\/1252\/revisions"}],"predecessor-version":[{"id":2221,"href":"http:\/\/plastische-chirurgie-praxis.com\/de\/wp-json\/wp\/v2\/pages\/1252\/revisions\/2221"}],"wp:attachment":[{"href":"http:\/\/plastische-chirurgie-praxis.com\/de\/wp-json\/wp\/v2\/media?parent=1252"}],"curies":[{"name":"wp","href":"https:\/\/api.w.org\/{rel}","templated":true}]}}