{"id":552,"date":"2015-10-11T22:47:01","date_gmt":"2015-10-11T20:47:01","guid":{"rendered":"http:\/\/plastische-chirurgie-praxis.com\/?page_id=552"},"modified":"2018-05-30T15:35:53","modified_gmt":"2018-05-30T13:35:53","slug":"impressum","status":"publish","type":"page","link":"http:\/\/plastische-chirurgie-praxis.com\/de\/impressum\/","title":{"rendered":"Impressum"},"content":{"rendered":"<div class=\"wpb-content-wrapper\"><p>[vc_row margin_top=&#8220;30&#8243; margin_bottom=&#8220;30&#8243;][vc_column][vc_column_text]<strong>Impressum \u00a0\u00a0\u00a0\u00a0\u00a0\u00a0\u00a0\u00a0\u00a0\u00a0\u00a0\u00a0\u00a0\u00a0\u00a0\u00a0\u00a0\u00a0\u00a0\u00a0\u00a0\u00a0\u00a0\u00a0\u00a0\u00a0\u00a0\u00a0\u00a0\u00a0\u00a0\u00a0\u00a0\u00a0\u00a0\u00a0<\/strong><\/p>\n<p><em>Pflichtangaben gem. \u00a7 5 Telemediengesetz (TMG)<\/em><\/p>\n<p><strong>Privatpraxis Tavus<br \/>\nHerr Drs. (NL) Ali Dabeshlim<br \/>\nPfarrer-Reukes-Stra\u00dfe. 12<br \/>\n48599 Gronau (Westfalen)<br \/>\nTel: 0049-25627261249<br \/>\nEmail: tavus@plastische-chirurgie-praxis.com<\/strong><\/p>\n<p>Inhaltlich Verantwortlicher gem\u00e4\u00df \u00a7 10 Absatz 3 MDStV:<br \/>\nHerr Drs. (NL) Ali Dabeshlim (Anschrift wie oben)<\/p>\n<p><strong>Berufsbezogene Informationen:<br \/>\n<\/strong>Berufsbezeichnung: Facharzt f\u00fcr Plastische Chirurgie und \u00c4sthetische Chirurgie<br \/>\n(verliehen in der Bundesrepublik Deutschland, M\u00fcnster)<\/p>\n<p><strong>Berufsbezeichnung:<\/strong> Arzt, Die Approbation wurde in Niederlande\/Groningen erworben, Approbation- Anerkennung erteilt in Deutschland\/ Hannover (2007).<\/p>\n<p><strong>Zust\u00e4ndige \u00c4rztekammer:<\/strong> \u00c4rztekammer Westfalen Lippe,<br \/>\nGartenstra\u00dfe 210-214, 48147 M\u00fcnster,<br \/>\n<a href=\"http:\/\/www.aekwl.de\">\u00c4rztekammer Westfalen-Lippe, M\u00fcnster<\/a><\/p>\n<p><strong>Berufsordnung<\/strong>: <a href=\"http:\/\/www.aekwl.de\/index.php?id=213\">\u00c4rztekammer Westfalen\/Lippe, M\u00fcnster<\/a><\/p>\n<p>Umsatzsteuer-Identifikationsnummer gem\u00e4\u00df \u00a727 a Umsatzsteuergesetz:<br \/>\nDE283655415<\/p>\n<p><strong>\u00a0\u00a0\u00a0\u00a0 1-\u00a0 Haftungsausschluss:<\/strong><\/p>\n<p><strong><u>Haftung f\u00fcr Inhalte<\/u><\/strong><\/p>\n<p>Die Inhalte unserer Seiten wurden mit gr\u00f6\u00dfter Sorgfalt erstellt. F\u00fcr die Richtigkeit, Vollst\u00e4ndigkeit und Aktualit\u00e4t der Inhalte k\u00f6nnen wir jedoch keine Gew\u00e4hr \u00fcbernehmen. Als Diensteanbieter sind wir gem\u00e4\u00df \u00a7 7 Abs.1 TMG f\u00fcr eigene Inhalte auf diesen Seiten nach den allgemeinen Gesetzen verantwortlich. Nach \u00a7\u00a7 8 bis 10 TMG sind wir als Diensteanbieter jedoch nicht verpflichtet, \u00fcbermittelte oder gespeicherte fremde Informationen zu \u00fcberwachen oder nach Umst\u00e4nden zu forschen, die auf eine rechtswidrige T\u00e4tigkeit hinweisen. Verpflichtungen zur Entfernung oder Sperrung der Nutzung von Informationen nach den allgemeinen Gesetzen bleiben hiervon unber\u00fchrt. Eine diesbez\u00fcgliche Haftung ist jedoch erst ab dem Zeitpunkt der Kenntnis einer konkreten Rechtsverletzung m\u00f6glich. Bei Bekanntwerden von entsprechenden Rechtsverletzungen werden wir diese Inhalte umgehend entfernen.<\/p>\n<p><strong><u>Haftung f\u00fcr Links<\/u><\/strong><\/p>\n<p>Unser Angebot enth\u00e4lt Links zu externen Webseiten Dritter, auf deren Inhalte wir keinen Einfluss haben. Deshalb k\u00f6nnen wir f\u00fcr diese fremden Inhalte auch keine Gew\u00e4hr \u00fcbernehmen. F\u00fcr die Inhalte der verlinkten Seiten ist stets der jeweilige Anbieter oder Betreiber der Seiten verantwortlich. Die verlinkten Seiten wurden zum Zeitpunkt der Verlinkung auf m\u00f6gliche Rechtsverst\u00f6\u00dfe \u00fcberpr\u00fcft. Rechtswidrige Inhalte waren zum Zeitpunkt der Verlinkung nicht erkennbar. Eine permanente inhaltliche Kontrolle der verlinkten Seiten ist jedoch ohne konkrete Anhaltspunkte einer Rechtsverletzung nicht zumutbar. Bei Bekanntwerden von Rechtsverletzungen werden wir derartige Links umgehend entfernen.<\/p>\n<p><strong>\u00a0\u00a0\u00a0\u00a0 2-\u00a0 Urheberrecht<\/strong><\/p>\n<p>Die durch die Seitenbetreiber erstellten Inhalte und Werke auf diesen Seiten unterliegen dem deutschen Urheberrecht. Die Vervielf\u00e4ltigung, Bearbeitung, Verbreitung und jede Art der Verwertung au\u00dferhalb der Grenzen des Urheberrechtes bed\u00fcrfen der schriftlichen Zustimmung des jeweiligen Autors bzw. Erstellers. Downloads und Kopien dieser Seite sind nur f\u00fcr den privaten, nicht kommerziellen Gebrauch gestattet. Soweit die Inhalte auf dieser Seite nicht vom Betreiber erstellt wurden, werden die Urheberrechte Dritter beachtet. Insbesondere werden Inhalte Dritter als solche gekennzeichnet. Sollten Sie trotzdem auf eine Urheberrechtsverletzung aufmerksam werden, bitten wir um einen entsprechenden Hinweis. Bei Bekanntwerden von Rechtsverletzungen werden wir derartige Inhalte umgehend entfernen.[\/vc_column_text][\/vc_column][\/vc_row]<\/p>\n<\/div>","protected":false},"excerpt":{"rendered":"<p>[vc_row margin_top=&#8220;30&#8243; margin_bottom=&#8220;30&#8243;][vc_column][vc_column_text]Impressum \u00a0\u00a0\u00a0\u00a0\u00a0\u00a0\u00a0\u00a0\u00a0\u00a0\u00a0\u00a0\u00a0\u00a0\u00a0\u00a0\u00a0\u00a0\u00a0\u00a0\u00a0\u00a0\u00a0\u00a0\u00a0\u00a0\u00a0\u00a0\u00a0\u00a0\u00a0\u00a0\u00a0\u00a0\u00a0\u00a0 Pflichtangaben gem. \u00a7 5 Telemediengesetz (TMG) Privatpraxis Tavus Herr Drs. (NL) Ali Dabeshlim Pfarrer-Reukes-Stra\u00dfe. 12 48599 Gronau (Westfalen) Tel: 0049-25627261249 Email: tavus@plastische-chirurgie-praxis.com Inhaltlich Verantwortlicher gem\u00e4\u00df \u00a7 10 Absatz 3 MDStV: Herr Drs. (NL) Ali Dabeshlim (Anschrift wie oben) Berufsbezogene Informationen: Berufsbezeichnung: Facharzt f\u00fcr Plastische Chirurgie und \u00c4sthetische Chirurgie (verliehen in der&hellip;<\/p>\n","protected":false},"author":2,"featured_media":0,"parent":0,"menu_order":0,"comment_status":"closed","ping_status":"closed","template":"","meta":{"_exactmetrics_skip_tracking":false,"_exactmetrics_sitenote_active":false,"_exactmetrics_sitenote_note":"","_exactmetrics_sitenote_category":0,"footnotes":""},"class_list":["post-552","page","type-page","status-publish","hentry","description-off"],"yoast_head":"<!-- This site is optimized with the Yoast SEO plugin v27.2 - https:\/\/yoast.com\/product\/yoast-seo-wordpress\/ -->\n<title>Impressum - Privatpraxis Tavus<\/title>\n<meta name=\"description\" content=\"Impressum \u00a0\u00a0\u00a0\u00a0\u00a0\u00a0\u00a0\u00a0\u00a0\u00a0\u00a0\u00a0\u00a0\u00a0\u00a0\u00a0\u00a0\u00a0\u00a0\u00a0\u00a0\u00a0\u00a0\u00a0\u00a0\u00a0\u00a0\u00a0\u00a0\u00a0\u00a0\u00a0\u00a0\u00a0\u00a0\u00a0 Pflichtangaben gem. \u00a7 5 Telemediengesetz (TMG) Privatpraxis Tavus Herr Drs. (NL) Ali Dabeshlim\" \/>\n<meta name=\"robots\" content=\"index, follow, max-snippet:-1, max-image-preview:large, max-video-preview:-1\" \/>\n<link rel=\"canonical\" href=\"http:\/\/plastische-chirurgie-praxis.com\/de\/impressum\/\" \/>\n<meta property=\"og:locale\" content=\"de_DE\" \/>\n<meta property=\"og:type\" content=\"article\" \/>\n<meta property=\"og:title\" content=\"Impressum - Privatpraxis Tavus\" \/>\n<meta property=\"og:description\" content=\"Impressum \u00a0\u00a0\u00a0\u00a0\u00a0\u00a0\u00a0\u00a0\u00a0\u00a0\u00a0\u00a0\u00a0\u00a0\u00a0\u00a0\u00a0\u00a0\u00a0\u00a0\u00a0\u00a0\u00a0\u00a0\u00a0\u00a0\u00a0\u00a0\u00a0\u00a0\u00a0\u00a0\u00a0\u00a0\u00a0\u00a0 Pflichtangaben gem. \u00a7 5 Telemediengesetz (TMG) Privatpraxis Tavus Herr Drs. (NL) Ali Dabeshlim\" \/>\n<meta property=\"og:url\" content=\"http:\/\/plastische-chirurgie-praxis.com\/de\/impressum\/\" \/>\n<meta property=\"og:site_name\" content=\"Privatpraxis Tavus\" \/>\n<meta property=\"article:publisher\" content=\"https:\/\/www.facebook.com\/PraxisTavus\" \/>\n<meta property=\"article:modified_time\" content=\"2018-05-30T13:35:53+00:00\" \/>\n<meta property=\"og:image\" content=\"http:\/\/plastische-chirurgie-praxis.com\/wp-content\/uploads\/2015\/09\/Logo_normal.png\" \/>\n\t<meta property=\"og:image:width\" content=\"476\" \/>\n\t<meta property=\"og:image:height\" content=\"200\" \/>\n\t<meta property=\"og:image:type\" content=\"image\/png\" \/>\n<meta name=\"twitter:card\" content=\"summary_large_image\" \/>\n<meta name=\"twitter:site\" content=\"@PraxisTavus\" \/>\n<meta name=\"twitter:label1\" content=\"Gesch\u00e4tzte Lesezeit\" \/>\n\t<meta name=\"twitter:data1\" content=\"2\u00a0Minuten\" \/>\n<script type=\"application\/ld+json\" class=\"yoast-schema-graph\">{\"@context\":\"https:\/\/schema.org\",\"@graph\":[{\"@type\":\"WebPage\",\"@id\":\"http:\/\/plastische-chirurgie-praxis.com\/de\/impressum\/\",\"url\":\"http:\/\/plastische-chirurgie-praxis.com\/de\/impressum\/\",\"name\":\"Impressum - Privatpraxis Tavus\",\"isPartOf\":{\"@id\":\"https:\/\/plastische-chirurgie-praxis.com\/#website\"},\"datePublished\":\"2015-10-11T20:47:01+00:00\",\"dateModified\":\"2018-05-30T13:35:53+00:00\",\"description\":\"Impressum \u00a0\u00a0\u00a0\u00a0\u00a0\u00a0\u00a0\u00a0\u00a0\u00a0\u00a0\u00a0\u00a0\u00a0\u00a0\u00a0\u00a0\u00a0\u00a0\u00a0\u00a0\u00a0\u00a0\u00a0\u00a0\u00a0\u00a0\u00a0\u00a0\u00a0\u00a0\u00a0\u00a0\u00a0\u00a0\u00a0 Pflichtangaben gem. \u00a7 5 Telemediengesetz (TMG) Privatpraxis Tavus Herr Drs. (NL) Ali Dabeshlim\",\"breadcrumb\":{\"@id\":\"http:\/\/plastische-chirurgie-praxis.com\/de\/impressum\/#breadcrumb\"},\"inLanguage\":\"de\",\"potentialAction\":[{\"@type\":\"ReadAction\",\"target\":[\"http:\/\/plastische-chirurgie-praxis.com\/de\/impressum\/\"]}]},{\"@type\":\"BreadcrumbList\",\"@id\":\"http:\/\/plastische-chirurgie-praxis.com\/de\/impressum\/#breadcrumb\",\"itemListElement\":[{\"@type\":\"ListItem\",\"position\":1,\"name\":\"Praxis Tavus\",\"item\":\"http:\/\/plastische-chirurgie-praxis.com\/de\/\"},{\"@type\":\"ListItem\",\"position\":2,\"name\":\"Impressum\"}]},{\"@type\":\"WebSite\",\"@id\":\"https:\/\/plastische-chirurgie-praxis.com\/#website\",\"url\":\"https:\/\/plastische-chirurgie-praxis.com\/\",\"name\":\"Privatpraxis Tavus\",\"description\":\"Plastische &amp; Asthetische Chirurgie\",\"publisher\":{\"@id\":\"https:\/\/plastische-chirurgie-praxis.com\/#organization\"},\"potentialAction\":[{\"@type\":\"SearchAction\",\"target\":{\"@type\":\"EntryPoint\",\"urlTemplate\":\"https:\/\/plastische-chirurgie-praxis.com\/?s={search_term_string}\"},\"query-input\":{\"@type\":\"PropertyValueSpecification\",\"valueRequired\":true,\"valueName\":\"search_term_string\"}}],\"inLanguage\":\"de\"},{\"@type\":\"Organization\",\"@id\":\"https:\/\/plastische-chirurgie-praxis.com\/#organization\",\"name\":\"Praxis Tavus: Plastische & Asthetische Chirurgie\",\"url\":\"https:\/\/plastische-chirurgie-praxis.com\/\",\"logo\":{\"@type\":\"ImageObject\",\"inLanguage\":\"de\",\"@id\":\"https:\/\/plastische-chirurgie-praxis.com\/#\/schema\/logo\/image\/\",\"url\":\"http:\/\/plastische-chirurgie-praxis.com\/wp-content\/uploads\/2015\/09\/Logo_normal.png\",\"contentUrl\":\"http:\/\/plastische-chirurgie-praxis.com\/wp-content\/uploads\/2015\/09\/Logo_normal.png\",\"width\":476,\"height\":200,\"caption\":\"Praxis Tavus: Plastische & Asthetische Chirurgie\"},\"image\":{\"@id\":\"https:\/\/plastische-chirurgie-praxis.com\/#\/schema\/logo\/image\/\"},\"sameAs\":[\"https:\/\/www.facebook.com\/PraxisTavus\",\"https:\/\/x.com\/PraxisTavus\"]}]}<\/script>\n<!-- \/ Yoast SEO plugin. -->","yoast_head_json":{"title":"Impressum - Privatpraxis Tavus","description":"Impressum \u00a0\u00a0\u00a0\u00a0\u00a0\u00a0\u00a0\u00a0\u00a0\u00a0\u00a0\u00a0\u00a0\u00a0\u00a0\u00a0\u00a0\u00a0\u00a0\u00a0\u00a0\u00a0\u00a0\u00a0\u00a0\u00a0\u00a0\u00a0\u00a0\u00a0\u00a0\u00a0\u00a0\u00a0\u00a0\u00a0 Pflichtangaben gem. \u00a7 5 Telemediengesetz (TMG) Privatpraxis Tavus Herr Drs. (NL) Ali Dabeshlim","robots":{"index":"index","follow":"follow","max-snippet":"max-snippet:-1","max-image-preview":"max-image-preview:large","max-video-preview":"max-video-preview:-1"},"canonical":"http:\/\/plastische-chirurgie-praxis.com\/de\/impressum\/","og_locale":"de_DE","og_type":"article","og_title":"Impressum - Privatpraxis Tavus","og_description":"Impressum \u00a0\u00a0\u00a0\u00a0\u00a0\u00a0\u00a0\u00a0\u00a0\u00a0\u00a0\u00a0\u00a0\u00a0\u00a0\u00a0\u00a0\u00a0\u00a0\u00a0\u00a0\u00a0\u00a0\u00a0\u00a0\u00a0\u00a0\u00a0\u00a0\u00a0\u00a0\u00a0\u00a0\u00a0\u00a0\u00a0 Pflichtangaben gem. \u00a7 5 Telemediengesetz (TMG) Privatpraxis Tavus Herr Drs. (NL) Ali Dabeshlim","og_url":"http:\/\/plastische-chirurgie-praxis.com\/de\/impressum\/","og_site_name":"Privatpraxis Tavus","article_publisher":"https:\/\/www.facebook.com\/PraxisTavus","article_modified_time":"2018-05-30T13:35:53+00:00","og_image":[{"width":476,"height":200,"url":"http:\/\/plastische-chirurgie-praxis.com\/wp-content\/uploads\/2015\/09\/Logo_normal.png","type":"image\/png"}],"twitter_card":"summary_large_image","twitter_site":"@PraxisTavus","twitter_misc":{"Gesch\u00e4tzte Lesezeit":"2\u00a0Minuten"},"schema":{"@context":"https:\/\/schema.org","@graph":[{"@type":"WebPage","@id":"http:\/\/plastische-chirurgie-praxis.com\/de\/impressum\/","url":"http:\/\/plastische-chirurgie-praxis.com\/de\/impressum\/","name":"Impressum - Privatpraxis Tavus","isPartOf":{"@id":"https:\/\/plastische-chirurgie-praxis.com\/#website"},"datePublished":"2015-10-11T20:47:01+00:00","dateModified":"2018-05-30T13:35:53+00:00","description":"Impressum \u00a0\u00a0\u00a0\u00a0\u00a0\u00a0\u00a0\u00a0\u00a0\u00a0\u00a0\u00a0\u00a0\u00a0\u00a0\u00a0\u00a0\u00a0\u00a0\u00a0\u00a0\u00a0\u00a0\u00a0\u00a0\u00a0\u00a0\u00a0\u00a0\u00a0\u00a0\u00a0\u00a0\u00a0\u00a0\u00a0 Pflichtangaben gem. \u00a7 5 Telemediengesetz (TMG) Privatpraxis Tavus Herr Drs. (NL) Ali Dabeshlim","breadcrumb":{"@id":"http:\/\/plastische-chirurgie-praxis.com\/de\/impressum\/#breadcrumb"},"inLanguage":"de","potentialAction":[{"@type":"ReadAction","target":["http:\/\/plastische-chirurgie-praxis.com\/de\/impressum\/"]}]},{"@type":"BreadcrumbList","@id":"http:\/\/plastische-chirurgie-praxis.com\/de\/impressum\/#breadcrumb","itemListElement":[{"@type":"ListItem","position":1,"name":"Praxis Tavus","item":"http:\/\/plastische-chirurgie-praxis.com\/de\/"},{"@type":"ListItem","position":2,"name":"Impressum"}]},{"@type":"WebSite","@id":"https:\/\/plastische-chirurgie-praxis.com\/#website","url":"https:\/\/plastische-chirurgie-praxis.com\/","name":"Privatpraxis Tavus","description":"Plastische &amp; Asthetische Chirurgie","publisher":{"@id":"https:\/\/plastische-chirurgie-praxis.com\/#organization"},"potentialAction":[{"@type":"SearchAction","target":{"@type":"EntryPoint","urlTemplate":"https:\/\/plastische-chirurgie-praxis.com\/?s={search_term_string}"},"query-input":{"@type":"PropertyValueSpecification","valueRequired":true,"valueName":"search_term_string"}}],"inLanguage":"de"},{"@type":"Organization","@id":"https:\/\/plastische-chirurgie-praxis.com\/#organization","name":"Praxis Tavus: Plastische & Asthetische Chirurgie","url":"https:\/\/plastische-chirurgie-praxis.com\/","logo":{"@type":"ImageObject","inLanguage":"de","@id":"https:\/\/plastische-chirurgie-praxis.com\/#\/schema\/logo\/image\/","url":"http:\/\/plastische-chirurgie-praxis.com\/wp-content\/uploads\/2015\/09\/Logo_normal.png","contentUrl":"http:\/\/plastische-chirurgie-praxis.com\/wp-content\/uploads\/2015\/09\/Logo_normal.png","width":476,"height":200,"caption":"Praxis Tavus: Plastische & Asthetische Chirurgie"},"image":{"@id":"https:\/\/plastische-chirurgie-praxis.com\/#\/schema\/logo\/image\/"},"sameAs":["https:\/\/www.facebook.com\/PraxisTavus","https:\/\/x.com\/PraxisTavus"]}]}},"_links":{"self":[{"href":"http:\/\/plastische-chirurgie-praxis.com\/de\/wp-json\/wp\/v2\/pages\/552","targetHints":{"allow":["GET"]}}],"collection":[{"href":"http:\/\/plastische-chirurgie-praxis.com\/de\/wp-json\/wp\/v2\/pages"}],"about":[{"href":"http:\/\/plastische-chirurgie-praxis.com\/de\/wp-json\/wp\/v2\/types\/page"}],"author":[{"embeddable":true,"href":"http:\/\/plastische-chirurgie-praxis.com\/de\/wp-json\/wp\/v2\/users\/2"}],"replies":[{"embeddable":true,"href":"http:\/\/plastische-chirurgie-praxis.com\/de\/wp-json\/wp\/v2\/comments?post=552"}],"version-history":[{"count":8,"href":"http:\/\/plastische-chirurgie-praxis.com\/de\/wp-json\/wp\/v2\/pages\/552\/revisions"}],"predecessor-version":[{"id":2140,"href":"http:\/\/plastische-chirurgie-praxis.com\/de\/wp-json\/wp\/v2\/pages\/552\/revisions\/2140"}],"wp:attachment":[{"href":"http:\/\/plastische-chirurgie-praxis.com\/de\/wp-json\/wp\/v2\/media?parent=552"}],"curies":[{"name":"wp","href":"https:\/\/api.w.org\/{rel}","templated":true}]}}