{"id":1157,"date":"2015-10-04T17:14:18","date_gmt":"2015-10-04T15:14:18","guid":{"rendered":"http:\/\/plastische-chirurgie-praxis.com\/face-en-hals-lift\/?lang=de"},"modified":"2020-12-07T17:50:41","modified_gmt":"2020-12-07T16:50:41","slug":"gesicht-und-halsstraffung","status":"publish","type":"page","link":"https:\/\/plastische-chirurgie-praxis.com\/de\/gesicht-und-halsstraffung\/","title":{"rendered":"Gesicht und Halsstraffung"},"content":{"rendered":"<div class=\"wpb-content-wrapper\"><p>[vc_row animation=&#8220;fadeIn&#8220;][vc_column][vc_custom_heading text=&#8220;Gesicht und Halsstraffung&#8220; font_container=&#8220;tag:h1|text_align:left|color:%236996d1&#8243; use_theme_fonts=&#8220;yes&#8220;]<div class=\"hr-thin style-line accent-border-color\" style=\"width: 100%;border-top-width: 5px;\"><\/div>[\/vc_column][\/vc_row][vc_row animation=&#8220;fadeIn&#8220; margin_bottom=&#8220;20&#8243;][vc_column][vc_empty_space height=&#8220;40px&#8220;][vc_column_text]<\/p>\n<h2><em><span lang=\"DE\" style=\"color: gray;\">Warum eine Gesicht- und Halsstraffung?<\/span><\/em><\/h2>\n<p>Hauttyp, Alter und Grad der erschlafften Haut spielen eine wichtige Rolle bei der Operationstechnik.<\/p>\n<p><span lang=\"DE\">W\u00e4hrend der Mensch altert, kann sich die Elastizit\u00e4t der Haut von Gesicht und Hals verringern. Eine Gesicht- und Halsstraffung (auch Facelift) kann die Gl\u00e4tte und die Konturen des Halses wiederherstellen, sodass Sie j\u00fcnger aussehen. Bei dieser Methode wird ein l\u00e4nglicher Schnitt hinter dem Ohr gemacht, sodass die Haut der Wange und die Schicht unter der Haut, das so genannte SMAS (Superficial Muscular Aponeurotic System), gestrafft werden. Zudem findet auch eine Straffung des Halses statt.<\/span><\/p>\n<p><span lang=\"DE\">Der Plastische Chirurg kann w\u00e4hrend Ihres Beratungsgespr\u00e4chs bestimmen, ob die Gesicht-und Halsstraffung bei Ihnen m\u00f6glich ist und ob das gew\u00fcnschte Ergebnis erreicht werden kann.<\/span>[\/vc_column_text][vc_empty_space height=&#8220;20px&#8220;][\/vc_column][\/vc_row][vc_row animation=&#8220;fadeIn&#8220;][vc_column][vc_tabs interval=&#8220;0&#8243; style=&#8220;tab-style-four&#8220;][vc_tab title=&#8220;Allgemeine Information&#8220; tab_id=&#8220;6eb3ad0b-8d82-14aad-22d2&#8243;][vc_column_text]<span lang=\"DE\">Die kombinierte Gesicht- und Halsstraffung ist das umfangreichste Facelifting, mit dieser Methode werden sehr gute Ergebnisse erzielt.<\/span><\/p>\n<p><span lang=\"DE\">Der Schnitt wird unterhalb der Ohrl\u00e4ppchen angebracht und endet beim Haaransatz hinter dem Ohr. Auf diese Weise ist es m\u00f6glich, auch das Gewebe des Halses zu straffen. Eine Gesicht- und Halsstraffung bietet die besten Ergebnisse, wobei die Falten im Gesicht und am Hals verschwinden k\u00f6nnen. Neben einer Gesicht- und Halsstraffung kann auch eine Augenlidkorrektur durchgef\u00fchrt werden.<\/span><\/p>\n<p><span lang=\"DE\">Eine Gesicht- und Halsstraffung erfolgt immer unter Vollnarkose und ist immer mit einer \u00dcbernachtung verbunden. In den meisten F\u00e4llen k\u00f6nnen Sie am n\u00e4chsten Morgen nach Hause gehen.<\/span>[\/vc_column_text][\/vc_tab][vc_tab title=&#8220;Behandlung&#8220; tab_id=&#8220;1444055223835-2-14aad-22d2&#8243;][vc_column_text]<span lang=\"DE\">Die Operation wird unter Vollnarkose durchgef\u00fchrt. Dies hat zur Folge, dass Sie eine Nacht in der Klinik bleiben m\u00fcssen und am n\u00e4chsten Tag nach Hause gehen d\u00fcrfen. <\/span><\/p>\n<p><span lang=\"DE\">Der Eingriff wird insgesamt 2 \u00bd bis 3 \u00bd Stunden dauern.<\/span>[\/vc_column_text][\/vc_tab][vc_tab title=&#8220;Nachsorge und Erholungsphase&#8220; tab_id=&#8220;1444055225179-3-34aad-22d2&#8243;][vc_column_text]<span lang=\"DE\">Nach der Gesicht- und Halsstraffung bleiben Sie \u00fcber Nacht in der Klinik. Am folgenden Morgen d\u00fcrfen Sie unter Begleitung die Klinik verlassen. Unsere Mitarbeiter tun ihr M\u00f6glichstes, um Ihnen das bestm\u00f6gliche Ergebnis, auch w\u00e4hrend der Nachsorge, bieten zu k\u00f6nnen. Ihr eigener Beitrag ist von gro\u00dfer Bedeutung. Wir bitten Sie daher, Anweisungen, die Sie von uns erhalten haben, einzuhalten.<\/span><\/p>\n<p><strong><span lang=\"DE\">Ern\u00e4hrung<\/span><\/strong><b><span lang=\"DE\"><br \/>\n<\/span><\/b><span lang=\"DE\">Versuchen Sie nach dem Facelifting harte Lebensmittel zu vermeiden. Durch intensives Kauen k\u00f6nnen die Stiche im Gesicht unter Druck geraten. Nach einer Behandlung unter Vollnarkose beginnen Sie zu Hause mit leichtverdaulichen Lebensmitteln, wie Wasser, Tee und Geb\u00e4ck. Versuchen Sie, \u00dcbelkeit und Erbrechen zu verhindern. Dies verringert das Risiko von Nachblutungen.<\/span><\/p>\n<p><strong><span lang=\"DE\">Ruhezeit<\/span><\/strong><span lang=\"DE\"><br \/>\nNach dem Facelifting ben\u00f6tigen Sie eine Woche Erholung. Wenn Sie auf dem R\u00fccken auf zwei Kissen liegen, wird dies die Schwellungen reduzieren und daf\u00fcr sorgen, dass die Wundfl\u00fcssigkeit besser ableiten kann. Sie sollten auch daf\u00fcr sorgen, dass Sie in den ersten 24 Stunden jemanden zur Unterst\u00fctzung in der N\u00e4he haben. Auch sollten Sie jede Stunde etwas in Bewegung bleiben, dies f\u00f6rdert die Durchblutung und tr\u00e4gt zu einer besseren Wundheilung bei.<\/span><\/p>\n<p><strong><span lang=\"DE\">Anspannung<\/span><\/strong><b><span lang=\"DE\"><br \/>\n<\/span><\/b><span lang=\"DE\">Um Nachblutungen zu vermeiden, sollten Sie in den ersten drei Wochen nach der Behandlung Ihr Gesicht nicht anspannen, nichts heben und auch nicht b\u00fccken. Normale T\u00e4tigkeiten sind zul\u00e4ssig, schwere und anstrengende Arbeiten und auch sportliche Aktivit\u00e4ten sollten Sie in den ersten sechs Wochen nach dem Eingriff vermeiden. Zwei Wochen nach dem Facelifting werden Schwellungen deutlich r\u00fcckl\u00e4ufig sein.<\/span><\/p>\n<p><strong><span lang=\"DE\">Kontaktlinsen<\/span><\/strong><span lang=\"DE\"><br \/>\nIn der ersten Woche nach dem Facelift k\u00f6nnen Sie keine Kontaktlinsen tragen. Das Risiko, Druck auf die behandelten Stellen auszu\u00fcben, w\u00e4re zu gro\u00df.<\/span><\/p>\n<p><strong><span lang=\"DE\">Verkehrsteilname<\/span><\/strong><b><span lang=\"DE\"><br \/>\n<\/span><\/b><span lang=\"DE\">Es ist empfehlenswert, dass Sie in der ersten Woche nach dem Eingriff nicht am Stra\u00dfenverkehr (Auto- und Radfahren) teilnehmen. Sprechen Sie mit Ihrer Versicherung, welche Gew\u00e4hrleistung nach einer Facelift-Operation in Anspruch genommen werden k\u00f6nnen.<\/span><\/p>\n<p><strong><span lang=\"DE\">Alkohol, Aspirin und Rauchen<\/span><\/strong><b><span lang=\"DE\"><br \/>\n<\/span><\/b><span lang=\"DE\">F\u00fcr den Heilungsprozess ist es wichtig, dass Sie kein Alkohol und kein Aspirin verwenden. Auch das Rauchen ist nicht f\u00f6rderlich f\u00fcr die Heilungsphase.<\/span><\/p>\n<p><strong><span lang=\"DE\">Sonnenlicht<\/span><\/strong><b><span lang=\"DE\"><br \/>\n<\/span><\/b><span lang=\"DE\">Bitte denken Sie daran, die Narben von der Sonne fernzuhalten. Im ersten Jahr ist von einem Besuch einer Sonnenbank abzuraten.<\/span>[\/vc_column_text][\/vc_tab][vc_tab title=&#8220;Resultat&#8220; tab_id=&#8220;1444055235999-4-94aad-22d2&#8243;][vc_column_text]<span lang=\"DE\">Wenige Wochen nach dem Eingriff wird Ihr Gesicht f\u00fcr Sie merkw\u00fcrdig aussehen. Nachdem die Schwellungen und H\u00e4matomverf\u00e4rbungen verschwunden sind, bekommen Sie Ihr jugendlicheres Gesicht. Die vollst\u00e4ndige Heilung wird allerdings einige Wochen dauern. Die meisten Patienten sind zufrieden mit dem Ergebnis, vor allem, wenn ihre Erwartungen realistisch sind.<\/span><\/p>\n<p><strong><span lang=\"DE\">Narben<\/span><\/strong><span lang=\"DE\"><br \/>\nDer Plastische Chirurg tut alles, um die Narben kaum sichtbar zu machen. Die Narben werden zun\u00e4chst rot und geschwollen sein, dies wird aber nach mehreren Wochen besser.<\/span>[\/vc_column_text][\/vc_tab][vc_tab title=&#8220;Risiko und Komplikationen&#8220; tab_id=&#8220;1444055299658-5-54aad-22d2&#8243;][vc_column_text]<span lang=\"DE\">Sie sollten wissen, dass jeder chirurgischer Eingriff Risiken und Komplikationen mit sich bringen kann, z.B. Infektion, gest\u00f6rte Wundheilung, Blutungen oder Thrombose. Auch k\u00f6nnen Patienten allergische Reaktionen durch Bet\u00e4ubungsmittel, Desinfektionsmittel oder Pflaster bekommen. Grunds\u00e4tzlich ist zu sagen, dass bei gesunden Menschen die Risiken und Chancen auf Komplikationen sehr gering sind. Durch gute Informationen, eine vollst\u00e4ndige Anamnese (einschlie\u00dflich Ihrer medizinischen Vorgeschichte, z. B. Drogenkonsum, keine Probleme mit vorangegangenen Operationen, Allergien) und unsere professionelle Vorgehensweise bringen wir diese Risiken auf ein absolutes Minimum. Sie k\u00f6nnen helfen, bestimmte Risiken zu reduzieren, indem Sie den Anweisungen folgen, die Sie vorab von unserem Plastischen Chirurgen erhalten haben.<\/span>[\/vc_column_text][\/vc_tab][vc_tab title=&#8220;Fragen&#8220; tab_id=&#8220;1444055347868-7-24aad-22d2&#8243;][vc_column_text]Sie k\u00f6nnen sich am besten telefonisch bei uns melden. Gerne vereinbaren wir mit Ihnen einen pers\u00f6nlichen Termin, um die M\u00f6glichkeiten zu besprechen. Sie k\u00f6nnen uns unter folgender Telefonnummer erreichen: (+49) 256 27261249.[\/vc_column_text][\/vc_tab][\/vc_tabs][\/vc_column][\/vc_row][vc_row][vc_column][vc_empty_space height=&#8220;40px&#8220;]<section class=\"logos-grid wf-container\" data-width=\"110px\" data-columns=\"5\"><div class=\"wf-cell\"><div><a class=\"layzr-bg\" href=\"https:\/\/www.narconova-klinik.com\/fachrichtungen\/plastisch-%C3%A4sthetische-chirurgie\/\" target=\"_blank\" title=\"\" ><img loading=\"lazy\" decoding=\"async\" class=\"fadeIn animate-element lazy-load\" src=\"data:image\/svg+xml;charset=utf-8,%3Csvg xmlns%3D&#039;http%3A%2F%2Fwww.w3.org%2F2000%2Fsvg&#039; viewBox%3D&#039;0 0 175 125&#039;%2F%3E\" width=\"175\" height=\"125\" alt=\"Narconova Klinik GmbH\" data-srcset=\"https:\/\/plastische-chirurgie-praxis.com\/wp-content\/uploads\/2017\/05\/narconova-praxis-tavus-bocholt.png 350w\" data-src=\"https:\/\/plastische-chirurgie-praxis.com\/wp-content\/uploads\/2017\/05\/narconova-praxis-tavus-bocholt.png\" \/><\/a><\/div><\/div><div class=\"wf-cell\"><div><a class=\"layzr-bg\" href=\"https:\/\/www.klinikrothenbaum.de\/deutsch\/aerzteteam\/aerzte-nach-fachgebieten\/\" target=\"_blank\" title=\"\" ><img loading=\"lazy\" decoding=\"async\" class=\"fadeIn animate-element lazy-load\" src=\"data:image\/svg+xml;charset=utf-8,%3Csvg xmlns%3D&#039;http%3A%2F%2Fwww.w3.org%2F2000%2Fsvg&#039; viewBox%3D&#039;0 0 175 125&#039;%2F%3E\" width=\"175\" height=\"125\" alt=\"Praxisklinik am Rothenbaum\" data-srcset=\"https:\/\/plastische-chirurgie-praxis.com\/wp-content\/uploads\/2017\/03\/klinikrothenbaum-praxis-tavus-hamburg.png 350w\" data-src=\"https:\/\/plastische-chirurgie-praxis.com\/wp-content\/uploads\/2017\/03\/klinikrothenbaum-praxis-tavus-hamburg.png\" \/><\/a><\/div><\/div><div class=\"wf-cell\"><div><a class=\"layzr-bg\" href=\"http:\/\/www.st-antonius-gronau.de\/index.php\/hospital\/ambulante-angebote\/gesundheitszentrum.html\" target=\"_blank\" title=\"\" ><img loading=\"lazy\" decoding=\"async\" class=\"fadeIn animate-element lazy-load\" src=\"data:image\/svg+xml;charset=utf-8,%3Csvg xmlns%3D&#039;http%3A%2F%2Fwww.w3.org%2F2000%2Fsvg&#039; viewBox%3D&#039;0 0 175 125&#039;%2F%3E\" width=\"175\" height=\"125\" alt=\"St. Antonius-Hospital\" data-srcset=\"https:\/\/plastische-chirurgie-praxis.com\/wp-content\/uploads\/2016\/04\/St.-Antonius-Hospital-Gronau.png 350w\" data-src=\"https:\/\/plastische-chirurgie-praxis.com\/wp-content\/uploads\/2016\/04\/St.-Antonius-Hospital-Gronau.png\" \/><\/a><\/div><\/div><div class=\"wf-cell\"><div><a class=\"layzr-bg\" href=\"http:\/\/www.dgpraec.de\/\" target=\"_blank\" title=\"\" ><img loading=\"lazy\" decoding=\"async\" class=\"fadeIn animate-element lazy-load\" src=\"data:image\/svg+xml;charset=utf-8,%3Csvg xmlns%3D&#039;http%3A%2F%2Fwww.w3.org%2F2000%2Fsvg&#039; viewBox%3D&#039;0 0 175 125&#039;%2F%3E\" width=\"175\" height=\"125\" alt=\"DGPRAC\" data-srcset=\"https:\/\/plastische-chirurgie-praxis.com\/wp-content\/uploads\/2015\/12\/DGPRAC-logo2.jpg 350w\" data-src=\"https:\/\/plastische-chirurgie-praxis.com\/wp-content\/uploads\/2015\/12\/DGPRAC-logo2.jpg\" \/><\/a><\/div><\/div><div class=\"wf-cell\"><div><\/div><\/div><\/section>[\/vc_column][\/vc_row]<\/p>\n<\/div>","protected":false},"excerpt":{"rendered":"<p>[vc_row animation=&#8220;fadeIn&#8220;][vc_column][vc_custom_heading text=&#8220;Gesicht und Halsstraffung&#8220; font_container=&#8220;tag:h1|text_align:left|color:%236996d1&#8243; use_theme_fonts=&#8220;yes&#8220;][\/vc_column][\/vc_row][vc_row animation=&#8220;fadeIn&#8220; margin_bottom=&#8220;20&#8243;][vc_column][vc_empty_space height=&#8220;40px&#8220;][vc_column_text] Warum eine Gesicht- und Halsstraffung? Hauttyp, Alter und Grad der erschlafften Haut spielen eine wichtige Rolle bei der Operationstechnik. W\u00e4hrend der Mensch altert, kann sich die Elastizit\u00e4t der Haut von Gesicht und Hals verringern. Eine Gesicht- und Halsstraffung (auch Facelift) kann die Gl\u00e4tte und die&hellip;<\/p>\n","protected":false},"author":2,"featured_media":0,"parent":0,"menu_order":0,"comment_status":"closed","ping_status":"closed","template":"","meta":{"_exactmetrics_skip_tracking":false,"_exactmetrics_sitenote_active":false,"_exactmetrics_sitenote_note":"","_exactmetrics_sitenote_category":0,"footnotes":""},"class_list":["post-1157","page","type-page","status-publish","hentry","description-off"],"yoast_head":"<!-- This site is optimized with the Yoast SEO plugin v27.2 - https:\/\/yoast.com\/product\/yoast-seo-wordpress\/ -->\n<title>Gesicht- und Halsstraffung - Praxis Tavus - Gronau - M\u00fcnster<\/title>\n<meta name=\"description\" content=\"Gesicht- und Halsstraffung Bei Praxis Tavus? \u2713unverbindlichen Beratungstermin \u2713hervorragende Nachsorge \u2713Finanzierung ist moglich! Tel: +49 256 27261249\" \/>\n<meta name=\"robots\" content=\"index, follow, max-snippet:-1, max-image-preview:large, max-video-preview:-1\" \/>\n<link rel=\"canonical\" href=\"http:\/\/plastische-chirurgie-praxis.com\/de\/gesicht-und-halsstraffung\/\" \/>\n<meta property=\"og:locale\" content=\"de_DE\" \/>\n<meta property=\"og:type\" content=\"article\" \/>\n<meta property=\"og:title\" content=\"Gesicht- und Halsstraffung - Praxis Tavus - Gronau - M\u00fcnster\" \/>\n<meta property=\"og:description\" content=\"Gesicht- und Halsstraffung Bei Praxis Tavus? \u2713unverbindlichen Beratungstermin \u2713hervorragende Nachsorge \u2713Finanzierung ist moglich! Tel: +49 256 27261249\" \/>\n<meta property=\"og:url\" content=\"http:\/\/plastische-chirurgie-praxis.com\/de\/gesicht-und-halsstraffung\/\" \/>\n<meta property=\"og:site_name\" content=\"Privatpraxis Tavus\" \/>\n<meta property=\"article:publisher\" content=\"https:\/\/www.facebook.com\/PraxisTavus\" \/>\n<meta property=\"article:modified_time\" content=\"2020-12-07T16:50:41+00:00\" \/>\n<meta property=\"og:image\" content=\"https:\/\/plastische-chirurgie-praxis.com\/wp-content\/uploads\/2015\/09\/Logo_normal.png\" \/>\n\t<meta property=\"og:image:width\" content=\"476\" \/>\n\t<meta property=\"og:image:height\" content=\"200\" \/>\n\t<meta property=\"og:image:type\" content=\"image\/png\" \/>\n<meta name=\"twitter:card\" content=\"summary_large_image\" \/>\n<meta name=\"twitter:site\" content=\"@PraxisTavus\" \/>\n<meta name=\"twitter:label1\" content=\"Gesch\u00e4tzte Lesezeit\" \/>\n\t<meta name=\"twitter:data1\" content=\"5\u00a0Minuten\" \/>\n<script type=\"application\/ld+json\" class=\"yoast-schema-graph\">{\"@context\":\"https:\/\/schema.org\",\"@graph\":[{\"@type\":\"WebPage\",\"@id\":\"http:\/\/plastische-chirurgie-praxis.com\/de\/gesicht-und-halsstraffung\/\",\"url\":\"http:\/\/plastische-chirurgie-praxis.com\/de\/gesicht-und-halsstraffung\/\",\"name\":\"Gesicht- und Halsstraffung - Praxis Tavus - Gronau - M\u00fcnster\",\"isPartOf\":{\"@id\":\"https:\/\/plastische-chirurgie-praxis.com\/#website\"},\"datePublished\":\"2015-10-04T15:14:18+00:00\",\"dateModified\":\"2020-12-07T16:50:41+00:00\",\"description\":\"Gesicht- und Halsstraffung Bei Praxis Tavus? \u2713unverbindlichen Beratungstermin \u2713hervorragende Nachsorge \u2713Finanzierung ist moglich! Tel: +49 256 27261249\",\"breadcrumb\":{\"@id\":\"http:\/\/plastische-chirurgie-praxis.com\/de\/gesicht-und-halsstraffung\/#breadcrumb\"},\"inLanguage\":\"de\",\"potentialAction\":[{\"@type\":\"ReadAction\",\"target\":[\"http:\/\/plastische-chirurgie-praxis.com\/de\/gesicht-und-halsstraffung\/\"]}]},{\"@type\":\"BreadcrumbList\",\"@id\":\"http:\/\/plastische-chirurgie-praxis.com\/de\/gesicht-und-halsstraffung\/#breadcrumb\",\"itemListElement\":[{\"@type\":\"ListItem\",\"position\":1,\"name\":\"Praxis Tavus\",\"item\":\"http:\/\/plastische-chirurgie-praxis.com\/de\/\"},{\"@type\":\"ListItem\",\"position\":2,\"name\":\"Gesicht und Halsstraffung\"}]},{\"@type\":\"WebSite\",\"@id\":\"https:\/\/plastische-chirurgie-praxis.com\/#website\",\"url\":\"https:\/\/plastische-chirurgie-praxis.com\/\",\"name\":\"Privatpraxis Tavus\",\"description\":\"Plastische &amp; Asthetische Chirurgie\",\"publisher\":{\"@id\":\"https:\/\/plastische-chirurgie-praxis.com\/#organization\"},\"potentialAction\":[{\"@type\":\"SearchAction\",\"target\":{\"@type\":\"EntryPoint\",\"urlTemplate\":\"https:\/\/plastische-chirurgie-praxis.com\/?s={search_term_string}\"},\"query-input\":{\"@type\":\"PropertyValueSpecification\",\"valueRequired\":true,\"valueName\":\"search_term_string\"}}],\"inLanguage\":\"de\"},{\"@type\":\"Organization\",\"@id\":\"https:\/\/plastische-chirurgie-praxis.com\/#organization\",\"name\":\"Praxis Tavus: Plastische & Asthetische Chirurgie\",\"url\":\"https:\/\/plastische-chirurgie-praxis.com\/\",\"logo\":{\"@type\":\"ImageObject\",\"inLanguage\":\"de\",\"@id\":\"https:\/\/plastische-chirurgie-praxis.com\/#\/schema\/logo\/image\/\",\"url\":\"http:\/\/plastische-chirurgie-praxis.com\/wp-content\/uploads\/2015\/09\/Logo_normal.png\",\"contentUrl\":\"http:\/\/plastische-chirurgie-praxis.com\/wp-content\/uploads\/2015\/09\/Logo_normal.png\",\"width\":476,\"height\":200,\"caption\":\"Praxis Tavus: Plastische & Asthetische Chirurgie\"},\"image\":{\"@id\":\"https:\/\/plastische-chirurgie-praxis.com\/#\/schema\/logo\/image\/\"},\"sameAs\":[\"https:\/\/www.facebook.com\/PraxisTavus\",\"https:\/\/x.com\/PraxisTavus\"]}]}<\/script>\n<!-- \/ Yoast SEO plugin. -->","yoast_head_json":{"title":"Gesicht- und Halsstraffung - Praxis Tavus - Gronau - M\u00fcnster","description":"Gesicht- und Halsstraffung Bei Praxis Tavus? \u2713unverbindlichen Beratungstermin \u2713hervorragende Nachsorge \u2713Finanzierung ist moglich! Tel: +49 256 27261249","robots":{"index":"index","follow":"follow","max-snippet":"max-snippet:-1","max-image-preview":"max-image-preview:large","max-video-preview":"max-video-preview:-1"},"canonical":"http:\/\/plastische-chirurgie-praxis.com\/de\/gesicht-und-halsstraffung\/","og_locale":"de_DE","og_type":"article","og_title":"Gesicht- und Halsstraffung - Praxis Tavus - Gronau - M\u00fcnster","og_description":"Gesicht- und Halsstraffung Bei Praxis Tavus? \u2713unverbindlichen Beratungstermin \u2713hervorragende Nachsorge \u2713Finanzierung ist moglich! Tel: +49 256 27261249","og_url":"http:\/\/plastische-chirurgie-praxis.com\/de\/gesicht-und-halsstraffung\/","og_site_name":"Privatpraxis Tavus","article_publisher":"https:\/\/www.facebook.com\/PraxisTavus","article_modified_time":"2020-12-07T16:50:41+00:00","og_image":[{"width":476,"height":200,"url":"https:\/\/plastische-chirurgie-praxis.com\/wp-content\/uploads\/2015\/09\/Logo_normal.png","type":"image\/png"}],"twitter_card":"summary_large_image","twitter_site":"@PraxisTavus","twitter_misc":{"Gesch\u00e4tzte Lesezeit":"5\u00a0Minuten"},"schema":{"@context":"https:\/\/schema.org","@graph":[{"@type":"WebPage","@id":"http:\/\/plastische-chirurgie-praxis.com\/de\/gesicht-und-halsstraffung\/","url":"http:\/\/plastische-chirurgie-praxis.com\/de\/gesicht-und-halsstraffung\/","name":"Gesicht- und Halsstraffung - Praxis Tavus - Gronau - M\u00fcnster","isPartOf":{"@id":"https:\/\/plastische-chirurgie-praxis.com\/#website"},"datePublished":"2015-10-04T15:14:18+00:00","dateModified":"2020-12-07T16:50:41+00:00","description":"Gesicht- und Halsstraffung Bei Praxis Tavus? \u2713unverbindlichen Beratungstermin \u2713hervorragende Nachsorge \u2713Finanzierung ist moglich! Tel: +49 256 27261249","breadcrumb":{"@id":"http:\/\/plastische-chirurgie-praxis.com\/de\/gesicht-und-halsstraffung\/#breadcrumb"},"inLanguage":"de","potentialAction":[{"@type":"ReadAction","target":["http:\/\/plastische-chirurgie-praxis.com\/de\/gesicht-und-halsstraffung\/"]}]},{"@type":"BreadcrumbList","@id":"http:\/\/plastische-chirurgie-praxis.com\/de\/gesicht-und-halsstraffung\/#breadcrumb","itemListElement":[{"@type":"ListItem","position":1,"name":"Praxis Tavus","item":"http:\/\/plastische-chirurgie-praxis.com\/de\/"},{"@type":"ListItem","position":2,"name":"Gesicht und Halsstraffung"}]},{"@type":"WebSite","@id":"https:\/\/plastische-chirurgie-praxis.com\/#website","url":"https:\/\/plastische-chirurgie-praxis.com\/","name":"Privatpraxis Tavus","description":"Plastische &amp; Asthetische Chirurgie","publisher":{"@id":"https:\/\/plastische-chirurgie-praxis.com\/#organization"},"potentialAction":[{"@type":"SearchAction","target":{"@type":"EntryPoint","urlTemplate":"https:\/\/plastische-chirurgie-praxis.com\/?s={search_term_string}"},"query-input":{"@type":"PropertyValueSpecification","valueRequired":true,"valueName":"search_term_string"}}],"inLanguage":"de"},{"@type":"Organization","@id":"https:\/\/plastische-chirurgie-praxis.com\/#organization","name":"Praxis Tavus: Plastische & Asthetische Chirurgie","url":"https:\/\/plastische-chirurgie-praxis.com\/","logo":{"@type":"ImageObject","inLanguage":"de","@id":"https:\/\/plastische-chirurgie-praxis.com\/#\/schema\/logo\/image\/","url":"http:\/\/plastische-chirurgie-praxis.com\/wp-content\/uploads\/2015\/09\/Logo_normal.png","contentUrl":"http:\/\/plastische-chirurgie-praxis.com\/wp-content\/uploads\/2015\/09\/Logo_normal.png","width":476,"height":200,"caption":"Praxis Tavus: Plastische & Asthetische Chirurgie"},"image":{"@id":"https:\/\/plastische-chirurgie-praxis.com\/#\/schema\/logo\/image\/"},"sameAs":["https:\/\/www.facebook.com\/PraxisTavus","https:\/\/x.com\/PraxisTavus"]}]}},"_links":{"self":[{"href":"https:\/\/plastische-chirurgie-praxis.com\/de\/wp-json\/wp\/v2\/pages\/1157","targetHints":{"allow":["GET"]}}],"collection":[{"href":"https:\/\/plastische-chirurgie-praxis.com\/de\/wp-json\/wp\/v2\/pages"}],"about":[{"href":"https:\/\/plastische-chirurgie-praxis.com\/de\/wp-json\/wp\/v2\/types\/page"}],"author":[{"embeddable":true,"href":"https:\/\/plastische-chirurgie-praxis.com\/de\/wp-json\/wp\/v2\/users\/2"}],"replies":[{"embeddable":true,"href":"https:\/\/plastische-chirurgie-praxis.com\/de\/wp-json\/wp\/v2\/comments?post=1157"}],"version-history":[{"count":17,"href":"https:\/\/plastische-chirurgie-praxis.com\/de\/wp-json\/wp\/v2\/pages\/1157\/revisions"}],"predecessor-version":[{"id":2223,"href":"https:\/\/plastische-chirurgie-praxis.com\/de\/wp-json\/wp\/v2\/pages\/1157\/revisions\/2223"}],"wp:attachment":[{"href":"https:\/\/plastische-chirurgie-praxis.com\/de\/wp-json\/wp\/v2\/media?parent=1157"}],"curies":[{"name":"wp","href":"https:\/\/api.w.org\/{rel}","templated":true}]}}