{"id":1163,"date":"2015-10-04T17:14:47","date_gmt":"2015-10-04T15:14:47","guid":{"rendered":"http:\/\/plastische-chirurgie-praxis.com\/bovenooglidcorrectie\/?lang=de"},"modified":"2020-12-07T17:49:39","modified_gmt":"2020-12-07T16:49:39","slug":"augenlidkorrektur","status":"publish","type":"page","link":"https:\/\/plastische-chirurgie-praxis.com\/de\/augenlidkorrektur\/","title":{"rendered":"Augenlidkorrektur"},"content":{"rendered":"<div class=\"wpb-content-wrapper\"><p>[vc_row animation=&#8220;fadeIn&#8220;][vc_column][vc_custom_heading text=&#8220;Augenlidkorrektur&#8220; font_container=&#8220;tag:h1|text_align:left|color:%236996d1&#8243; use_theme_fonts=&#8220;yes&#8220;]<div class=\"hr-thin style-line accent-border-color\" style=\"width: 100%;border-top-width: 5px;\"><\/div>[\/vc_column][\/vc_row][vc_row animation=&#8220;fadeIn&#8220; margin_bottom=&#8220;20&#8243;][vc_column][vc_empty_space height=&#8220;40px&#8220;][vc_column_text]<\/p>\n<h2><span style=\"color: #808080;\"><em><span id=\"result_box\" class=\"short_text\" lang=\"de\"><\/span>Warum eine Augenlidkorrektur?<\/em><\/span><\/h2>\n<p>H\u00e4ngende Augenlider k\u00f6nnen dazu f\u00fchren, dass Sie m\u00fcde und veraltet aussehen, auch eine Behinderung beim Sehen kann auftreten.<\/p>\n<p>Dieser Effekt wird verst\u00e4rkt, wenn die unteren Augenlider schlapp geworden sind und sich S\u00e4cke gebildet haben. Eine obere Augenlid-Chirurgie, Blepharoplastik oder eine Kombination aus einer oberen und unteren Augenlidkorrektur nimmt diese Beschwerden und verleiht Ihrem Gesicht ein frisches, jugendliches Aussehen.<\/p>\n<p>[\/vc_column_text][vc_empty_space height=&#8220;20px&#8220;][\/vc_column][\/vc_row][vc_row animation=&#8220;fadeIn&#8220;][vc_column][vc_tabs interval=&#8220;0&#8243; style=&#8220;tab-style-four&#8220;][vc_tab title=&#8220;Allgemeine Information&#8220; tab_id=&#8220;6eb3ad0b-8d82-113a3-2838&#8243;][vc_column_text]<span lang=\"DE\">Dieser Effekt wird verst\u00e4rkt, wenn es die unteren und oberen Augenlider betrifft. Eine obere Augenlid-Chirurgie, Blepharoplastik oder eine Kombination aus einer oberen und unteren Augenlidkorrektur nimmt diese Beschwerden und verleiht Ihrem Gesicht ein frisches, jugendliches Aussehen.<\/span><\/p>\n<p><span lang=\"DE\">Durch das Entfernen der \u00fcbersch\u00fcssigen Haut, hier werden Fett und manchmal Muskelgewebe um die Augen entfernt, erh\u00e4lt Ihr Gesicht eine offenes, frisches und ausgeruhtes Aussehen. Blepharoplastik ist eine der h\u00e4ufigsten Behandlung in der plastischen Chirurgie.<\/span><\/p>\n<p><strong>Augenlidkorrektur<\/strong><strong><br \/>\n<\/strong>Mit den Jahren verliert die Haut an Elastizit\u00e4t. Da die Haut um die Augen d\u00fcnn ist, ist dieser Verlust der Elastizit\u00e4t oft durch die \u00fcberh\u00e4ngenden oberen Augenlider sichtbar. Bei der Korrektur des Oberlides entfernt der Plastische Chirurg einen schmalen Streifen der Haut des oberen Augenlids. Dies erm\u00f6glicht, dass viele Menschen schon den gew\u00fcnschten Effekt haben. Leiden Sie st\u00e4rker und ausgepr\u00e4gt an herabh\u00e4ngenden Augenlidern, dann gibt es auch die M\u00f6glichkeit, Fett und Muskelgewebe zu entfernen. Oft wird bei diesem Eingriff auch die Lockerung der unteren Augenlider vorgenommen. Wenn Sie nur die oberen Augenlider korrigieren, kann es sein, dass ein Ungleichgewicht im Gesicht entsteht. In diesem Fall w\u00e4re es kl\u00fcger, eine Kombination aus einer oberen und unteren Augenlidkorrektur zu w\u00e4hlen.<\/p>\n<p><strong><span lang=\"DE\">Unterlidkorrektur<\/span><\/strong><b><span lang=\"DE\"><br \/>\n<\/span><\/b><span lang=\"DE\">Durch das Nachlassen der Haut kommt es zu \u00fcbersch\u00fcssiger Haut an den unteren Augenlidern. Dieses Absacken entsteht manchmal zusammen mit der Ausbuchtung des Fettgewebes, was sich unter der Augenh\u00f6hle entwickelt. Dadurch entstehen die sogenannten S\u00e4cke unter den Augen. Hierdurch k\u00f6nnen Sie einen m\u00fcden Eindruck machen und \u00e4lter aussehen. Bei einer Unterlidkorrektur wird die \u00fcbersch\u00fcssige Haut und eventuell vorhandenes Fettgewebe entfernt. Eine untere Augenlidkorrektur erfordert etwas mehr Technik des Plastischen Chirurgen und wird deshalb vorzugsweise unter einer leichten Bet\u00e4ubung ausgef\u00fchrt.<\/span>[\/vc_column_text][\/vc_tab][vc_tab title=&#8220;Behandlung&#8220; tab_id=&#8220;1444055223835-2-113a3-2838&#8243;][vc_column_text]<span lang=\"DE\">Eine obere Augenlidkorrektur erfolgt in der Regel unter \u00f6rtlicher Bet\u00e4ubung. Bei einer unteren Augenlidkorrektur und eine kombinierte untere und obere Augenlidkorrektur wird der Eingriff meistens unter Vollnarkose durchgef\u00fchrt.<\/span><\/p>\n<p><strong><span lang=\"DE\">Augenlidkorrektur<\/span><\/strong><b><span lang=\"DE\"><br \/>\n<\/span><\/b><span lang=\"DE\">Der Plastische Chirurg wird einen Einschnitt im Bereich der nat\u00fcrlichen Falte des Augenlids machen. Bei Bedarf k\u00f6nnen \u00fcbersch\u00fcssige Haut und Fett auf diese Weise entfernt werden. Falls erforderlich, werden die Muskeln verk\u00fcrzt. Nachdem die \u00fcbersch\u00fcssige Haut und das Fettgewebe entfernt sind, wird die Haut mit einem sehr d\u00fcnnen nicht-resorbierbaren Nahtmaterial verschlossen. In einigen F\u00e4llen arbeitet der Plastische Chirurg mit einem Gewebe-Kleber. Das Nahtmaterial wird etwa 5-7 Tage nach der Operation vom Plastischen Chirurgen entfernt. Dieser Eingriff wird etwa 30 Minuten dauern.<\/span><\/p>\n<p><strong><span lang=\"DE\">Unterlidkorrektur<\/span><\/strong><b><span lang=\"DE\"><br \/>\n<\/span><\/b><span lang=\"DE\">Der Plastische Chirurg macht einen Schnitt knapp unterhalb der Wimpern. \u00dcbersch\u00fcssige Haut und \u00fcbersch\u00fcssiges Fett werden entfernt. Zus\u00e4tzliches \u00fcbersch\u00fcssiges Fett wird zur\u00fcck ins hintere Bindegewebe gegeben, um somit die Wirkung von \u201ehohlen\u201c Augen zu vermeiden. Dieser Eingriff wird etwa eine Stunde dauern.<\/span>[\/vc_column_text][\/vc_tab][vc_tab title=&#8220;Nachsorge und Erholungsphase&#8220; tab_id=&#8220;1444055225179-3-313a3-2838&#8243;][vc_column_text]Bei \u00f6rtlicher Bet\u00e4ubung k\u00f6nnen Sie eine halbe Stunde nach der Blepharoplastik nach Hause. Bei einer Blepharoplastik unter Vollnarkose bleiben Sie nach der Behandlung in der Regel drei bis vier Stunden in der Klinik.<\/p>\n<p><strong>K\u00fchlbrille<br \/>\n<\/strong>Nach dem Eingriff erhalten Sie von uns ein K\u00fchlpack. Diese K\u00fchlpack nehmen Sie bitte mit nach Hause, um die behandelte Fl\u00e4che zu Hause abk\u00fchlen zu k\u00f6nnen. Es ist wichtig, dass Sie sich an die Anweisungen unserer Mitarbeiter halten.<\/p>\n<p><strong>Schmerzen<br \/>\n<\/strong>Die Augen k\u00f6nnen sich nach der Behandlung brennend anf\u00fchlen. Auch kann es vorkommen, dass in den ersten Tagen nach der Operation zus\u00e4tzliche Schwellungen an den Augenlidern entstehen, die nach dem 3. Tag wieder abklingen. Es ist daher ratsam, regelm\u00e4\u00dfig die K\u00fchlpacks anzuwenden. In der Regel erf\u00e4hrt man nach einer Blepharoplastik praktisch keine Schmerzen.<\/p>\n<p><strong>Erholungsphase<br \/>\n<\/strong>In der Regel ben\u00f6tigen Sie 7 bis 10 Tage zur Erholung einer Blepharoplastik. Eine Korrektur des Oberlides heilt meistens etwas schneller als eine untere Augenlidkorrektur. Nach der Behandlung wird sich die Haut um die Augen etwas angespannt anf\u00fchlen. Dies ist eine nat\u00fcrliche Reaktion des K\u00f6rpers und in der Regel nicht besorgniserregend.<\/p>\n<p><strong>Kontrolle<\/strong><\/p>\n<ul>\n<li>Einen Tag nach dem Eingriff wird eine Mitarbeiterin Kontakt mit Ihnen aufnehmen, so k\u00f6nnen wir sicher sein, dass alles in Ordnung ist.<\/li>\n<li>Eine Woche nach dem Eingriff werden Sie zu Ihrem ersten Kontrollbesuch in der Praxis erwartet. W\u00e4hrend dieses Termins wird die Wunde kontrolliert und alle F\u00e4den werden entfernt.<\/li>\n<li>Nach drei Monaten werden Sie zur Endkontrolle bei Ihrem Plastischen Chirurgen erwartet. Bei diesem Termin werden auch Fotos f\u00fcr Ihre medizinische Akte gemacht.<\/li>\n<\/ul>\n<p>[\/vc_column_text][\/vc_tab][vc_tab title=&#8220;Resultat&#8220; tab_id=&#8220;1444055235999-4-913a3-2838&#8243;][vc_column_text]<span lang=\"DE\">Nach dem Eingriff werden Sie vom Ergebnis begeistert sein. Ihr Blick \u00f6ffnet sich wieder. Ihr m\u00fcdes Aussehen wird der Vergangenheit angeh\u00f6ren. Das Ergebnis einer Blepharoplastik ist in der Regel langlebig, jedoch wird sich der Alterungsprozess nicht verhindern lassen.<\/span><\/p>\n<p><strong><span lang=\"DE\">Narben<\/span><\/strong><b><span lang=\"DE\"><br \/>\n<\/span><\/b><span lang=\"DE\">Der Plastische Chirurg tut alles, um die Narben kaum sichtbar zu machen. Die Narben werden zun\u00e4chst rot und geschwollen sein, dies wird aber nach mehreren Wochen besser.<\/span>[\/vc_column_text][\/vc_tab][vc_tab title=&#8220;Risiko und Komplikationen&#8220; tab_id=&#8220;1444055299658-5-513a3-2838&#8243;][vc_column_text]Sie sollten wissen, dass jeder chirurgischer Eingriff Risiken und Komplikationen mit sich bringen kann, z.B. Infektion, gest\u00f6rte Wundheilung, Blutungen oder Thrombose. Auch k\u00f6nnen Patienten allergische Reaktionen durch Bet\u00e4ubungsmittel, Desinfektionsmittel oder Pflaster bekommen. Grunds\u00e4tzlich ist zu sagen, dass bei gesunden Menschen die Risiken und Chancen auf Komplikationen sehr gering sind. Durch gute Informationen, eine vollst\u00e4ndige Anamnese (einschlie\u00dflich Ihrer medizinischen Vorgeschichte, z. B. Drogenkonsum, keine Probleme mit vorangegangenen Operationen, Allergien) und unsere professionelle Vorgehensweise bringen wir diese Risiken auf ein absolutes Minimum. Sie k\u00f6nnen helfen, bestimmte Risiken zu reduzieren, indem Sie den Anweisungen folgen, die Sie vorab von unseren Plastischen Chirurgen erhalten haben.<\/p>\n<p><strong>Einige m\u00f6gliche Komplikationen einer Augenlidkorrektur k\u00f6nnen sein:<\/strong><\/p>\n<ul>\n<li>H\u00e4matom (eine Ansammlung von Blut unter der Haut, eine Entfernung ist notwendig)<\/li>\n<li>allergische Reaktionen auf die Narkose<\/li>\n<li>Infektionen<\/li>\n<\/ul>\n<p>[\/vc_column_text][\/vc_tab][vc_tab title=&#8220;Fragen&#8220; tab_id=&#8220;1444055347868-7-213a3-2838&#8243;][vc_column_text]Sie k\u00f6nnen sich am besten telefonisch bei uns melden. Gerne vereinbaren wir mit Ihnen einen pers\u00f6nlichen Termin, um die M\u00f6glichkeiten zu besprechen. Sie k\u00f6nnen uns unter folgender Telefonnummer erreichen: (+49) 256 27261249.[\/vc_column_text][\/vc_tab][\/vc_tabs][\/vc_column][\/vc_row][vc_row][vc_column][vc_empty_space height=&#8220;40px&#8220;]<section class=\"logos-grid wf-container\" data-width=\"110px\" data-columns=\"5\"><div class=\"wf-cell\"><div><a class=\"layzr-bg\" href=\"https:\/\/www.narconova-klinik.com\/fachrichtungen\/plastisch-%C3%A4sthetische-chirurgie\/\" target=\"_blank\" title=\"\" ><img loading=\"lazy\" decoding=\"async\" class=\"fadeIn animate-element lazy-load\" src=\"data:image\/svg+xml;charset=utf-8,%3Csvg xmlns%3D&#039;http%3A%2F%2Fwww.w3.org%2F2000%2Fsvg&#039; viewBox%3D&#039;0 0 175 125&#039;%2F%3E\" width=\"175\" height=\"125\" alt=\"Narconova Klinik GmbH\" data-srcset=\"https:\/\/plastische-chirurgie-praxis.com\/wp-content\/uploads\/2017\/05\/narconova-praxis-tavus-bocholt.png 350w\" data-src=\"https:\/\/plastische-chirurgie-praxis.com\/wp-content\/uploads\/2017\/05\/narconova-praxis-tavus-bocholt.png\" \/><\/a><\/div><\/div><div class=\"wf-cell\"><div><a class=\"layzr-bg\" href=\"https:\/\/www.klinikrothenbaum.de\/deutsch\/aerzteteam\/aerzte-nach-fachgebieten\/\" target=\"_blank\" title=\"\" ><img loading=\"lazy\" decoding=\"async\" class=\"fadeIn animate-element lazy-load\" src=\"data:image\/svg+xml;charset=utf-8,%3Csvg xmlns%3D&#039;http%3A%2F%2Fwww.w3.org%2F2000%2Fsvg&#039; viewBox%3D&#039;0 0 175 125&#039;%2F%3E\" width=\"175\" height=\"125\" alt=\"Praxisklinik am Rothenbaum\" data-srcset=\"https:\/\/plastische-chirurgie-praxis.com\/wp-content\/uploads\/2017\/03\/klinikrothenbaum-praxis-tavus-hamburg.png 350w\" data-src=\"https:\/\/plastische-chirurgie-praxis.com\/wp-content\/uploads\/2017\/03\/klinikrothenbaum-praxis-tavus-hamburg.png\" \/><\/a><\/div><\/div><div class=\"wf-cell\"><div><a class=\"layzr-bg\" href=\"http:\/\/www.st-antonius-gronau.de\/index.php\/hospital\/ambulante-angebote\/gesundheitszentrum.html\" target=\"_blank\" title=\"\" ><img loading=\"lazy\" decoding=\"async\" class=\"fadeIn animate-element lazy-load\" src=\"data:image\/svg+xml;charset=utf-8,%3Csvg xmlns%3D&#039;http%3A%2F%2Fwww.w3.org%2F2000%2Fsvg&#039; viewBox%3D&#039;0 0 175 125&#039;%2F%3E\" width=\"175\" height=\"125\" alt=\"St. Antonius-Hospital\" data-srcset=\"https:\/\/plastische-chirurgie-praxis.com\/wp-content\/uploads\/2016\/04\/St.-Antonius-Hospital-Gronau.png 350w\" data-src=\"https:\/\/plastische-chirurgie-praxis.com\/wp-content\/uploads\/2016\/04\/St.-Antonius-Hospital-Gronau.png\" \/><\/a><\/div><\/div><div class=\"wf-cell\"><div><a class=\"layzr-bg\" href=\"http:\/\/www.dgpraec.de\/\" target=\"_blank\" title=\"\" ><img loading=\"lazy\" decoding=\"async\" class=\"fadeIn animate-element lazy-load\" src=\"data:image\/svg+xml;charset=utf-8,%3Csvg xmlns%3D&#039;http%3A%2F%2Fwww.w3.org%2F2000%2Fsvg&#039; viewBox%3D&#039;0 0 175 125&#039;%2F%3E\" width=\"175\" height=\"125\" alt=\"DGPRAC\" data-srcset=\"https:\/\/plastische-chirurgie-praxis.com\/wp-content\/uploads\/2015\/12\/DGPRAC-logo2.jpg 350w\" data-src=\"https:\/\/plastische-chirurgie-praxis.com\/wp-content\/uploads\/2015\/12\/DGPRAC-logo2.jpg\" \/><\/a><\/div><\/div><div class=\"wf-cell\"><div><\/div><\/div><\/section>[\/vc_column][\/vc_row]<\/p>\n<\/div>","protected":false},"excerpt":{"rendered":"<p>[vc_row animation=&#8220;fadeIn&#8220;][vc_column][vc_custom_heading text=&#8220;Augenlidkorrektur&#8220; font_container=&#8220;tag:h1|text_align:left|color:%236996d1&#8243; use_theme_fonts=&#8220;yes&#8220;][\/vc_column][\/vc_row][vc_row animation=&#8220;fadeIn&#8220; margin_bottom=&#8220;20&#8243;][vc_column][vc_empty_space height=&#8220;40px&#8220;][vc_column_text] Warum eine Augenlidkorrektur? H\u00e4ngende Augenlider k\u00f6nnen dazu f\u00fchren, dass Sie m\u00fcde und veraltet aussehen, auch eine Behinderung beim Sehen kann auftreten. Dieser Effekt wird verst\u00e4rkt, wenn die unteren Augenlider schlapp geworden sind und sich S\u00e4cke gebildet haben. Eine obere Augenlid-Chirurgie, Blepharoplastik oder eine Kombination aus einer oberen&hellip;<\/p>\n","protected":false},"author":2,"featured_media":0,"parent":0,"menu_order":0,"comment_status":"closed","ping_status":"closed","template":"","meta":{"_exactmetrics_skip_tracking":false,"_exactmetrics_sitenote_active":false,"_exactmetrics_sitenote_note":"","_exactmetrics_sitenote_category":0,"footnotes":""},"class_list":["post-1163","page","type-page","status-publish","hentry","description-off"],"yoast_head":"<!-- This site is optimized with the Yoast SEO plugin v27.2 - https:\/\/yoast.com\/product\/yoast-seo-wordpress\/ -->\n<title>Augenlidkorrektur - Praxis Tavus - Gronau - Nordhorn - M\u00fcnster<\/title>\n<meta name=\"description\" content=\"Augenlidkorrektur Bei Praxis Tavus? \u2713unverbindlichen Beratungstermin \u2713hervorragende Nachsorge \u2713Finanzierung ist moglich! Tel: +49 256 27261249\" \/>\n<meta name=\"robots\" content=\"index, follow, max-snippet:-1, max-image-preview:large, max-video-preview:-1\" \/>\n<link rel=\"canonical\" href=\"https:\/\/plastische-chirurgie-praxis.com\/de\/augenlidkorrektur\/\" \/>\n<meta property=\"og:locale\" content=\"de_DE\" \/>\n<meta property=\"og:type\" content=\"article\" \/>\n<meta property=\"og:title\" content=\"Augenlidkorrektur - Praxis Tavus - Gronau - Nordhorn - M\u00fcnster\" \/>\n<meta property=\"og:description\" content=\"Augenlidkorrektur Bei Praxis Tavus? \u2713unverbindlichen Beratungstermin \u2713hervorragende Nachsorge \u2713Finanzierung ist moglich! Tel: +49 256 27261249\" \/>\n<meta property=\"og:url\" content=\"https:\/\/plastische-chirurgie-praxis.com\/de\/augenlidkorrektur\/\" \/>\n<meta property=\"og:site_name\" content=\"Privatpraxis Tavus\" \/>\n<meta property=\"article:publisher\" content=\"https:\/\/www.facebook.com\/PraxisTavus\" \/>\n<meta property=\"article:modified_time\" content=\"2020-12-07T16:49:39+00:00\" \/>\n<meta property=\"og:image\" content=\"https:\/\/plastische-chirurgie-praxis.com\/wp-content\/uploads\/2015\/09\/Logo_normal.png\" \/>\n\t<meta property=\"og:image:width\" content=\"476\" \/>\n\t<meta property=\"og:image:height\" content=\"200\" \/>\n\t<meta property=\"og:image:type\" content=\"image\/png\" \/>\n<meta name=\"twitter:card\" content=\"summary_large_image\" \/>\n<meta name=\"twitter:site\" content=\"@PraxisTavus\" \/>\n<meta name=\"twitter:label1\" content=\"Gesch\u00e4tzte Lesezeit\" \/>\n\t<meta name=\"twitter:data1\" content=\"6\u00a0Minuten\" \/>\n<script type=\"application\/ld+json\" class=\"yoast-schema-graph\">{\"@context\":\"https:\/\/schema.org\",\"@graph\":[{\"@type\":\"WebPage\",\"@id\":\"https:\/\/plastische-chirurgie-praxis.com\/de\/augenlidkorrektur\/\",\"url\":\"https:\/\/plastische-chirurgie-praxis.com\/de\/augenlidkorrektur\/\",\"name\":\"Augenlidkorrektur - Praxis Tavus - Gronau - Nordhorn - M\u00fcnster\",\"isPartOf\":{\"@id\":\"https:\/\/plastische-chirurgie-praxis.com\/#website\"},\"datePublished\":\"2015-10-04T15:14:47+00:00\",\"dateModified\":\"2020-12-07T16:49:39+00:00\",\"description\":\"Augenlidkorrektur Bei Praxis Tavus? \u2713unverbindlichen Beratungstermin \u2713hervorragende Nachsorge \u2713Finanzierung ist moglich! Tel: +49 256 27261249\",\"breadcrumb\":{\"@id\":\"https:\/\/plastische-chirurgie-praxis.com\/de\/augenlidkorrektur\/#breadcrumb\"},\"inLanguage\":\"de\",\"potentialAction\":[{\"@type\":\"ReadAction\",\"target\":[\"https:\/\/plastische-chirurgie-praxis.com\/de\/augenlidkorrektur\/\"]}]},{\"@type\":\"BreadcrumbList\",\"@id\":\"https:\/\/plastische-chirurgie-praxis.com\/de\/augenlidkorrektur\/#breadcrumb\",\"itemListElement\":[{\"@type\":\"ListItem\",\"position\":1,\"name\":\"Praxis Tavus\",\"item\":\"http:\/\/plastische-chirurgie-praxis.com\/de\/\"},{\"@type\":\"ListItem\",\"position\":2,\"name\":\"Augenlidkorrektur\"}]},{\"@type\":\"WebSite\",\"@id\":\"https:\/\/plastische-chirurgie-praxis.com\/#website\",\"url\":\"https:\/\/plastische-chirurgie-praxis.com\/\",\"name\":\"Privatpraxis Tavus\",\"description\":\"Plastische &amp; Asthetische Chirurgie\",\"publisher\":{\"@id\":\"https:\/\/plastische-chirurgie-praxis.com\/#organization\"},\"potentialAction\":[{\"@type\":\"SearchAction\",\"target\":{\"@type\":\"EntryPoint\",\"urlTemplate\":\"https:\/\/plastische-chirurgie-praxis.com\/?s={search_term_string}\"},\"query-input\":{\"@type\":\"PropertyValueSpecification\",\"valueRequired\":true,\"valueName\":\"search_term_string\"}}],\"inLanguage\":\"de\"},{\"@type\":\"Organization\",\"@id\":\"https:\/\/plastische-chirurgie-praxis.com\/#organization\",\"name\":\"Praxis Tavus: Plastische & Asthetische Chirurgie\",\"url\":\"https:\/\/plastische-chirurgie-praxis.com\/\",\"logo\":{\"@type\":\"ImageObject\",\"inLanguage\":\"de\",\"@id\":\"https:\/\/plastische-chirurgie-praxis.com\/#\/schema\/logo\/image\/\",\"url\":\"http:\/\/plastische-chirurgie-praxis.com\/wp-content\/uploads\/2015\/09\/Logo_normal.png\",\"contentUrl\":\"http:\/\/plastische-chirurgie-praxis.com\/wp-content\/uploads\/2015\/09\/Logo_normal.png\",\"width\":476,\"height\":200,\"caption\":\"Praxis Tavus: Plastische & Asthetische Chirurgie\"},\"image\":{\"@id\":\"https:\/\/plastische-chirurgie-praxis.com\/#\/schema\/logo\/image\/\"},\"sameAs\":[\"https:\/\/www.facebook.com\/PraxisTavus\",\"https:\/\/x.com\/PraxisTavus\"]}]}<\/script>\n<!-- \/ Yoast SEO plugin. -->","yoast_head_json":{"title":"Augenlidkorrektur - Praxis Tavus - Gronau - Nordhorn - M\u00fcnster","description":"Augenlidkorrektur Bei Praxis Tavus? \u2713unverbindlichen Beratungstermin \u2713hervorragende Nachsorge \u2713Finanzierung ist moglich! Tel: +49 256 27261249","robots":{"index":"index","follow":"follow","max-snippet":"max-snippet:-1","max-image-preview":"max-image-preview:large","max-video-preview":"max-video-preview:-1"},"canonical":"https:\/\/plastische-chirurgie-praxis.com\/de\/augenlidkorrektur\/","og_locale":"de_DE","og_type":"article","og_title":"Augenlidkorrektur - Praxis Tavus - Gronau - Nordhorn - M\u00fcnster","og_description":"Augenlidkorrektur Bei Praxis Tavus? \u2713unverbindlichen Beratungstermin \u2713hervorragende Nachsorge \u2713Finanzierung ist moglich! Tel: +49 256 27261249","og_url":"https:\/\/plastische-chirurgie-praxis.com\/de\/augenlidkorrektur\/","og_site_name":"Privatpraxis Tavus","article_publisher":"https:\/\/www.facebook.com\/PraxisTavus","article_modified_time":"2020-12-07T16:49:39+00:00","og_image":[{"width":476,"height":200,"url":"https:\/\/plastische-chirurgie-praxis.com\/wp-content\/uploads\/2015\/09\/Logo_normal.png","type":"image\/png"}],"twitter_card":"summary_large_image","twitter_site":"@PraxisTavus","twitter_misc":{"Gesch\u00e4tzte Lesezeit":"6\u00a0Minuten"},"schema":{"@context":"https:\/\/schema.org","@graph":[{"@type":"WebPage","@id":"https:\/\/plastische-chirurgie-praxis.com\/de\/augenlidkorrektur\/","url":"https:\/\/plastische-chirurgie-praxis.com\/de\/augenlidkorrektur\/","name":"Augenlidkorrektur - Praxis Tavus - Gronau - Nordhorn - M\u00fcnster","isPartOf":{"@id":"https:\/\/plastische-chirurgie-praxis.com\/#website"},"datePublished":"2015-10-04T15:14:47+00:00","dateModified":"2020-12-07T16:49:39+00:00","description":"Augenlidkorrektur Bei Praxis Tavus? \u2713unverbindlichen Beratungstermin \u2713hervorragende Nachsorge \u2713Finanzierung ist moglich! Tel: +49 256 27261249","breadcrumb":{"@id":"https:\/\/plastische-chirurgie-praxis.com\/de\/augenlidkorrektur\/#breadcrumb"},"inLanguage":"de","potentialAction":[{"@type":"ReadAction","target":["https:\/\/plastische-chirurgie-praxis.com\/de\/augenlidkorrektur\/"]}]},{"@type":"BreadcrumbList","@id":"https:\/\/plastische-chirurgie-praxis.com\/de\/augenlidkorrektur\/#breadcrumb","itemListElement":[{"@type":"ListItem","position":1,"name":"Praxis Tavus","item":"http:\/\/plastische-chirurgie-praxis.com\/de\/"},{"@type":"ListItem","position":2,"name":"Augenlidkorrektur"}]},{"@type":"WebSite","@id":"https:\/\/plastische-chirurgie-praxis.com\/#website","url":"https:\/\/plastische-chirurgie-praxis.com\/","name":"Privatpraxis Tavus","description":"Plastische &amp; Asthetische Chirurgie","publisher":{"@id":"https:\/\/plastische-chirurgie-praxis.com\/#organization"},"potentialAction":[{"@type":"SearchAction","target":{"@type":"EntryPoint","urlTemplate":"https:\/\/plastische-chirurgie-praxis.com\/?s={search_term_string}"},"query-input":{"@type":"PropertyValueSpecification","valueRequired":true,"valueName":"search_term_string"}}],"inLanguage":"de"},{"@type":"Organization","@id":"https:\/\/plastische-chirurgie-praxis.com\/#organization","name":"Praxis Tavus: Plastische & Asthetische Chirurgie","url":"https:\/\/plastische-chirurgie-praxis.com\/","logo":{"@type":"ImageObject","inLanguage":"de","@id":"https:\/\/plastische-chirurgie-praxis.com\/#\/schema\/logo\/image\/","url":"http:\/\/plastische-chirurgie-praxis.com\/wp-content\/uploads\/2015\/09\/Logo_normal.png","contentUrl":"http:\/\/plastische-chirurgie-praxis.com\/wp-content\/uploads\/2015\/09\/Logo_normal.png","width":476,"height":200,"caption":"Praxis Tavus: Plastische & Asthetische Chirurgie"},"image":{"@id":"https:\/\/plastische-chirurgie-praxis.com\/#\/schema\/logo\/image\/"},"sameAs":["https:\/\/www.facebook.com\/PraxisTavus","https:\/\/x.com\/PraxisTavus"]}]}},"_links":{"self":[{"href":"https:\/\/plastische-chirurgie-praxis.com\/de\/wp-json\/wp\/v2\/pages\/1163","targetHints":{"allow":["GET"]}}],"collection":[{"href":"https:\/\/plastische-chirurgie-praxis.com\/de\/wp-json\/wp\/v2\/pages"}],"about":[{"href":"https:\/\/plastische-chirurgie-praxis.com\/de\/wp-json\/wp\/v2\/types\/page"}],"author":[{"embeddable":true,"href":"https:\/\/plastische-chirurgie-praxis.com\/de\/wp-json\/wp\/v2\/users\/2"}],"replies":[{"embeddable":true,"href":"https:\/\/plastische-chirurgie-praxis.com\/de\/wp-json\/wp\/v2\/comments?post=1163"}],"version-history":[{"count":18,"href":"https:\/\/plastische-chirurgie-praxis.com\/de\/wp-json\/wp\/v2\/pages\/1163\/revisions"}],"predecessor-version":[{"id":2215,"href":"https:\/\/plastische-chirurgie-praxis.com\/de\/wp-json\/wp\/v2\/pages\/1163\/revisions\/2215"}],"wp:attachment":[{"href":"https:\/\/plastische-chirurgie-praxis.com\/de\/wp-json\/wp\/v2\/media?parent=1163"}],"curies":[{"name":"wp","href":"https:\/\/api.w.org\/{rel}","templated":true}]}}