{"id":1169,"date":"2015-10-04T17:15:45","date_gmt":"2015-10-04T15:15:45","guid":{"rendered":"http:\/\/plastische-chirurgie-praxis.com\/wenkbrauwlift\/?lang=de"},"modified":"2020-12-07T17:54:03","modified_gmt":"2020-12-07T16:54:03","slug":"stirnstraffung","status":"publish","type":"page","link":"https:\/\/plastische-chirurgie-praxis.com\/de\/stirnstraffung\/","title":{"rendered":"Stirnstraffung"},"content":{"rendered":"<div class=\"wpb-content-wrapper\"><p>[vc_row animation=&#8220;fadeIn&#8220;][vc_column][vc_custom_heading text=&#8220;Stirnstraffung&#8220; font_container=&#8220;tag:h1|text_align:left|color:%236996d1&#8243; use_theme_fonts=&#8220;yes&#8220;]<div class=\"hr-thin style-line accent-border-color\" style=\"width: 100%;border-top-width: 5px;\"><\/div>[\/vc_column][\/vc_row][vc_row animation=&#8220;fadeIn&#8220; margin_bottom=&#8220;20&#8243;][vc_column][vc_empty_space height=&#8220;40px&#8220;][vc_column_text]<\/p>\n<h2><span style=\"color: #808080;\"><em>Warum eine Stirnstraffung?<\/em><\/span><\/h2>\n<p>Schlaffe Augenbrauen geben einen d\u00fcsteren Ausdruck im Gesicht. Wenn nur der \u00e4u\u00dfere Teil der Augenbraue nachgelassen hat, kann eine Stirnstraffung dies \u00e4ndern.<\/p>\n<p>Der Plastische Chirurg kann bestimmen, ob die Stirnstraffung bei Ihnen m\u00f6glich ist und ob das gew\u00fcnschte Ergebnis mittels einer Stirnstraffung erreicht werden kann.<\/p>\n<p>[\/vc_column_text][vc_empty_space height=&#8220;20px&#8220;][\/vc_column][\/vc_row][vc_row animation=&#8220;fadeIn&#8220;][vc_column][vc_tabs interval=&#8220;0&#8243; style=&#8220;tab-style-four&#8220;][vc_tab title=&#8220;Allgemeine Information&#8220; tab_id=&#8220;6eb3ad0b-8d82-1abf7-7e8f&#8220;][vc_column_text]<span lang=\"DE\">Die Stirnstraffung ist im Gegensatz zu dem endoskopischen Stirnlifting eine \u201eoffene\u201c Technik mit begrenzten Einschnitten in den seitlichen Haaransatz.<\/span><\/p>\n<p><span lang=\"DE\">Da heutzutage ein Stirnlifting endoskopisch durchgef\u00fchrt wird, erzielt man auch sehr gute Ergebnisse bei \u00e4lteren Menschen. Die Mitte der Stirn wird hiermit nicht behandelt.<\/span>[\/vc_column_text][\/vc_tab][vc_tab title=&#8220;Behandlung&#8220; tab_id=&#8220;1444055223835-2-1abf7-7e8f&#8220;][vc_column_text]<span lang=\"DE\">Ein Stirnlifting wird unter Lokalan\u00e4sthesie durchgef\u00fchrt und dauert etwa eine Stunde. Vor dem Eingriff besprechen Sie mit Ihrem plastischen Chirurgen den Eingriff. Der Plastische Chirurg wird auf Ihrem Gesicht anzeichnen, wo der Eingriff stattfinden wird. Der Plastische Chirurg entnimmt am Haaransatz einen Teil der Haut. Abh\u00e4ngig von der Operationstechnik kann der Plastische Chirurg auch knapp \u00fcber der Augenbraue auf der Au\u00dfenseite einen Teil der Haut entfernen.<\/span><\/p>\n<p><span lang=\"DE\">Dieser Eingriff wird eine Stunde in Anspruch nehmen.<\/span>[\/vc_column_text][\/vc_tab][vc_tab title=&#8220;Nachsorge und Herstellungsphase&#8220; tab_id=&#8220;1444055225179-3-3abf7-7e8f&#8220;][vc_column_text]Wenn Ihre Behandlung mit einer \u00f6rtlichen Bet\u00e4ubung durchgef\u00fchrt wird, k\u00f6nnen Sie eine halbe Stunde nach dem Stirnlifting nach Hause. Wenn Ihr Augenbrauenlifting mit einer oberen und unteren Augenlidkorrektur kombiniert wird, erfolgt dies unter einer Vollnarkose. Dann bleiben Sie nach dieser Behandlung in der Regel drei bis vier Stunden in der Klinik.<\/p>\n<p><strong>Schmerzen<br \/>\n<\/strong>Ihr Gesicht kann sich nach der Behandlung brennend anf\u00fchlen. Es werden in den ersten Tagen nach der Stirnlifting zus\u00e4tzliche Schwellungen entstehen, die nach dem 3. Tag wieder abklingen. In der Regel erf\u00e4hrt man nach einem Stirnlifting praktisch keine Schmerzen.<\/p>\n<p><strong>Erholungsphase<br \/>\n<\/strong>In der Regel dauert es 5 bis 7 Tagen sich von diesem Eingriff zu erholen. Nach der Behandlung wird sich die Haut an der Stirn fest anf\u00fchlen. Au\u00dferdem k\u00f6nnen Sie kleine Schwellungen und Prellungen beobachten. Dies ist eine nat\u00fcrliche Reaktion des K\u00f6rpers und in der Regel nicht besorgniserregend. Dies kann mehrere Wochen dauern und wird im Laufe der Zeit abklingen.<\/p>\n<p><strong>Kontrolle<\/strong><\/p>\n<ul>\n<li>Einen Tag nach dem Eingriff wird eine Mitarbeiterin Kontakt mit Ihnen aufnehmen, so k\u00f6nnen wir sicher sein, dass alles in Ordnung ist.<\/li>\n<li>Eine Woche nach dem Eingriff werden Sie zu Ihrem ersten Kontrollbesuch in der Praxis erwartet. W\u00e4hrend dieses Termins wird die Wunde kontrolliert und alle F\u00e4den werden entfernt.<\/li>\n<li>Nach drei Monaten werden Sie zur Endkontrolle bei Ihrem Plastischen Chirurgen erwartet. Bei diesem Termin werden auch Fotos f\u00fcr Ihre medizinische Akte gemacht.<\/li>\n<\/ul>\n<p>[\/vc_column_text][\/vc_tab][vc_tab title=&#8220;Resultat&#8220; tab_id=&#8220;1444055235999-4-9abf7-7e8f&#8220;][vc_column_text]Nach dem Eingriff werden Sie vom Ergebnis begeistert sein. Nach ein paar Wochen wird die Naht verheilt und nicht mehr sichtbar sein.<\/p>\n<p>Sch\u00fctzen Sie Ihre Haut vor Sonneneinstrahlung. Eine gesunde Ern\u00e4hrung unterst\u00fctzt Sie dabei, das Resultat beizubehalten.[\/vc_column_text][\/vc_tab][vc_tab title=&#8220;Risiko und Komplikationen&#8220; tab_id=&#8220;1444055299658-5-5abf7-7e8f&#8220;][vc_column_text]Sie sollten wissen, dass jeder chirurgischer Eingriff Risiken und Komplikationen mit sich bringen kann, z.B. Infektion, gest\u00f6rte Wundheilung, Blutungen oder Thrombose. Auch k\u00f6nnen Patienten allergische Reaktionen durch Bet\u00e4ubungsmittel, Desinfektionsmittel oder Pflaster bekommen. Grunds\u00e4tzlich ist zu sagen, dass bei gesunden Menschen die Risiken und Chancen auf Komplikationen sehr gering sind. Durch gute Informationen, eine vollst\u00e4ndige Anamnese (einschlie\u00dflich Ihrer medizinischen Vorgeschichte, z. B. Drogenkonsum, keine Probleme mit vorangegangenen Operationen, Allergien) und unsere professionelle Vorgehensweise bringen wir diese Risiken auf ein absolutes Minimum. Sie k\u00f6nnen helfen, bestimmte Risiken zu reduzieren, indem Sie den Anweisungen folgen, die Sie vorab von unseren Plastischen Chirurgen erhalten haben.<\/p>\n<p><strong>Einige m\u00f6gliche Komplikationen einer Stirnstraffung k\u00f6nnen sein:<\/strong><\/p>\n<ul>\n<li>H\u00e4matom (eine Ansammlung von Blut unter der Haut, eine Entfernung ist notwendig)<\/li>\n<li>allergische Reaktionen auf die Narkose<\/li>\n<li>Infektionen<\/li>\n<li>Nachblutungen<\/li>\n<li>Gef\u00fchlsver\u00e4nderungen<\/li>\n<li>Narbenbildung<\/li>\n<\/ul>\n<p>[\/vc_column_text][\/vc_tab][vc_tab title=&#8220;Fragen&#8220; tab_id=&#8220;1444055347868-7-2abf7-7e8f&#8220;][vc_column_text]Sie k\u00f6nnen sich am besten telefonisch bei uns melden. Gerne vereinbaren wir mit Ihnen einen pers\u00f6nlichen Termin, um die M\u00f6glichkeiten zu besprechen. Sie k\u00f6nnen uns unter folgender Telefonnummer erreichen: (+49) 256 27261249.[\/vc_column_text][\/vc_tab][\/vc_tabs][\/vc_column][\/vc_row][vc_row][vc_column][vc_empty_space height=&#8220;40px&#8220;]<section class=\"logos-grid wf-container\" data-width=\"110px\" data-columns=\"5\"><div class=\"wf-cell\"><div><a class=\"layzr-bg\" href=\"https:\/\/www.narconova-klinik.com\/fachrichtungen\/plastisch-%C3%A4sthetische-chirurgie\/\" target=\"_blank\" title=\"\" ><img loading=\"lazy\" decoding=\"async\" class=\"fadeIn animate-element lazy-load\" src=\"data:image\/svg+xml;charset=utf-8,%3Csvg xmlns%3D&#039;http%3A%2F%2Fwww.w3.org%2F2000%2Fsvg&#039; viewBox%3D&#039;0 0 175 125&#039;%2F%3E\" width=\"175\" height=\"125\" alt=\"Narconova Klinik GmbH\" data-srcset=\"https:\/\/plastische-chirurgie-praxis.com\/wp-content\/uploads\/2017\/05\/narconova-praxis-tavus-bocholt.png 350w\" data-src=\"https:\/\/plastische-chirurgie-praxis.com\/wp-content\/uploads\/2017\/05\/narconova-praxis-tavus-bocholt.png\" \/><\/a><\/div><\/div><div class=\"wf-cell\"><div><a class=\"layzr-bg\" href=\"https:\/\/www.klinikrothenbaum.de\/deutsch\/aerzteteam\/aerzte-nach-fachgebieten\/\" target=\"_blank\" title=\"\" ><img loading=\"lazy\" decoding=\"async\" class=\"fadeIn animate-element lazy-load\" src=\"data:image\/svg+xml;charset=utf-8,%3Csvg xmlns%3D&#039;http%3A%2F%2Fwww.w3.org%2F2000%2Fsvg&#039; viewBox%3D&#039;0 0 175 125&#039;%2F%3E\" width=\"175\" height=\"125\" alt=\"Praxisklinik am Rothenbaum\" data-srcset=\"https:\/\/plastische-chirurgie-praxis.com\/wp-content\/uploads\/2017\/03\/klinikrothenbaum-praxis-tavus-hamburg.png 350w\" data-src=\"https:\/\/plastische-chirurgie-praxis.com\/wp-content\/uploads\/2017\/03\/klinikrothenbaum-praxis-tavus-hamburg.png\" \/><\/a><\/div><\/div><div class=\"wf-cell\"><div><a class=\"layzr-bg\" href=\"http:\/\/www.st-antonius-gronau.de\/index.php\/hospital\/ambulante-angebote\/gesundheitszentrum.html\" target=\"_blank\" title=\"\" ><img loading=\"lazy\" decoding=\"async\" class=\"fadeIn animate-element lazy-load\" src=\"data:image\/svg+xml;charset=utf-8,%3Csvg xmlns%3D&#039;http%3A%2F%2Fwww.w3.org%2F2000%2Fsvg&#039; viewBox%3D&#039;0 0 175 125&#039;%2F%3E\" width=\"175\" height=\"125\" alt=\"St. Antonius-Hospital\" data-srcset=\"https:\/\/plastische-chirurgie-praxis.com\/wp-content\/uploads\/2016\/04\/St.-Antonius-Hospital-Gronau.png 350w\" data-src=\"https:\/\/plastische-chirurgie-praxis.com\/wp-content\/uploads\/2016\/04\/St.-Antonius-Hospital-Gronau.png\" \/><\/a><\/div><\/div><div class=\"wf-cell\"><div><a class=\"layzr-bg\" href=\"http:\/\/www.dgpraec.de\/\" target=\"_blank\" title=\"\" ><img loading=\"lazy\" decoding=\"async\" class=\"fadeIn animate-element lazy-load\" src=\"data:image\/svg+xml;charset=utf-8,%3Csvg xmlns%3D&#039;http%3A%2F%2Fwww.w3.org%2F2000%2Fsvg&#039; viewBox%3D&#039;0 0 175 125&#039;%2F%3E\" width=\"175\" height=\"125\" alt=\"DGPRAC\" data-srcset=\"https:\/\/plastische-chirurgie-praxis.com\/wp-content\/uploads\/2015\/12\/DGPRAC-logo2.jpg 350w\" data-src=\"https:\/\/plastische-chirurgie-praxis.com\/wp-content\/uploads\/2015\/12\/DGPRAC-logo2.jpg\" \/><\/a><\/div><\/div><div class=\"wf-cell\"><div><\/div><\/div><\/section>[\/vc_column][\/vc_row]<\/p>\n<\/div>","protected":false},"excerpt":{"rendered":"<p>[vc_row animation=&#8220;fadeIn&#8220;][vc_column][vc_custom_heading text=&#8220;Stirnstraffung&#8220; font_container=&#8220;tag:h1|text_align:left|color:%236996d1&#8243; use_theme_fonts=&#8220;yes&#8220;][\/vc_column][\/vc_row][vc_row animation=&#8220;fadeIn&#8220; margin_bottom=&#8220;20&#8243;][vc_column][vc_empty_space height=&#8220;40px&#8220;][vc_column_text] Warum eine Stirnstraffung? Schlaffe Augenbrauen geben einen d\u00fcsteren Ausdruck im Gesicht. Wenn nur der \u00e4u\u00dfere Teil der Augenbraue nachgelassen hat, kann eine Stirnstraffung dies \u00e4ndern. Der Plastische Chirurg kann bestimmen, ob die Stirnstraffung bei Ihnen m\u00f6glich ist und ob das gew\u00fcnschte Ergebnis mittels einer Stirnstraffung erreicht werden&hellip;<\/p>\n","protected":false},"author":2,"featured_media":0,"parent":0,"menu_order":0,"comment_status":"closed","ping_status":"closed","template":"","meta":{"_exactmetrics_skip_tracking":false,"_exactmetrics_sitenote_active":false,"_exactmetrics_sitenote_note":"","_exactmetrics_sitenote_category":0,"footnotes":""},"class_list":["post-1169","page","type-page","status-publish","hentry","description-off"],"yoast_head":"<!-- This site is optimized with the Yoast SEO plugin v27.2 - https:\/\/yoast.com\/product\/yoast-seo-wordpress\/ -->\n<title>Stirnstraffung - Praxis Tavus - Gronau - Nordhorn - M\u00fcnster<\/title>\n<meta name=\"description\" content=\"Stirnstraffung Bei Praxis Tavus? \u2713unverbindlichen Beratungstermin \u2713hervorragende Nachsorge \u2713Finanzierung ist moglich! Tel: +49 256 27261249\" \/>\n<meta name=\"robots\" content=\"index, follow, max-snippet:-1, max-image-preview:large, max-video-preview:-1\" \/>\n<link rel=\"canonical\" href=\"https:\/\/plastische-chirurgie-praxis.com\/de\/stirnstraffung\/\" \/>\n<meta property=\"og:locale\" content=\"de_DE\" \/>\n<meta property=\"og:type\" content=\"article\" \/>\n<meta property=\"og:title\" content=\"Stirnstraffung - Praxis Tavus - Gronau - Nordhorn - M\u00fcnster\" \/>\n<meta property=\"og:description\" content=\"Stirnstraffung Bei Praxis Tavus? \u2713unverbindlichen Beratungstermin \u2713hervorragende Nachsorge \u2713Finanzierung ist moglich! Tel: +49 256 27261249\" \/>\n<meta property=\"og:url\" content=\"https:\/\/plastische-chirurgie-praxis.com\/de\/stirnstraffung\/\" \/>\n<meta property=\"og:site_name\" content=\"Privatpraxis Tavus\" \/>\n<meta property=\"article:publisher\" content=\"https:\/\/www.facebook.com\/PraxisTavus\" \/>\n<meta property=\"article:modified_time\" content=\"2020-12-07T16:54:03+00:00\" \/>\n<meta property=\"og:image\" content=\"https:\/\/plastische-chirurgie-praxis.com\/wp-content\/uploads\/2015\/09\/Logo_normal.png\" \/>\n\t<meta property=\"og:image:width\" content=\"476\" \/>\n\t<meta property=\"og:image:height\" content=\"200\" \/>\n\t<meta property=\"og:image:type\" content=\"image\/png\" \/>\n<meta name=\"twitter:card\" content=\"summary_large_image\" \/>\n<meta name=\"twitter:site\" content=\"@PraxisTavus\" \/>\n<meta name=\"twitter:label1\" content=\"Gesch\u00e4tzte Lesezeit\" \/>\n\t<meta name=\"twitter:data1\" content=\"4\u00a0Minuten\" \/>\n<script type=\"application\/ld+json\" class=\"yoast-schema-graph\">{\"@context\":\"https:\/\/schema.org\",\"@graph\":[{\"@type\":\"WebPage\",\"@id\":\"https:\/\/plastische-chirurgie-praxis.com\/de\/stirnstraffung\/\",\"url\":\"https:\/\/plastische-chirurgie-praxis.com\/de\/stirnstraffung\/\",\"name\":\"Stirnstraffung - Praxis Tavus - Gronau - Nordhorn - M\u00fcnster\",\"isPartOf\":{\"@id\":\"https:\/\/plastische-chirurgie-praxis.com\/#website\"},\"datePublished\":\"2015-10-04T15:15:45+00:00\",\"dateModified\":\"2020-12-07T16:54:03+00:00\",\"description\":\"Stirnstraffung Bei Praxis Tavus? \u2713unverbindlichen Beratungstermin \u2713hervorragende Nachsorge \u2713Finanzierung ist moglich! Tel: +49 256 27261249\",\"breadcrumb\":{\"@id\":\"https:\/\/plastische-chirurgie-praxis.com\/de\/stirnstraffung\/#breadcrumb\"},\"inLanguage\":\"de\",\"potentialAction\":[{\"@type\":\"ReadAction\",\"target\":[\"https:\/\/plastische-chirurgie-praxis.com\/de\/stirnstraffung\/\"]}]},{\"@type\":\"BreadcrumbList\",\"@id\":\"https:\/\/plastische-chirurgie-praxis.com\/de\/stirnstraffung\/#breadcrumb\",\"itemListElement\":[{\"@type\":\"ListItem\",\"position\":1,\"name\":\"Praxis Tavus\",\"item\":\"http:\/\/plastische-chirurgie-praxis.com\/de\/\"},{\"@type\":\"ListItem\",\"position\":2,\"name\":\"Stirnstraffung\"}]},{\"@type\":\"WebSite\",\"@id\":\"https:\/\/plastische-chirurgie-praxis.com\/#website\",\"url\":\"https:\/\/plastische-chirurgie-praxis.com\/\",\"name\":\"Privatpraxis Tavus\",\"description\":\"Plastische &amp; Asthetische Chirurgie\",\"publisher\":{\"@id\":\"https:\/\/plastische-chirurgie-praxis.com\/#organization\"},\"potentialAction\":[{\"@type\":\"SearchAction\",\"target\":{\"@type\":\"EntryPoint\",\"urlTemplate\":\"https:\/\/plastische-chirurgie-praxis.com\/?s={search_term_string}\"},\"query-input\":{\"@type\":\"PropertyValueSpecification\",\"valueRequired\":true,\"valueName\":\"search_term_string\"}}],\"inLanguage\":\"de\"},{\"@type\":\"Organization\",\"@id\":\"https:\/\/plastische-chirurgie-praxis.com\/#organization\",\"name\":\"Praxis Tavus: Plastische & Asthetische Chirurgie\",\"url\":\"https:\/\/plastische-chirurgie-praxis.com\/\",\"logo\":{\"@type\":\"ImageObject\",\"inLanguage\":\"de\",\"@id\":\"https:\/\/plastische-chirurgie-praxis.com\/#\/schema\/logo\/image\/\",\"url\":\"http:\/\/plastische-chirurgie-praxis.com\/wp-content\/uploads\/2015\/09\/Logo_normal.png\",\"contentUrl\":\"http:\/\/plastische-chirurgie-praxis.com\/wp-content\/uploads\/2015\/09\/Logo_normal.png\",\"width\":476,\"height\":200,\"caption\":\"Praxis Tavus: Plastische & Asthetische Chirurgie\"},\"image\":{\"@id\":\"https:\/\/plastische-chirurgie-praxis.com\/#\/schema\/logo\/image\/\"},\"sameAs\":[\"https:\/\/www.facebook.com\/PraxisTavus\",\"https:\/\/x.com\/PraxisTavus\"]}]}<\/script>\n<!-- \/ Yoast SEO plugin. -->","yoast_head_json":{"title":"Stirnstraffung - Praxis Tavus - Gronau - Nordhorn - M\u00fcnster","description":"Stirnstraffung Bei Praxis Tavus? \u2713unverbindlichen Beratungstermin \u2713hervorragende Nachsorge \u2713Finanzierung ist moglich! Tel: +49 256 27261249","robots":{"index":"index","follow":"follow","max-snippet":"max-snippet:-1","max-image-preview":"max-image-preview:large","max-video-preview":"max-video-preview:-1"},"canonical":"https:\/\/plastische-chirurgie-praxis.com\/de\/stirnstraffung\/","og_locale":"de_DE","og_type":"article","og_title":"Stirnstraffung - Praxis Tavus - Gronau - Nordhorn - M\u00fcnster","og_description":"Stirnstraffung Bei Praxis Tavus? \u2713unverbindlichen Beratungstermin \u2713hervorragende Nachsorge \u2713Finanzierung ist moglich! Tel: +49 256 27261249","og_url":"https:\/\/plastische-chirurgie-praxis.com\/de\/stirnstraffung\/","og_site_name":"Privatpraxis Tavus","article_publisher":"https:\/\/www.facebook.com\/PraxisTavus","article_modified_time":"2020-12-07T16:54:03+00:00","og_image":[{"width":476,"height":200,"url":"https:\/\/plastische-chirurgie-praxis.com\/wp-content\/uploads\/2015\/09\/Logo_normal.png","type":"image\/png"}],"twitter_card":"summary_large_image","twitter_site":"@PraxisTavus","twitter_misc":{"Gesch\u00e4tzte Lesezeit":"4\u00a0Minuten"},"schema":{"@context":"https:\/\/schema.org","@graph":[{"@type":"WebPage","@id":"https:\/\/plastische-chirurgie-praxis.com\/de\/stirnstraffung\/","url":"https:\/\/plastische-chirurgie-praxis.com\/de\/stirnstraffung\/","name":"Stirnstraffung - Praxis Tavus - Gronau - Nordhorn - M\u00fcnster","isPartOf":{"@id":"https:\/\/plastische-chirurgie-praxis.com\/#website"},"datePublished":"2015-10-04T15:15:45+00:00","dateModified":"2020-12-07T16:54:03+00:00","description":"Stirnstraffung Bei Praxis Tavus? \u2713unverbindlichen Beratungstermin \u2713hervorragende Nachsorge \u2713Finanzierung ist moglich! Tel: +49 256 27261249","breadcrumb":{"@id":"https:\/\/plastische-chirurgie-praxis.com\/de\/stirnstraffung\/#breadcrumb"},"inLanguage":"de","potentialAction":[{"@type":"ReadAction","target":["https:\/\/plastische-chirurgie-praxis.com\/de\/stirnstraffung\/"]}]},{"@type":"BreadcrumbList","@id":"https:\/\/plastische-chirurgie-praxis.com\/de\/stirnstraffung\/#breadcrumb","itemListElement":[{"@type":"ListItem","position":1,"name":"Praxis Tavus","item":"http:\/\/plastische-chirurgie-praxis.com\/de\/"},{"@type":"ListItem","position":2,"name":"Stirnstraffung"}]},{"@type":"WebSite","@id":"https:\/\/plastische-chirurgie-praxis.com\/#website","url":"https:\/\/plastische-chirurgie-praxis.com\/","name":"Privatpraxis Tavus","description":"Plastische &amp; Asthetische Chirurgie","publisher":{"@id":"https:\/\/plastische-chirurgie-praxis.com\/#organization"},"potentialAction":[{"@type":"SearchAction","target":{"@type":"EntryPoint","urlTemplate":"https:\/\/plastische-chirurgie-praxis.com\/?s={search_term_string}"},"query-input":{"@type":"PropertyValueSpecification","valueRequired":true,"valueName":"search_term_string"}}],"inLanguage":"de"},{"@type":"Organization","@id":"https:\/\/plastische-chirurgie-praxis.com\/#organization","name":"Praxis Tavus: Plastische & Asthetische Chirurgie","url":"https:\/\/plastische-chirurgie-praxis.com\/","logo":{"@type":"ImageObject","inLanguage":"de","@id":"https:\/\/plastische-chirurgie-praxis.com\/#\/schema\/logo\/image\/","url":"http:\/\/plastische-chirurgie-praxis.com\/wp-content\/uploads\/2015\/09\/Logo_normal.png","contentUrl":"http:\/\/plastische-chirurgie-praxis.com\/wp-content\/uploads\/2015\/09\/Logo_normal.png","width":476,"height":200,"caption":"Praxis Tavus: Plastische & Asthetische Chirurgie"},"image":{"@id":"https:\/\/plastische-chirurgie-praxis.com\/#\/schema\/logo\/image\/"},"sameAs":["https:\/\/www.facebook.com\/PraxisTavus","https:\/\/x.com\/PraxisTavus"]}]}},"_links":{"self":[{"href":"https:\/\/plastische-chirurgie-praxis.com\/de\/wp-json\/wp\/v2\/pages\/1169","targetHints":{"allow":["GET"]}}],"collection":[{"href":"https:\/\/plastische-chirurgie-praxis.com\/de\/wp-json\/wp\/v2\/pages"}],"about":[{"href":"https:\/\/plastische-chirurgie-praxis.com\/de\/wp-json\/wp\/v2\/types\/page"}],"author":[{"embeddable":true,"href":"https:\/\/plastische-chirurgie-praxis.com\/de\/wp-json\/wp\/v2\/users\/2"}],"replies":[{"embeddable":true,"href":"https:\/\/plastische-chirurgie-praxis.com\/de\/wp-json\/wp\/v2\/comments?post=1169"}],"version-history":[{"count":17,"href":"https:\/\/plastische-chirurgie-praxis.com\/de\/wp-json\/wp\/v2\/pages\/1169\/revisions"}],"predecessor-version":[{"id":2230,"href":"https:\/\/plastische-chirurgie-praxis.com\/de\/wp-json\/wp\/v2\/pages\/1169\/revisions\/2230"}],"wp:attachment":[{"href":"https:\/\/plastische-chirurgie-praxis.com\/de\/wp-json\/wp\/v2\/media?parent=1169"}],"curies":[{"name":"wp","href":"https:\/\/api.w.org\/{rel}","templated":true}]}}