{"id":1198,"date":"2015-10-04T17:00:58","date_gmt":"2015-10-04T15:00:58","guid":{"rendered":"http:\/\/plastische-chirurgie-praxis.com\/borstvergroting\/?lang=de"},"modified":"2020-12-07T17:49:57","modified_gmt":"2020-12-07T16:49:57","slug":"brustvergrosserung","status":"publish","type":"page","link":"https:\/\/plastische-chirurgie-praxis.com\/de\/brustvergrosserung\/","title":{"rendered":"Brustvergr\u00f6\u03b2erung"},"content":{"rendered":"<div class=\"wpb-content-wrapper\"><p>[vc_row animation=&#8220;fadeIn&#8220;][vc_column][vc_custom_heading text=&#8220;Brustvergr\u00f6\u03b2erung&#8220; font_container=&#8220;tag:h1|text_align:left|color:%236996d1&#8243; use_theme_fonts=&#8220;yes&#8220;]<div class=\"hr-thin style-line accent-border-color\" style=\"width: 100%;border-top-width: 5px;\"><\/div>[\/vc_column][\/vc_row][vc_row animation=&#8220;fadeIn&#8220; margin_bottom=&#8220;20&#8243;][vc_column][vc_empty_space height=&#8220;40px&#8220;][vc_column_text]<\/p>\n<h2><span style=\"color: #808080;\"><em><b>Warum sollte ich meine Brust vergr\u00f6\u00dfern lassen?<\/b><\/em><\/span><\/h2>\n<p>Wenn Sie mit der Gr\u00f6\u00dfe oder Form Ihrer Br\u00fcste nicht zufrieden sind, dann ist vielleicht eine Vergr\u00f6\u00dferung Ihrer Br\u00fcste eine gute L\u00f6sung.<\/p>\n<p>Die Hauptgr\u00fcnde einer Brustvergr\u00f6\u00dferung sind in den meisten F\u00e4llen eine von der Natur aus zu kleine Brust. F\u00fcr viele Frauen ist die Gr\u00f6\u00dfe der Brust zum Verh\u00e4ltnis des K\u00f6rpers ein wichtiger Bestandteil, um sich im eigenen K\u00f6rper wohlzuf\u00fchlen.<\/p>\n<p>Bei einer Brustvergr\u00f6\u00dferung haben Sie die M\u00f6glichkeit, die Gr\u00f6\u00dfe und Form Ihrer Brust mittels Brustimplantaten anzupassen. Unsere Plastischen Chirurgen arbeiten nur mit den sichersten und getesteten Brustimplantaten. Gerne informieren wir Sie in einem pers\u00f6nlichen Beratungsgespr\u00e4ch \u00fcber die M\u00f6glichkeiten einer Brustvergr\u00f6\u00dferung.<\/p>\n<p>[\/vc_column_text][vc_empty_space height=&#8220;20px&#8220;][\/vc_column][\/vc_row][vc_row animation=&#8220;fadeIn&#8220;][vc_column][vc_tabs interval=&#8220;0&#8243; style=&#8220;tab-style-four&#8220;][vc_tab title=&#8220;Allgemeine Information&#8220; tab_id=&#8220;6eb3ad0b-8d82-1&#8243;][vc_column_text]Der Eingriff wird in erster Linie bei Frauen ausgef\u00fchrt, die Probleme mit der Gr\u00f6\u00dfe und der Form der Brust haben. Auch Frauen nach einer Schwangerschaft oder Frauen, die einen gr\u00f6\u00dferen Gewichtsverlust verzeichnen, entschlie\u00dfen sich f\u00fcr eine Operation, da die Elastizit\u00e4t der Brust nachgelassen hat. Durch ein weiches und nat\u00fcrlich anf\u00fchlendes Silikonimplantat bekommen Ihre Br\u00fcste wieder ein sch\u00f6nes Dekollet\u00e9.[\/vc_column_text][\/vc_tab][vc_tab title=&#8220;Behandlung&#8220; tab_id=&#8220;1444055223835-2-1&#8243;][vc_column_text]<span lang=\"DE\">Eine Brustvergr\u00f6\u00dferung findet immer unter Vollnarkose statt. Sie d\u00fcrfen am selben Tag das Krankenhaus unter Begleitung verlassen.<\/span><\/p>\n<p><span lang=\"DE\">Vor der Operation bespricht der plastische Chirurg noch einmal den Eingriff mit Ihnen. Dabei wird die genaue Bestimmung, mittels einer Zeichnung auf Ihrem K\u00f6rper, der Platzierung der Implantate angegeben. Danach wird der An\u00e4sthesist die Narkose mit Ihnen besprechen. Nachdem alle Fragen beantwortet sind, werden Sie in Narkose versetzt.<\/span><\/p>\n<p><span lang=\"DE\">In der Falte der zuk\u00fcnftigen Brust wird ein Schnitt gemacht. Der Plastische Chirurg wird dann das Implantat an der vorgesehenen Stelle platzieren.<\/span><\/p>\n<p><span lang=\"DE\">Das Implantat kann auf verschiedene Arten platziert werden. Der Plastische Chirurg kann das Implantat auf dem Brustmuskel, im Ganzen unter dem Brustmuskel oder auch halb (dual-plane) unter dem Brustmuskel platzieren. W\u00e4hrend des Beratungsgespr\u00e4chs wird der Plastische Chirurg mit Ihnen genau besprechen, was in Ihrem Fall das bestm\u00f6gliche Ergebnis geben wird.<\/span><\/p>\n<p><span lang=\"DE\">Der wichtigste Aspekt, warum ein Implantat unter dem Brustmuskel platziert wird, ist die Dicke der Haut und des Fettgewebes. Sollte die Haut nicht dick genug sein, wird das Implantat halb bzw. ganz unter dem Brustmuskel platziert, um somit ein nat\u00fcrliches Resultat zu erzielen. Nachdem das Implantat an der richtigen Stelle platziert ist, wird die Wunde vern\u00e4ht und mit Steristrips beklebt.<\/span>[\/vc_column_text][\/vc_tab][vc_tab title=&#8220;Nachsorge und Erholungsphase&#8220; tab_id=&#8220;1444055225179-3-3&#8243;][vc_column_text]<strong>Sport-BH<br \/>\n<\/strong>Nach der Brustvergr\u00f6\u00dferung bekommen Sie von der Praxis einen Sport-BH. Es ist sehr wichtig, dass Sie diesen BH die folgenden sechs Wochen Tag und Nacht tragen.<\/p>\n<p><strong>Erholunsphase<br \/>\n<\/strong>Nach der Operation ist es m\u00f6glich, dass Sie dr\u00fcckende und ziehende Schmerzen in der Brust haben. Dar\u00fcber hinaus sind die Br\u00fcste und Brustwarzen einige Zeit taub. Bei einigen Patienten kommt es vor, dass die Brust nicht gleichm\u00e4\u00dfig geschwollen ist. Die eine Brust kann mehr Schmerzen verursachen als die andere. Dies ist aber alles ganz normal.<\/p>\n<p>Die Schwellungen der Brust werden etwa nach drei Tagen ihren H\u00f6hepunkt erreicht haben und danach wieder abnehmen. Im Allgemeinen brauchen Sie ca. 3 bis 7 Tage, um sich von der Brustvergr\u00f6\u00dferung zu erholen.<\/p>\n<p>Bei einer Platzierung der Implantate ganz oder halb unter den Brustmuskel kann sich die Erholungsphase etwas verl\u00e4ngern.<\/p>\n<p><strong>Nachbehandlung<br \/>\n<\/strong>Unsere Mitarbeiter tun Ihr M\u00f6glichstes, um f\u00fcr Sie das bestm\u00f6gliche Ergebnis zu erzielen. Wir bitten Sie daher, die Anweisungen unserer Mitarbeiter zu befolgen, damit es zu keinerlei Komplikationen kommt.<\/p>\n<p><strong>Kontrolle<\/strong><\/p>\n<ul>\n<li>Einen Tag nach dem Eingriff wird eine Mitarbeiterin Kontakt mit Ihnen aufnehmen, so k\u00f6nnen wir sicher sein, dass alles in Ordnung ist.<\/li>\n<li>Am darauffolgenden Tag werden Sie zu Ihren ersten Kontrollbesuch in der Praxis erwartet. W\u00e4hrend dieses Termins, wird die Wunde kontrolliert und ein weiterer Termin vereinbart.<\/li>\n<li>Nach drei Monaten werden Sie zur Endkontrolle bei Ihrem Plastischen Chirurgen erwartet. Bei diesem Termin werden auch Fotos f\u00fcr Ihre medizinische Akte gemacht.<\/li>\n<\/ul>\n<p>[\/vc_column_text][\/vc_tab][vc_tab title=&#8220;Resultat&#8220; tab_id=&#8220;1444055235999-4-9&#8243;][vc_column_text]<span lang=\"DE\">Das endg\u00fcltige Ergebnis der Brustvergr\u00f6\u00dferung ist erst nach einigen Monaten sichtbar. Sie werden einen deutlichen Unterschied des Volumens und der Form der Brust bemerken. Bei vielen Frauen nimmt das Selbstvertrauen nach einer Brustvergr\u00f6\u00dferung zu.<\/span><\/p>\n<p><span lang=\"DE\">Im Allgemeinen ist das Ergebnis nach einer Brustvergr\u00f6\u00dferung dauerhaft. Solange Ihre Br\u00fcste ein geschmeidiges Gef\u00fchl und Aussehen haben, gibt es keinen Grund, die Implantate zu ersetzen.<\/span><\/p>\n<p><strong><span lang=\"DE\">Narben<\/span><\/strong><b><span lang=\"DE\"><br \/>\n<\/span><\/b><span lang=\"DE\">Die Narben nach einer Brustvergr\u00f6\u00dferung entstehen genau in der Falte der Haut unter der Brust. Im Durchschnitt betr\u00e4gt die Narbe vier bis f\u00fcnf Zentimeter. Der Plastische Chirurg wird alles tun, um die Narben kaum sichtbar zu machen. Bitte denken Sie daran, die Narben von der Sonne fernzuhalten. Im ersten Jahr ist von einem Besuch einer Sonnenbank abzuraten.<\/span>[\/vc_column_text][\/vc_tab][vc_tab title=&#8220;Risiko und Komplikationen&#8220; tab_id=&#8220;1444055299658-5-5&#8243;][vc_column_text]Sie sollten sich bewusst sein, dass bei jedem chirurgischen Eingriff Risiken und Komplikationen vorkommen k\u00f6nnen. Bei einem plastischen Chirurgie-Verfahren sind die Risiken und Komplikationen bei gesunden Menschen sehr gering. Durch gute Informationen, eine vollst\u00e4ndige Anamnese (einschlie\u00dflich Ihrer medizinischen Vorgeschichte, z. B. Drogenkonsum, keine Probleme mit vorangegangenen Operationen, Allergien) und unsere professionelle Vorgehensweise bringen wir diese Risiken auf ein absolutes Minimum.<\/p>\n<p><strong>M\u00f6gliche Komplikationen einer Brustvergr\u00f6\u00dferung k\u00f6nnen sein:<\/strong><\/p>\n<ul>\n<li>H\u00e4matom (eine Ansammlung von Blut unter der Haut, eine Entfernung ist notwendig)<\/li>\n<li>allergische Reaktionen auf die Narkose<\/li>\n<li>Infektionen<\/li>\n<li>Kapselfibrose<\/li>\n<li>Implantat-Ruptur<\/li>\n<li>Taubheitsgef\u00fchl<\/li>\n<li>verdickte, hypertrophe Narben<\/li>\n<li>unbefriedigendes \u00e4sthetisches Ergebnis<\/li>\n<\/ul>\n<p><strong>Kapselfibrose<br \/>\n<\/strong>Narbengewebe, das sich rund um die Implantate in dem K\u00f6rper bildet, strafft die Brust und kann m\u00f6glicherweise schmerzhaft sein. \u00dcberm\u00e4\u00dfige Verh\u00e4rtungen der Br\u00fcste k\u00f6nnen direkt nach dem Eingriff oder auch erst Jahre danach auftreten. Die sogenannte Kapselfibrose kann einseitig oder auch beidseitig auftreten. Das Risiko einer Kapselfibrose erh\u00f6ht sich bei einer Platzierung des Implantats auf dem Brustmuskel.<\/p>\n<p>Behandlungsm\u00f6glichkeit bei einer Kapselfibrose w\u00e4re eine weitere Operation, wobei die Implantate ersetzt oder entfernt werden. Auch bei diesem Eingriff kann es zu einer Kapselfibrose kommen.<\/p>\n<p><strong>Rauchen<br \/>\n<\/strong>Patienten, die zum Zeitpunkt der Operation rauchen, Tabakwaren oder Nikotinprodukte (wie Nikotinpflaster oder Kaugummi) gebrauchen, haben ein h\u00f6heres Risiko von Komplikationen, z.B. Absterben der Haut (Hautnekrose) und Wundheilungsst\u00f6rung. Rauchen kann sich negativ auf die Narkose auswirken und hat auch ein erh\u00f6htes Risiko von Blutungen. Es ist wichtig, mindestens zwei Wochen vor der Operation bis drei Wochen nach der Operation nicht zu rauchen.[\/vc_column_text][\/vc_tab][vc_tab title=&#8220;Fragen&#8220; tab_id=&#8220;1444055347868-7-2&#8243;][vc_column_text]Sie k\u00f6nnen sich am besten telefonisch bei uns melden. Gerne vereinbaren wir mit Ihnen einen pers\u00f6nlichen Termin, um die M\u00f6glichkeiten zu besprechen. Sie k\u00f6nnen uns unter folgender Telefonnummer erreichen: (+49) 256 27261249.[\/vc_column_text][\/vc_tab][\/vc_tabs][\/vc_column][\/vc_row][vc_row][vc_column][vc_empty_space height=&#8220;40px&#8220;]<section class=\"logos-grid wf-container\" data-width=\"110px\" data-columns=\"5\"><div class=\"wf-cell\"><div><a class=\"layzr-bg\" href=\"https:\/\/www.narconova-klinik.com\/fachrichtungen\/plastisch-%C3%A4sthetische-chirurgie\/\" target=\"_blank\" title=\"\" ><img loading=\"lazy\" decoding=\"async\" class=\"fadeIn animate-element lazy-load\" src=\"data:image\/svg+xml;charset=utf-8,%3Csvg xmlns%3D&#039;http%3A%2F%2Fwww.w3.org%2F2000%2Fsvg&#039; viewBox%3D&#039;0 0 175 125&#039;%2F%3E\" width=\"175\" height=\"125\" alt=\"Narconova Klinik GmbH\" data-srcset=\"https:\/\/plastische-chirurgie-praxis.com\/wp-content\/uploads\/2017\/05\/narconova-praxis-tavus-bocholt.png 350w\" data-src=\"https:\/\/plastische-chirurgie-praxis.com\/wp-content\/uploads\/2017\/05\/narconova-praxis-tavus-bocholt.png\" \/><\/a><\/div><\/div><div class=\"wf-cell\"><div><a class=\"layzr-bg\" href=\"https:\/\/www.klinikrothenbaum.de\/deutsch\/aerzteteam\/aerzte-nach-fachgebieten\/\" target=\"_blank\" title=\"\" ><img loading=\"lazy\" decoding=\"async\" class=\"fadeIn animate-element lazy-load\" src=\"data:image\/svg+xml;charset=utf-8,%3Csvg xmlns%3D&#039;http%3A%2F%2Fwww.w3.org%2F2000%2Fsvg&#039; viewBox%3D&#039;0 0 175 125&#039;%2F%3E\" width=\"175\" height=\"125\" alt=\"Praxisklinik am Rothenbaum\" data-srcset=\"https:\/\/plastische-chirurgie-praxis.com\/wp-content\/uploads\/2017\/03\/klinikrothenbaum-praxis-tavus-hamburg.png 350w\" data-src=\"https:\/\/plastische-chirurgie-praxis.com\/wp-content\/uploads\/2017\/03\/klinikrothenbaum-praxis-tavus-hamburg.png\" \/><\/a><\/div><\/div><div class=\"wf-cell\"><div><a class=\"layzr-bg\" href=\"http:\/\/www.st-antonius-gronau.de\/index.php\/hospital\/ambulante-angebote\/gesundheitszentrum.html\" target=\"_blank\" title=\"\" ><img loading=\"lazy\" decoding=\"async\" class=\"fadeIn animate-element lazy-load\" src=\"data:image\/svg+xml;charset=utf-8,%3Csvg xmlns%3D&#039;http%3A%2F%2Fwww.w3.org%2F2000%2Fsvg&#039; viewBox%3D&#039;0 0 175 125&#039;%2F%3E\" width=\"175\" height=\"125\" alt=\"St. Antonius-Hospital\" data-srcset=\"https:\/\/plastische-chirurgie-praxis.com\/wp-content\/uploads\/2016\/04\/St.-Antonius-Hospital-Gronau.png 350w\" data-src=\"https:\/\/plastische-chirurgie-praxis.com\/wp-content\/uploads\/2016\/04\/St.-Antonius-Hospital-Gronau.png\" \/><\/a><\/div><\/div><div class=\"wf-cell\"><div><a class=\"layzr-bg\" href=\"http:\/\/www.dgpraec.de\/\" target=\"_blank\" title=\"\" ><img loading=\"lazy\" decoding=\"async\" class=\"fadeIn animate-element lazy-load\" src=\"data:image\/svg+xml;charset=utf-8,%3Csvg xmlns%3D&#039;http%3A%2F%2Fwww.w3.org%2F2000%2Fsvg&#039; viewBox%3D&#039;0 0 175 125&#039;%2F%3E\" width=\"175\" height=\"125\" alt=\"DGPRAC\" data-srcset=\"https:\/\/plastische-chirurgie-praxis.com\/wp-content\/uploads\/2015\/12\/DGPRAC-logo2.jpg 350w\" data-src=\"https:\/\/plastische-chirurgie-praxis.com\/wp-content\/uploads\/2015\/12\/DGPRAC-logo2.jpg\" \/><\/a><\/div><\/div><div class=\"wf-cell\"><div><\/div><\/div><\/section>[\/vc_column][\/vc_row]<\/p>\n<\/div>","protected":false},"excerpt":{"rendered":"<p>[vc_row animation=&#8220;fadeIn&#8220;][vc_column][vc_custom_heading text=&#8220;Brustvergr\u00f6\u03b2erung&#8220; font_container=&#8220;tag:h1|text_align:left|color:%236996d1&#8243; use_theme_fonts=&#8220;yes&#8220;][\/vc_column][\/vc_row][vc_row animation=&#8220;fadeIn&#8220; margin_bottom=&#8220;20&#8243;][vc_column][vc_empty_space height=&#8220;40px&#8220;][vc_column_text] Warum sollte ich meine Brust vergr\u00f6\u00dfern lassen? Wenn Sie mit der Gr\u00f6\u00dfe oder Form Ihrer Br\u00fcste nicht zufrieden sind, dann ist vielleicht eine Vergr\u00f6\u00dferung Ihrer Br\u00fcste eine gute L\u00f6sung. Die Hauptgr\u00fcnde einer Brustvergr\u00f6\u00dferung sind in den meisten F\u00e4llen eine von der Natur aus zu kleine Brust. F\u00fcr&hellip;<\/p>\n","protected":false},"author":2,"featured_media":0,"parent":0,"menu_order":0,"comment_status":"closed","ping_status":"closed","template":"","meta":{"_exactmetrics_skip_tracking":false,"_exactmetrics_sitenote_active":false,"_exactmetrics_sitenote_note":"","_exactmetrics_sitenote_category":0,"footnotes":""},"class_list":["post-1198","page","type-page","status-publish","hentry","description-off"],"yoast_head":"<!-- This site is optimized with the Yoast SEO plugin v27.2 - https:\/\/yoast.com\/product\/yoast-seo-wordpress\/ -->\n<title>Brustvergr\u00f6\u03b2erung - Praxis Tavus - Gronau - Nordhorn - M\u00fcnster<\/title>\n<meta name=\"description\" content=\"Brustvergr\u00f6\u03b2erung Bei Praxis Tavus? \u2713ohne Drainagen \u2713kostenlosen Erstberatung \u2713hervorragende Nachsorge \u2713Finanzierung ist moglich! Tel: +49 256 27261249\" \/>\n<meta name=\"robots\" content=\"index, follow, max-snippet:-1, max-image-preview:large, max-video-preview:-1\" \/>\n<link rel=\"canonical\" href=\"https:\/\/plastische-chirurgie-praxis.com\/de\/brustvergrosserung\/\" \/>\n<meta property=\"og:locale\" content=\"de_DE\" \/>\n<meta property=\"og:type\" content=\"article\" \/>\n<meta property=\"og:title\" content=\"Brustvergr\u00f6\u03b2erung - Praxis Tavus - Gronau - Nordhorn - M\u00fcnster\" \/>\n<meta property=\"og:description\" content=\"Brustvergr\u00f6\u03b2erung Bei Praxis Tavus? \u2713ohne Drainagen \u2713kostenlosen Erstberatung \u2713hervorragende Nachsorge \u2713Finanzierung ist moglich! Tel: +49 256 27261249\" \/>\n<meta property=\"og:url\" content=\"https:\/\/plastische-chirurgie-praxis.com\/de\/brustvergrosserung\/\" \/>\n<meta property=\"og:site_name\" content=\"Privatpraxis Tavus\" \/>\n<meta property=\"article:publisher\" content=\"https:\/\/www.facebook.com\/PraxisTavus\" \/>\n<meta property=\"article:modified_time\" content=\"2020-12-07T16:49:57+00:00\" \/>\n<meta property=\"og:image\" content=\"https:\/\/plastische-chirurgie-praxis.com\/wp-content\/uploads\/2015\/09\/Logo_normal.png\" \/>\n\t<meta property=\"og:image:width\" content=\"476\" \/>\n\t<meta property=\"og:image:height\" content=\"200\" \/>\n\t<meta property=\"og:image:type\" content=\"image\/png\" \/>\n<meta name=\"twitter:card\" content=\"summary_large_image\" \/>\n<meta name=\"twitter:site\" content=\"@PraxisTavus\" \/>\n<meta name=\"twitter:label1\" content=\"Gesch\u00e4tzte Lesezeit\" \/>\n\t<meta name=\"twitter:data1\" content=\"6\u00a0Minuten\" \/>\n<script type=\"application\/ld+json\" class=\"yoast-schema-graph\">{\"@context\":\"https:\/\/schema.org\",\"@graph\":[{\"@type\":\"WebPage\",\"@id\":\"https:\/\/plastische-chirurgie-praxis.com\/de\/brustvergrosserung\/\",\"url\":\"https:\/\/plastische-chirurgie-praxis.com\/de\/brustvergrosserung\/\",\"name\":\"Brustvergr\u00f6\u03b2erung - Praxis Tavus - Gronau - Nordhorn - M\u00fcnster\",\"isPartOf\":{\"@id\":\"https:\/\/plastische-chirurgie-praxis.com\/#website\"},\"datePublished\":\"2015-10-04T15:00:58+00:00\",\"dateModified\":\"2020-12-07T16:49:57+00:00\",\"description\":\"Brustvergr\u00f6\u03b2erung Bei Praxis Tavus? \u2713ohne Drainagen \u2713kostenlosen Erstberatung \u2713hervorragende Nachsorge \u2713Finanzierung ist moglich! Tel: +49 256 27261249\",\"breadcrumb\":{\"@id\":\"https:\/\/plastische-chirurgie-praxis.com\/de\/brustvergrosserung\/#breadcrumb\"},\"inLanguage\":\"de\",\"potentialAction\":[{\"@type\":\"ReadAction\",\"target\":[\"https:\/\/plastische-chirurgie-praxis.com\/de\/brustvergrosserung\/\"]}]},{\"@type\":\"BreadcrumbList\",\"@id\":\"https:\/\/plastische-chirurgie-praxis.com\/de\/brustvergrosserung\/#breadcrumb\",\"itemListElement\":[{\"@type\":\"ListItem\",\"position\":1,\"name\":\"Praxis Tavus\",\"item\":\"http:\/\/plastische-chirurgie-praxis.com\/de\/\"},{\"@type\":\"ListItem\",\"position\":2,\"name\":\"Brustvergr\u00f6\u03b2erung\"}]},{\"@type\":\"WebSite\",\"@id\":\"https:\/\/plastische-chirurgie-praxis.com\/#website\",\"url\":\"https:\/\/plastische-chirurgie-praxis.com\/\",\"name\":\"Privatpraxis Tavus\",\"description\":\"Plastische &amp; Asthetische Chirurgie\",\"publisher\":{\"@id\":\"https:\/\/plastische-chirurgie-praxis.com\/#organization\"},\"potentialAction\":[{\"@type\":\"SearchAction\",\"target\":{\"@type\":\"EntryPoint\",\"urlTemplate\":\"https:\/\/plastische-chirurgie-praxis.com\/?s={search_term_string}\"},\"query-input\":{\"@type\":\"PropertyValueSpecification\",\"valueRequired\":true,\"valueName\":\"search_term_string\"}}],\"inLanguage\":\"de\"},{\"@type\":\"Organization\",\"@id\":\"https:\/\/plastische-chirurgie-praxis.com\/#organization\",\"name\":\"Praxis Tavus: Plastische & Asthetische Chirurgie\",\"url\":\"https:\/\/plastische-chirurgie-praxis.com\/\",\"logo\":{\"@type\":\"ImageObject\",\"inLanguage\":\"de\",\"@id\":\"https:\/\/plastische-chirurgie-praxis.com\/#\/schema\/logo\/image\/\",\"url\":\"http:\/\/plastische-chirurgie-praxis.com\/wp-content\/uploads\/2015\/09\/Logo_normal.png\",\"contentUrl\":\"http:\/\/plastische-chirurgie-praxis.com\/wp-content\/uploads\/2015\/09\/Logo_normal.png\",\"width\":476,\"height\":200,\"caption\":\"Praxis Tavus: Plastische & Asthetische Chirurgie\"},\"image\":{\"@id\":\"https:\/\/plastische-chirurgie-praxis.com\/#\/schema\/logo\/image\/\"},\"sameAs\":[\"https:\/\/www.facebook.com\/PraxisTavus\",\"https:\/\/x.com\/PraxisTavus\"]}]}<\/script>\n<!-- \/ Yoast SEO plugin. -->","yoast_head_json":{"title":"Brustvergr\u00f6\u03b2erung - Praxis Tavus - Gronau - Nordhorn - M\u00fcnster","description":"Brustvergr\u00f6\u03b2erung Bei Praxis Tavus? \u2713ohne Drainagen \u2713kostenlosen Erstberatung \u2713hervorragende Nachsorge \u2713Finanzierung ist moglich! Tel: +49 256 27261249","robots":{"index":"index","follow":"follow","max-snippet":"max-snippet:-1","max-image-preview":"max-image-preview:large","max-video-preview":"max-video-preview:-1"},"canonical":"https:\/\/plastische-chirurgie-praxis.com\/de\/brustvergrosserung\/","og_locale":"de_DE","og_type":"article","og_title":"Brustvergr\u00f6\u03b2erung - Praxis Tavus - Gronau - Nordhorn - M\u00fcnster","og_description":"Brustvergr\u00f6\u03b2erung Bei Praxis Tavus? \u2713ohne Drainagen \u2713kostenlosen Erstberatung \u2713hervorragende Nachsorge \u2713Finanzierung ist moglich! Tel: +49 256 27261249","og_url":"https:\/\/plastische-chirurgie-praxis.com\/de\/brustvergrosserung\/","og_site_name":"Privatpraxis Tavus","article_publisher":"https:\/\/www.facebook.com\/PraxisTavus","article_modified_time":"2020-12-07T16:49:57+00:00","og_image":[{"width":476,"height":200,"url":"https:\/\/plastische-chirurgie-praxis.com\/wp-content\/uploads\/2015\/09\/Logo_normal.png","type":"image\/png"}],"twitter_card":"summary_large_image","twitter_site":"@PraxisTavus","twitter_misc":{"Gesch\u00e4tzte Lesezeit":"6\u00a0Minuten"},"schema":{"@context":"https:\/\/schema.org","@graph":[{"@type":"WebPage","@id":"https:\/\/plastische-chirurgie-praxis.com\/de\/brustvergrosserung\/","url":"https:\/\/plastische-chirurgie-praxis.com\/de\/brustvergrosserung\/","name":"Brustvergr\u00f6\u03b2erung - Praxis Tavus - Gronau - Nordhorn - M\u00fcnster","isPartOf":{"@id":"https:\/\/plastische-chirurgie-praxis.com\/#website"},"datePublished":"2015-10-04T15:00:58+00:00","dateModified":"2020-12-07T16:49:57+00:00","description":"Brustvergr\u00f6\u03b2erung Bei Praxis Tavus? \u2713ohne Drainagen \u2713kostenlosen Erstberatung \u2713hervorragende Nachsorge \u2713Finanzierung ist moglich! Tel: +49 256 27261249","breadcrumb":{"@id":"https:\/\/plastische-chirurgie-praxis.com\/de\/brustvergrosserung\/#breadcrumb"},"inLanguage":"de","potentialAction":[{"@type":"ReadAction","target":["https:\/\/plastische-chirurgie-praxis.com\/de\/brustvergrosserung\/"]}]},{"@type":"BreadcrumbList","@id":"https:\/\/plastische-chirurgie-praxis.com\/de\/brustvergrosserung\/#breadcrumb","itemListElement":[{"@type":"ListItem","position":1,"name":"Praxis Tavus","item":"http:\/\/plastische-chirurgie-praxis.com\/de\/"},{"@type":"ListItem","position":2,"name":"Brustvergr\u00f6\u03b2erung"}]},{"@type":"WebSite","@id":"https:\/\/plastische-chirurgie-praxis.com\/#website","url":"https:\/\/plastische-chirurgie-praxis.com\/","name":"Privatpraxis Tavus","description":"Plastische &amp; Asthetische Chirurgie","publisher":{"@id":"https:\/\/plastische-chirurgie-praxis.com\/#organization"},"potentialAction":[{"@type":"SearchAction","target":{"@type":"EntryPoint","urlTemplate":"https:\/\/plastische-chirurgie-praxis.com\/?s={search_term_string}"},"query-input":{"@type":"PropertyValueSpecification","valueRequired":true,"valueName":"search_term_string"}}],"inLanguage":"de"},{"@type":"Organization","@id":"https:\/\/plastische-chirurgie-praxis.com\/#organization","name":"Praxis Tavus: Plastische & Asthetische Chirurgie","url":"https:\/\/plastische-chirurgie-praxis.com\/","logo":{"@type":"ImageObject","inLanguage":"de","@id":"https:\/\/plastische-chirurgie-praxis.com\/#\/schema\/logo\/image\/","url":"http:\/\/plastische-chirurgie-praxis.com\/wp-content\/uploads\/2015\/09\/Logo_normal.png","contentUrl":"http:\/\/plastische-chirurgie-praxis.com\/wp-content\/uploads\/2015\/09\/Logo_normal.png","width":476,"height":200,"caption":"Praxis Tavus: Plastische & Asthetische Chirurgie"},"image":{"@id":"https:\/\/plastische-chirurgie-praxis.com\/#\/schema\/logo\/image\/"},"sameAs":["https:\/\/www.facebook.com\/PraxisTavus","https:\/\/x.com\/PraxisTavus"]}]}},"_links":{"self":[{"href":"https:\/\/plastische-chirurgie-praxis.com\/de\/wp-json\/wp\/v2\/pages\/1198","targetHints":{"allow":["GET"]}}],"collection":[{"href":"https:\/\/plastische-chirurgie-praxis.com\/de\/wp-json\/wp\/v2\/pages"}],"about":[{"href":"https:\/\/plastische-chirurgie-praxis.com\/de\/wp-json\/wp\/v2\/types\/page"}],"author":[{"embeddable":true,"href":"https:\/\/plastische-chirurgie-praxis.com\/de\/wp-json\/wp\/v2\/users\/2"}],"replies":[{"embeddable":true,"href":"https:\/\/plastische-chirurgie-praxis.com\/de\/wp-json\/wp\/v2\/comments?post=1198"}],"version-history":[{"count":19,"href":"https:\/\/plastische-chirurgie-praxis.com\/de\/wp-json\/wp\/v2\/pages\/1198\/revisions"}],"predecessor-version":[{"id":2218,"href":"https:\/\/plastische-chirurgie-praxis.com\/de\/wp-json\/wp\/v2\/pages\/1198\/revisions\/2218"}],"wp:attachment":[{"href":"https:\/\/plastische-chirurgie-praxis.com\/de\/wp-json\/wp\/v2\/media?parent=1198"}],"curies":[{"name":"wp","href":"https:\/\/api.w.org\/{rel}","templated":true}]}}