{"id":1210,"date":"2015-10-04T17:01:59","date_gmt":"2015-10-04T15:01:59","guid":{"rendered":"http:\/\/plastische-chirurgie-praxis.com\/borstlift\/?lang=de"},"modified":"2020-12-07T17:49:51","modified_gmt":"2020-12-07T16:49:51","slug":"bruststraffung","status":"publish","type":"page","link":"https:\/\/plastische-chirurgie-praxis.com\/de\/bruststraffung\/","title":{"rendered":"Bruststraffung"},"content":{"rendered":"<div class=\"wpb-content-wrapper\"><p>[vc_row animation=&#8220;fadeIn&#8220;][vc_column][vc_custom_heading text=&#8220;Bruststraffung&#8220; font_container=&#8220;tag:h1|text_align:left|color:%236996d1&#8243; use_theme_fonts=&#8220;yes&#8220;]<div class=\"hr-thin style-line accent-border-color\" style=\"width: 100%;border-top-width: 5px;\"><\/div>[\/vc_column][\/vc_row][vc_row animation=&#8220;fadeIn&#8220; margin_bottom=&#8220;20&#8243;][vc_column][vc_empty_space height=&#8220;40px&#8220;][vc_column_text]<\/p>\n<h2><span style=\"color: #808080;\"><em>Warum eine Bruststraffung?<\/em><\/span><\/h2>\n<p>Frauen, die sich f\u00fcr eine Bruststraffung entscheiden, tun das, weil ihre Br\u00fcste schw\u00e4cher geworden sind. Dies kann passieren, weil die Haut weniger elastisch geworden ist, weil sie h\u00e4ngen oder weil sie eine oder mehrere Schwangerschaften gehabt haben. Eine Bruststraffung gibt den Br\u00fcsten eine sch\u00f6nere Form und mehr Festigkeit.<\/p>\n<p>Wenn die Br\u00fcste ihre Festigkeit im Laufe der Jahre verloren haben, erhalten Sie durch eine Bruststraffung eine deutliche Verbesserung der Form und Festigkeit. Es ist m\u00f6glich, eine Bruststraffung mit einer Brustvergr\u00f6\u00dferung zu verbinden.<\/p>\n<p>[\/vc_column_text][vc_empty_space height=&#8220;20px&#8220;][\/vc_column][\/vc_row][vc_row animation=&#8220;fadeIn&#8220;][vc_column][vc_tabs interval=&#8220;0&#8243; style=&#8220;tab-style-four&#8220;][vc_tab title=&#8220;Allgemeine Information&#8220; tab_id=&#8220;6eb3ad0b-8d82-122d3-f952&#8243;][vc_column_text]<span lang=\"DE\">Br\u00fcste fangen an, sich in der Pubert\u00e4t zu entwickeln. Gr\u00f6\u00dfe und Form h\u00e4ngen in den meisten F\u00e4llen von der Genetik der Frau ab, aber auch andere Faktoren wie Gewichtszunahme bzw. -abnahme, Schwangerschaft, Stillen und Ver\u00e4nderungen der Haut k\u00f6nnen eine gro\u00dfe Rolle spielen.<\/span><\/p>\n<p><span lang=\"DE\">Viele Frauen f\u00fchlen sich unsicher mit schlaffen Br\u00fcsten. In vielen F\u00e4llen kann hier mit einer Bruststraffung Abhilfe geschaffen werden. Wenn gen\u00fcgend Brustgewebe vorhanden ist, sollten Sie dar\u00fcber nachdenken, ob es f\u00fcr Sie sinnvoll ist, gleichzeitig ein Brustimplantat einzusetzen.<\/span>[\/vc_column_text][\/vc_tab][vc_tab title=&#8220;Behandlung&#8220; tab_id=&#8220;1444055223835-2-122d3-f952&#8243;][vc_column_text]Vor dem Eingriff zeichnet der Plastische Chirurg die richtige Position und Gr\u00f6\u00dfe Ihrer Br\u00fcste an. Danach werden Sie unter Narkose gebracht. Die Operation erfolgt nach dem gemeinsam vereinbarten Behandlungsplan. Der Eingriff wird ca. 2 Stunden in Anspruch nehmen.[\/vc_column_text][\/vc_tab][vc_tab title=&#8220;Nachsorge und Erholungsphase&#8220; tab_id=&#8220;1444055225179-3-322d3-f952&#8243;][vc_column_text]<strong>Sport-BH<br \/>\n<\/strong>Nach der Bruststraffung bekommen Sie einen Sport-BH. In einigen F\u00e4llen wird zun\u00e4chst ein Verband zur Unterst\u00fctzung angebracht. Beim ersten Check-up-Termin wird dieser Verband durch einen Sport-BH ersetzt. Diesen erhalten Sie kostenlos von der Klinik. Es ist wichtig, dass Sie den \u00a0Sport-BH \u00a0f\u00fcr 6 Wochen Tag und Nacht tragen.<\/p>\n<p><strong>Ruhe<br \/>\n<\/strong>Nach der Bruststraffung haben Sie eine Woche Erholung n\u00f6tig. Stellen Sie sicher, dass jemand in Ihrer N\u00e4he Ihnen helfen kann. Wir raten Ihnen, nachts auf dem R\u00fccken zu schlafen. Auf diese Weise haben Sie die geringste Chance, Ihre Br\u00fcste zu verletzen und eine gr\u00f6\u00dfere Chance auf ein gutes Ergebnis.<\/p>\n<p><strong>Anspannung<br \/>\n<\/strong>Normale k\u00f6rperliche Bewegungen stellen kein Problem dar, aber schwere und anstrengende Arbeiten sollten Sie f\u00fcr die n\u00e4chsten sechs Wochen vermeiden. Entspanntes Wandern und Radfahren k\u00f6nnen Sie bereits nach einer Woche. Auch k\u00f6nnen Sie nach einer Woche wieder anfangen, leichte Arbeiten auszuf\u00fchren. Sport und andere Freizeitaktivit\u00e4ten, wobei Ihre Brust beansprucht werden k\u00f6nnte, sollten Sie \u00fcber einen Zeitraum von mehreren Monaten vermeiden.<\/p>\n<p><strong>Verkehrsteilname<br \/>\n<\/strong>Es ist empfehlenswert, dass Sie in der ersten Woche nach dem Eingriff nicht am Stra\u00dfenverkehr (Auto- und Radfahren) teilnehmen. Sprechen Sie mit Ihrer Versicherung, welche Gew\u00e4hrleistung nach einer Bruststraffung in Anspruch genommen werden k\u00f6nnen.<\/p>\n<p><strong>Alkohol, Rauchen und Blutverd\u00fcnner<br \/>\n<\/strong>F\u00fcr den Heilungsprozess ist es wichtig, dass Sie Alkohol und Aspirin oder aspirinhaltige Medikamente vermeiden. Auch Rauchen ist nicht f\u00f6rderlich f\u00fcr die Heilung.<\/p>\n<p><strong>Sonnenlicht<br \/>\n<\/strong>Bitte denken Sie daran, die Narben von der Sonne fernzuhalten. Im ersten Jahr ist von einem Besuch einer Sonnenbank abzuraten.<\/p>\n<p><strong>Stillen<br \/>\n<\/strong>Bei einer Bruststraffung besteht die Gefahr einer Verletzung der Brustdr\u00fcse. Der Plastische Chirurg wird nat\u00fcrlich mit gr\u00f6\u00dfter Vorsicht vorgehen. Aber in einigen F\u00e4llen kann es sein, dass durch das Verschieben der Brustwarze die Dr\u00fcsen in der Brustwarze besch\u00e4digt werden. Stillen kann dann nach einer Bruststraffung schwieriger und manchmal sogar unm\u00f6glich sein.<\/p>\n<p><strong>Kontrolle<\/strong><\/p>\n<ul>\n<li>Einen Tag nach dem Eingriff wird eine Mitarbeiterin Kontakt mit Ihnen aufnehmen, so k\u00f6nnen wir sicher sein, dass alles in Ordnung ist.<\/li>\n<li>Eine Woche nach dem Eingriff werden Sie zu Ihrem ersten Kontrollbesuch in der Praxis erwartet. W\u00e4hrend dieses Termins, wird die Wunde kontrolliert und alle F\u00e4den entfernt.<\/li>\n<li>Nach drei Monaten werden Sie zur Endkontrolle bei Ihrem Plastischen Chirurgen erwartet. Bei diesem Termin werden auch Fotos f\u00fcr Ihre medizinische Akte gemacht.<\/li>\n<\/ul>\n<p>[\/vc_column_text][\/vc_tab][vc_tab title=&#8220;Resultat&#8220; tab_id=&#8220;1444055235999-4-922d3-f952&#8243;][vc_column_text]Die meisten Frauen werden nach diesem Eingriff selbstbewusster und freuen sich \u00fcber das Ergebnis der Operation.[\/vc_column_text][\/vc_tab][vc_tab title=&#8220;Risiko und Komplikationen&#8220; tab_id=&#8220;1444055299658-5-522d3-f952&#8243;][vc_column_text]<span lang=\"DE\">Sie sollten wissen, dass jeder chirurgischer Eingriff Risiken und Komplikationen mit sich bringen kann, z.B. Infektion, Wundheilungsst\u00f6rung, Blutungen oder Thrombose. Auch k\u00f6nnen Patienten allergische Reaktionen durch Bet\u00e4ubungsmittel, Desinfektionsmittel oder Pflaster bekommen. Grunds\u00e4tzlich ist zu sagen, dass bei gesunden Menschen die Risiken und Chancen auf Komplikationen sehr gering sind. Durch gute Informationen, eine vollst\u00e4ndige Anamnese (einschlie\u00dflich Ihrer medizinischen Vorgeschichte, z. B. Drogenkonsum, keine Probleme mit vorangegangenen Operationen, Allergien) und unsere professionelle Vorgehensweise bringen wir diese Risiken auf ein absolutes Minimum. <\/span><\/p>\n<p><span lang=\"DE\">Sie k\u00f6nnen helfen, bestimmte Risiken zu reduzieren, indem Sie den Anweisungen folgen, die Sie vorab von unserem Plastischen Chirurgen erhalten haben.<\/span>[\/vc_column_text][\/vc_tab][vc_tab title=&#8220;Fragen&#8220; tab_id=&#8220;1444055347868-7-222d3-f952&#8243;][vc_column_text]Sie k\u00f6nnen sich am besten telefonisch bei uns melden. Gerne vereinbaren wir mit Ihnen einen pers\u00f6nlichen Termin, um die M\u00f6glichkeiten zu besprechen. Sie k\u00f6nnen uns unter folgender Telefonnummer erreichen: (+49) 256 27261249.[\/vc_column_text][\/vc_tab][\/vc_tabs][\/vc_column][\/vc_row][vc_row][vc_column][vc_empty_space height=&#8220;40px&#8220;]<section class=\"logos-grid wf-container\" data-width=\"110px\" data-columns=\"5\"><div class=\"wf-cell\"><div><a class=\"layzr-bg\" href=\"https:\/\/www.narconova-klinik.com\/fachrichtungen\/plastisch-%C3%A4sthetische-chirurgie\/\" target=\"_blank\" title=\"\" ><img loading=\"lazy\" decoding=\"async\" class=\"fadeInDown animate-element lazy-load\" src=\"data:image\/svg+xml;charset=utf-8,%3Csvg xmlns%3D&#039;http%3A%2F%2Fwww.w3.org%2F2000%2Fsvg&#039; viewBox%3D&#039;0 0 175 125&#039;%2F%3E\" width=\"175\" height=\"125\" alt=\"Narconova Klinik GmbH\" data-srcset=\"https:\/\/plastische-chirurgie-praxis.com\/wp-content\/uploads\/2017\/05\/narconova-praxis-tavus-bocholt.png 350w\" data-src=\"https:\/\/plastische-chirurgie-praxis.com\/wp-content\/uploads\/2017\/05\/narconova-praxis-tavus-bocholt.png\" \/><\/a><\/div><\/div><div class=\"wf-cell\"><div><a class=\"layzr-bg\" href=\"https:\/\/www.klinikrothenbaum.de\/deutsch\/aerzteteam\/aerzte-nach-fachgebieten\/\" target=\"_blank\" title=\"\" ><img loading=\"lazy\" decoding=\"async\" class=\"fadeInDown animate-element lazy-load\" src=\"data:image\/svg+xml;charset=utf-8,%3Csvg xmlns%3D&#039;http%3A%2F%2Fwww.w3.org%2F2000%2Fsvg&#039; viewBox%3D&#039;0 0 175 125&#039;%2F%3E\" width=\"175\" height=\"125\" alt=\"Praxisklinik am Rothenbaum\" data-srcset=\"https:\/\/plastische-chirurgie-praxis.com\/wp-content\/uploads\/2017\/03\/klinikrothenbaum-praxis-tavus-hamburg.png 350w\" data-src=\"https:\/\/plastische-chirurgie-praxis.com\/wp-content\/uploads\/2017\/03\/klinikrothenbaum-praxis-tavus-hamburg.png\" \/><\/a><\/div><\/div><div class=\"wf-cell\"><div><a class=\"layzr-bg\" href=\"http:\/\/www.st-antonius-gronau.de\/index.php\/hospital\/ambulante-angebote\/gesundheitszentrum.html\" target=\"_blank\" title=\"\" ><img loading=\"lazy\" decoding=\"async\" class=\"fadeInDown animate-element lazy-load\" src=\"data:image\/svg+xml;charset=utf-8,%3Csvg xmlns%3D&#039;http%3A%2F%2Fwww.w3.org%2F2000%2Fsvg&#039; viewBox%3D&#039;0 0 175 125&#039;%2F%3E\" width=\"175\" height=\"125\" alt=\"St. Antonius-Hospital\" data-srcset=\"https:\/\/plastische-chirurgie-praxis.com\/wp-content\/uploads\/2016\/04\/St.-Antonius-Hospital-Gronau.png 350w\" data-src=\"https:\/\/plastische-chirurgie-praxis.com\/wp-content\/uploads\/2016\/04\/St.-Antonius-Hospital-Gronau.png\" \/><\/a><\/div><\/div><div class=\"wf-cell\"><div><a class=\"layzr-bg\" href=\"http:\/\/www.dgpraec.de\/\" target=\"_blank\" title=\"\" ><img loading=\"lazy\" decoding=\"async\" class=\"fadeInDown animate-element lazy-load\" src=\"data:image\/svg+xml;charset=utf-8,%3Csvg xmlns%3D&#039;http%3A%2F%2Fwww.w3.org%2F2000%2Fsvg&#039; viewBox%3D&#039;0 0 175 125&#039;%2F%3E\" width=\"175\" height=\"125\" alt=\"DGPRAC\" data-srcset=\"https:\/\/plastische-chirurgie-praxis.com\/wp-content\/uploads\/2015\/12\/DGPRAC-logo2.jpg 350w\" data-src=\"https:\/\/plastische-chirurgie-praxis.com\/wp-content\/uploads\/2015\/12\/DGPRAC-logo2.jpg\" \/><\/a><\/div><\/div><div class=\"wf-cell\"><div><\/div><\/div><\/section>[\/vc_column][\/vc_row]<\/p>\n<\/div>","protected":false},"excerpt":{"rendered":"<p>[vc_row animation=&#8220;fadeIn&#8220;][vc_column][vc_custom_heading text=&#8220;Bruststraffung&#8220; font_container=&#8220;tag:h1|text_align:left|color:%236996d1&#8243; use_theme_fonts=&#8220;yes&#8220;][\/vc_column][\/vc_row][vc_row animation=&#8220;fadeIn&#8220; margin_bottom=&#8220;20&#8243;][vc_column][vc_empty_space height=&#8220;40px&#8220;][vc_column_text] Warum eine Bruststraffung? Frauen, die sich f\u00fcr eine Bruststraffung entscheiden, tun das, weil ihre Br\u00fcste schw\u00e4cher geworden sind. Dies kann passieren, weil die Haut weniger elastisch geworden ist, weil sie h\u00e4ngen oder weil sie eine oder mehrere Schwangerschaften gehabt haben. Eine Bruststraffung gibt den Br\u00fcsten eine sch\u00f6nere&hellip;<\/p>\n","protected":false},"author":2,"featured_media":0,"parent":0,"menu_order":0,"comment_status":"closed","ping_status":"closed","template":"","meta":{"_exactmetrics_skip_tracking":false,"_exactmetrics_sitenote_active":false,"_exactmetrics_sitenote_note":"","_exactmetrics_sitenote_category":0,"footnotes":""},"class_list":["post-1210","page","type-page","status-publish","hentry","description-off"],"yoast_head":"<!-- This site is optimized with the Yoast SEO plugin v27.2 - https:\/\/yoast.com\/product\/yoast-seo-wordpress\/ -->\n<title>Bruststraffung - Praxis Tavus - Gronau - Nordhorn - M\u00fcnster<\/title>\n<meta name=\"description\" content=\"Bruststraffung Bei Praxis Tavus? \u2713unverbindlichen Beratungstermin \u2713hervorragende Nachsorge \u2713Finanzierung ist moglich! Tel: +49 256 27261249\" \/>\n<meta name=\"robots\" content=\"index, follow, max-snippet:-1, max-image-preview:large, max-video-preview:-1\" \/>\n<link rel=\"canonical\" href=\"https:\/\/plastische-chirurgie-praxis.com\/de\/bruststraffung\/\" \/>\n<meta property=\"og:locale\" content=\"de_DE\" \/>\n<meta property=\"og:type\" content=\"article\" \/>\n<meta property=\"og:title\" content=\"Bruststraffung - Praxis Tavus - Gronau - Nordhorn - M\u00fcnster\" \/>\n<meta property=\"og:description\" content=\"Bruststraffung Bei Praxis Tavus? \u2713unverbindlichen Beratungstermin \u2713hervorragende Nachsorge \u2713Finanzierung ist moglich! Tel: +49 256 27261249\" \/>\n<meta property=\"og:url\" content=\"https:\/\/plastische-chirurgie-praxis.com\/de\/bruststraffung\/\" \/>\n<meta property=\"og:site_name\" content=\"Privatpraxis Tavus\" \/>\n<meta property=\"article:publisher\" content=\"https:\/\/www.facebook.com\/PraxisTavus\" \/>\n<meta property=\"article:modified_time\" content=\"2020-12-07T16:49:51+00:00\" \/>\n<meta property=\"og:image\" content=\"https:\/\/plastische-chirurgie-praxis.com\/wp-content\/uploads\/2015\/09\/Logo_normal.png\" \/>\n\t<meta property=\"og:image:width\" content=\"476\" \/>\n\t<meta property=\"og:image:height\" content=\"200\" \/>\n\t<meta property=\"og:image:type\" content=\"image\/png\" \/>\n<meta name=\"twitter:card\" content=\"summary_large_image\" \/>\n<meta name=\"twitter:site\" content=\"@PraxisTavus\" \/>\n<meta name=\"twitter:label1\" content=\"Gesch\u00e4tzte Lesezeit\" \/>\n\t<meta name=\"twitter:data1\" content=\"5\u00a0Minuten\" \/>\n<script type=\"application\/ld+json\" class=\"yoast-schema-graph\">{\"@context\":\"https:\/\/schema.org\",\"@graph\":[{\"@type\":\"WebPage\",\"@id\":\"https:\/\/plastische-chirurgie-praxis.com\/de\/bruststraffung\/\",\"url\":\"https:\/\/plastische-chirurgie-praxis.com\/de\/bruststraffung\/\",\"name\":\"Bruststraffung - Praxis Tavus - Gronau - Nordhorn - M\u00fcnster\",\"isPartOf\":{\"@id\":\"https:\/\/plastische-chirurgie-praxis.com\/#website\"},\"datePublished\":\"2015-10-04T15:01:59+00:00\",\"dateModified\":\"2020-12-07T16:49:51+00:00\",\"description\":\"Bruststraffung Bei Praxis Tavus? \u2713unverbindlichen Beratungstermin \u2713hervorragende Nachsorge \u2713Finanzierung ist moglich! Tel: +49 256 27261249\",\"breadcrumb\":{\"@id\":\"https:\/\/plastische-chirurgie-praxis.com\/de\/bruststraffung\/#breadcrumb\"},\"inLanguage\":\"de\",\"potentialAction\":[{\"@type\":\"ReadAction\",\"target\":[\"https:\/\/plastische-chirurgie-praxis.com\/de\/bruststraffung\/\"]}]},{\"@type\":\"BreadcrumbList\",\"@id\":\"https:\/\/plastische-chirurgie-praxis.com\/de\/bruststraffung\/#breadcrumb\",\"itemListElement\":[{\"@type\":\"ListItem\",\"position\":1,\"name\":\"Praxis Tavus\",\"item\":\"http:\/\/plastische-chirurgie-praxis.com\/de\/\"},{\"@type\":\"ListItem\",\"position\":2,\"name\":\"Bruststraffung\"}]},{\"@type\":\"WebSite\",\"@id\":\"https:\/\/plastische-chirurgie-praxis.com\/#website\",\"url\":\"https:\/\/plastische-chirurgie-praxis.com\/\",\"name\":\"Privatpraxis Tavus\",\"description\":\"Plastische &amp; Asthetische Chirurgie\",\"publisher\":{\"@id\":\"https:\/\/plastische-chirurgie-praxis.com\/#organization\"},\"potentialAction\":[{\"@type\":\"SearchAction\",\"target\":{\"@type\":\"EntryPoint\",\"urlTemplate\":\"https:\/\/plastische-chirurgie-praxis.com\/?s={search_term_string}\"},\"query-input\":{\"@type\":\"PropertyValueSpecification\",\"valueRequired\":true,\"valueName\":\"search_term_string\"}}],\"inLanguage\":\"de\"},{\"@type\":\"Organization\",\"@id\":\"https:\/\/plastische-chirurgie-praxis.com\/#organization\",\"name\":\"Praxis Tavus: Plastische & Asthetische Chirurgie\",\"url\":\"https:\/\/plastische-chirurgie-praxis.com\/\",\"logo\":{\"@type\":\"ImageObject\",\"inLanguage\":\"de\",\"@id\":\"https:\/\/plastische-chirurgie-praxis.com\/#\/schema\/logo\/image\/\",\"url\":\"http:\/\/plastische-chirurgie-praxis.com\/wp-content\/uploads\/2015\/09\/Logo_normal.png\",\"contentUrl\":\"http:\/\/plastische-chirurgie-praxis.com\/wp-content\/uploads\/2015\/09\/Logo_normal.png\",\"width\":476,\"height\":200,\"caption\":\"Praxis Tavus: Plastische & Asthetische Chirurgie\"},\"image\":{\"@id\":\"https:\/\/plastische-chirurgie-praxis.com\/#\/schema\/logo\/image\/\"},\"sameAs\":[\"https:\/\/www.facebook.com\/PraxisTavus\",\"https:\/\/x.com\/PraxisTavus\"]}]}<\/script>\n<!-- \/ Yoast SEO plugin. -->","yoast_head_json":{"title":"Bruststraffung - Praxis Tavus - Gronau - Nordhorn - M\u00fcnster","description":"Bruststraffung Bei Praxis Tavus? \u2713unverbindlichen Beratungstermin \u2713hervorragende Nachsorge \u2713Finanzierung ist moglich! Tel: +49 256 27261249","robots":{"index":"index","follow":"follow","max-snippet":"max-snippet:-1","max-image-preview":"max-image-preview:large","max-video-preview":"max-video-preview:-1"},"canonical":"https:\/\/plastische-chirurgie-praxis.com\/de\/bruststraffung\/","og_locale":"de_DE","og_type":"article","og_title":"Bruststraffung - Praxis Tavus - Gronau - Nordhorn - M\u00fcnster","og_description":"Bruststraffung Bei Praxis Tavus? \u2713unverbindlichen Beratungstermin \u2713hervorragende Nachsorge \u2713Finanzierung ist moglich! Tel: +49 256 27261249","og_url":"https:\/\/plastische-chirurgie-praxis.com\/de\/bruststraffung\/","og_site_name":"Privatpraxis Tavus","article_publisher":"https:\/\/www.facebook.com\/PraxisTavus","article_modified_time":"2020-12-07T16:49:51+00:00","og_image":[{"width":476,"height":200,"url":"https:\/\/plastische-chirurgie-praxis.com\/wp-content\/uploads\/2015\/09\/Logo_normal.png","type":"image\/png"}],"twitter_card":"summary_large_image","twitter_site":"@PraxisTavus","twitter_misc":{"Gesch\u00e4tzte Lesezeit":"5\u00a0Minuten"},"schema":{"@context":"https:\/\/schema.org","@graph":[{"@type":"WebPage","@id":"https:\/\/plastische-chirurgie-praxis.com\/de\/bruststraffung\/","url":"https:\/\/plastische-chirurgie-praxis.com\/de\/bruststraffung\/","name":"Bruststraffung - Praxis Tavus - Gronau - Nordhorn - M\u00fcnster","isPartOf":{"@id":"https:\/\/plastische-chirurgie-praxis.com\/#website"},"datePublished":"2015-10-04T15:01:59+00:00","dateModified":"2020-12-07T16:49:51+00:00","description":"Bruststraffung Bei Praxis Tavus? \u2713unverbindlichen Beratungstermin \u2713hervorragende Nachsorge \u2713Finanzierung ist moglich! Tel: +49 256 27261249","breadcrumb":{"@id":"https:\/\/plastische-chirurgie-praxis.com\/de\/bruststraffung\/#breadcrumb"},"inLanguage":"de","potentialAction":[{"@type":"ReadAction","target":["https:\/\/plastische-chirurgie-praxis.com\/de\/bruststraffung\/"]}]},{"@type":"BreadcrumbList","@id":"https:\/\/plastische-chirurgie-praxis.com\/de\/bruststraffung\/#breadcrumb","itemListElement":[{"@type":"ListItem","position":1,"name":"Praxis Tavus","item":"http:\/\/plastische-chirurgie-praxis.com\/de\/"},{"@type":"ListItem","position":2,"name":"Bruststraffung"}]},{"@type":"WebSite","@id":"https:\/\/plastische-chirurgie-praxis.com\/#website","url":"https:\/\/plastische-chirurgie-praxis.com\/","name":"Privatpraxis Tavus","description":"Plastische &amp; Asthetische Chirurgie","publisher":{"@id":"https:\/\/plastische-chirurgie-praxis.com\/#organization"},"potentialAction":[{"@type":"SearchAction","target":{"@type":"EntryPoint","urlTemplate":"https:\/\/plastische-chirurgie-praxis.com\/?s={search_term_string}"},"query-input":{"@type":"PropertyValueSpecification","valueRequired":true,"valueName":"search_term_string"}}],"inLanguage":"de"},{"@type":"Organization","@id":"https:\/\/plastische-chirurgie-praxis.com\/#organization","name":"Praxis Tavus: Plastische & Asthetische Chirurgie","url":"https:\/\/plastische-chirurgie-praxis.com\/","logo":{"@type":"ImageObject","inLanguage":"de","@id":"https:\/\/plastische-chirurgie-praxis.com\/#\/schema\/logo\/image\/","url":"http:\/\/plastische-chirurgie-praxis.com\/wp-content\/uploads\/2015\/09\/Logo_normal.png","contentUrl":"http:\/\/plastische-chirurgie-praxis.com\/wp-content\/uploads\/2015\/09\/Logo_normal.png","width":476,"height":200,"caption":"Praxis Tavus: Plastische & Asthetische Chirurgie"},"image":{"@id":"https:\/\/plastische-chirurgie-praxis.com\/#\/schema\/logo\/image\/"},"sameAs":["https:\/\/www.facebook.com\/PraxisTavus","https:\/\/x.com\/PraxisTavus"]}]}},"_links":{"self":[{"href":"https:\/\/plastische-chirurgie-praxis.com\/de\/wp-json\/wp\/v2\/pages\/1210","targetHints":{"allow":["GET"]}}],"collection":[{"href":"https:\/\/plastische-chirurgie-praxis.com\/de\/wp-json\/wp\/v2\/pages"}],"about":[{"href":"https:\/\/plastische-chirurgie-praxis.com\/de\/wp-json\/wp\/v2\/types\/page"}],"author":[{"embeddable":true,"href":"https:\/\/plastische-chirurgie-praxis.com\/de\/wp-json\/wp\/v2\/users\/2"}],"replies":[{"embeddable":true,"href":"https:\/\/plastische-chirurgie-praxis.com\/de\/wp-json\/wp\/v2\/comments?post=1210"}],"version-history":[{"count":11,"href":"https:\/\/plastische-chirurgie-praxis.com\/de\/wp-json\/wp\/v2\/pages\/1210\/revisions"}],"predecessor-version":[{"id":2217,"href":"https:\/\/plastische-chirurgie-praxis.com\/de\/wp-json\/wp\/v2\/pages\/1210\/revisions\/2217"}],"wp:attachment":[{"href":"https:\/\/plastische-chirurgie-praxis.com\/de\/wp-json\/wp\/v2\/media?parent=1210"}],"curies":[{"name":"wp","href":"https:\/\/api.w.org\/{rel}","templated":true}]}}