{"id":1225,"date":"2015-10-04T17:12:22","date_gmt":"2015-10-04T15:12:22","guid":{"rendered":"http:\/\/plastische-chirurgie-praxis.com\/billift\/?lang=de"},"modified":"2020-12-07T17:50:37","modified_gmt":"2020-12-07T16:50:37","slug":"gesaessstraffung","status":"publish","type":"page","link":"https:\/\/plastische-chirurgie-praxis.com\/de\/gesaessstraffung\/","title":{"rendered":"Ges\u00e4\u00dfstraffung"},"content":{"rendered":"<div class=\"wpb-content-wrapper\"><p>[vc_row animation=&#8220;fadeIn&#8220;][vc_column][vc_custom_heading text=&#8220;Ges\u00e4\u00dfstraffung&#8220; font_container=&#8220;tag:h1|text_align:left|color:%236996d1&#8243; use_theme_fonts=&#8220;yes&#8220;]<div class=\"hr-thin style-line accent-border-color\" style=\"width: 100%;border-top-width: 5px;\"><\/div>[\/vc_column][\/vc_row][vc_row animation=&#8220;fadeIn&#8220; margin_bottom=&#8220;20&#8243;][vc_column][vc_empty_space height=&#8220;40px&#8220;][vc_column_text]<\/p>\n<h2><span style=\"color: #808080;\"><em>Warum eine Ges\u00e4\u00dfstraffung?<\/em><\/span><\/h2>\n<p>Bei einer Ges\u00e4\u00dfstraffung wird die \u00fcbersch\u00fcssige Haut und das Fettgewebe chirurgisch entfernt. Um m\u00f6glichst unauff\u00e4llige Narben zu erreichen, wird die Schnittf\u00fchrung entlang der nat\u00fcrlichen K\u00f6rperlinien und in den Falten erfolgen.[\/vc_column_text][vc_empty_space height=&#8220;20px&#8220;][\/vc_column][\/vc_row][vc_row animation=&#8220;fadeIn&#8220;][vc_column][vc_tabs interval=&#8220;0&#8243; style=&#8220;tab-style-four&#8220;][vc_tab title=&#8220;Allgemeine informative&#8220; tab_id=&#8220;6eb3ad0b-8d82-145f0-e801&#8243;][vc_column_text]Durch Alterung oder nach starkem Abnehmen kann Ihr Ges\u00e4\u00df die Form verlieren. Infolgedessen \u201eh\u00e4ngt Ihr Ges\u00e4\u00df\u2018. Durch straffende Cremes und intensive Sportarten erreicht man normalerweise nicht gen\u00fcgend Ergebnisse. Die Ges\u00e4\u00dfstraffung kann oft eine L\u00f6sung bieten.[\/vc_column_text][\/vc_tab][vc_tab title=&#8220;Behandlung&#8220; tab_id=&#8220;1444055223835-2-145f0-e801&#8243;][vc_column_text]<span lang=\"DE\">Die Ges\u00e4\u00dfstraffung wird unter Vollnarkose durchgef\u00fchrt. Mit einem Schnitt oberhalb des Ges\u00e4\u00dfes entfernt der Plastische Chirurg das \u00fcbersch\u00fcssige Hautgewebe. Die Narbe ist innerhalb der Bikini-Linie.<\/span><\/p>\n<p><span lang=\"DE\">In der Regel dauert dieser Eingriff 1-2 Stunde.<\/span>[\/vc_column_text][\/vc_tab][vc_tab title=&#8220;Nachsorge und Erholungsphase&#8220; tab_id=&#8220;1444055225179-3-345f0-e801&#8243;][vc_column_text]Nach der Ges\u00e4\u00dfstraffung bleiben Sie \u00fcber Nacht in der Klinik. Am folgenden Morgen d\u00fcrfen Sie unter Begleitung die Klinik verlassen.<\/p>\n<p><strong>Kontrolle<\/strong><\/p>\n<ul>\n<li>Eine Woche nach dem Eingriff werden Sie zu Ihrem ersten Kontrollbesuch in der Praxis erwartet. W\u00e4hrend des Termins wird die Wunde kontrolliert.<\/li>\n<li>Nach drei Monaten werden Sie zur Endkontrolle bei Ihrem Plastischen Chirurgen erwartet. Bei diesem Termin werden auch Fotos f\u00fcr Ihre medizinische Akte gemacht.<\/li>\n<\/ul>\n<p>[\/vc_column_text][\/vc_tab][vc_tab title=&#8220;Resultat&#8220; tab_id=&#8220;1444055235999-4-945f0-e801&#8243;][vc_column_text]Das Resultat einer Ges\u00e4\u00dfstraffung ist in der Regel langlebig. Wir weisen jedoch darauf hin, dass es durch eine weitere Lockerung der Haut und der Muskeln sein kann, dass eine neue Operation notwendig sein wird.[\/vc_column_text][\/vc_tab][vc_tab title=&#8220;Risiko und Komplikationen&#8220; tab_id=&#8220;1444055299658-5-545f0-e801&#8243;][vc_column_text]<span lang=\"DE\">Sie sollten wissen, dass jeder chirurgischer Eingriff Risiken und Komplikationen mit sich bringen kann, z.B. Infektion, gest\u00f6rte Wundheilung, Blutungen oder Thrombose. Auch k\u00f6nnen Patienten allergische Reaktionen durch Bet\u00e4ubungsmittel, Desinfektionsmittel oder Pflaster bekommen. Grunds\u00e4tzlich ist zu sagen, dass bei gesunden Menschen die Risiken und Chancen auf Komplikationen sehr gering sind. Durch gute Informationen, eine vollst\u00e4ndige Anamnese (einschlie\u00dflich Ihrer medizinischen Vorgeschichte, z. B. Drogenkonsum, keine Probleme mit vorangegangenen Operationen, Allergien) und unsere professionelle Vorgehensweise bringen wir diese Risiken auf ein absolutes Minimum.<\/span><\/p>\n<p><span lang=\"DE\">Sie k\u00f6nnen helfen, bestimmte Risiken zu reduzieren, indem Sie den Anweisungen folgen, die Sie vorab von unserem Plastischen Chirurgen erhalten haben.<\/span>[\/vc_column_text][\/vc_tab][vc_tab title=&#8220;Fragen&#8220; tab_id=&#8220;1444055347868-7-245f0-e801&#8243;][vc_column_text]Sie k\u00f6nnen sich am besten telefonisch bei uns melden. Gerne vereinbaren wir mit Ihnen einen pers\u00f6nlichen Termin, um die M\u00f6glichkeiten zu besprechen. Sie k\u00f6nnen uns unter folgender Telefonnummer erreichen: (+49) 256 27261249.[\/vc_column_text][\/vc_tab][\/vc_tabs][\/vc_column][\/vc_row][vc_row][vc_column][vc_empty_space height=&#8220;40px&#8220;]<section class=\"logos-grid wf-container\" data-width=\"110px\" data-columns=\"5\"><div class=\"wf-cell\"><div><a class=\"layzr-bg\" href=\"https:\/\/www.narconova-klinik.com\/fachrichtungen\/plastisch-%C3%A4sthetische-chirurgie\/\" target=\"_blank\" title=\"\" ><img loading=\"lazy\" decoding=\"async\" class=\"fadeIn animate-element lazy-load\" src=\"data:image\/svg+xml;charset=utf-8,%3Csvg xmlns%3D&#039;http%3A%2F%2Fwww.w3.org%2F2000%2Fsvg&#039; viewBox%3D&#039;0 0 175 125&#039;%2F%3E\" width=\"175\" height=\"125\" alt=\"Narconova Klinik GmbH\" data-srcset=\"https:\/\/plastische-chirurgie-praxis.com\/wp-content\/uploads\/2017\/05\/narconova-praxis-tavus-bocholt.png 350w\" data-src=\"https:\/\/plastische-chirurgie-praxis.com\/wp-content\/uploads\/2017\/05\/narconova-praxis-tavus-bocholt.png\" \/><\/a><\/div><\/div><div class=\"wf-cell\"><div><a class=\"layzr-bg\" href=\"https:\/\/www.klinikrothenbaum.de\/deutsch\/aerzteteam\/aerzte-nach-fachgebieten\/\" target=\"_blank\" title=\"\" ><img loading=\"lazy\" decoding=\"async\" class=\"fadeIn animate-element lazy-load\" src=\"data:image\/svg+xml;charset=utf-8,%3Csvg xmlns%3D&#039;http%3A%2F%2Fwww.w3.org%2F2000%2Fsvg&#039; viewBox%3D&#039;0 0 175 125&#039;%2F%3E\" width=\"175\" height=\"125\" alt=\"Praxisklinik am Rothenbaum\" data-srcset=\"https:\/\/plastische-chirurgie-praxis.com\/wp-content\/uploads\/2017\/03\/klinikrothenbaum-praxis-tavus-hamburg.png 350w\" data-src=\"https:\/\/plastische-chirurgie-praxis.com\/wp-content\/uploads\/2017\/03\/klinikrothenbaum-praxis-tavus-hamburg.png\" \/><\/a><\/div><\/div><div class=\"wf-cell\"><div><a class=\"layzr-bg\" href=\"http:\/\/www.st-antonius-gronau.de\/index.php\/hospital\/ambulante-angebote\/gesundheitszentrum.html\" target=\"_blank\" title=\"\" ><img loading=\"lazy\" decoding=\"async\" class=\"fadeIn animate-element lazy-load\" src=\"data:image\/svg+xml;charset=utf-8,%3Csvg xmlns%3D&#039;http%3A%2F%2Fwww.w3.org%2F2000%2Fsvg&#039; viewBox%3D&#039;0 0 175 125&#039;%2F%3E\" width=\"175\" height=\"125\" alt=\"St. Antonius-Hospital\" data-srcset=\"https:\/\/plastische-chirurgie-praxis.com\/wp-content\/uploads\/2016\/04\/St.-Antonius-Hospital-Gronau.png 350w\" data-src=\"https:\/\/plastische-chirurgie-praxis.com\/wp-content\/uploads\/2016\/04\/St.-Antonius-Hospital-Gronau.png\" \/><\/a><\/div><\/div><div class=\"wf-cell\"><div><a class=\"layzr-bg\" href=\"http:\/\/www.dgpraec.de\/\" target=\"_blank\" title=\"\" ><img loading=\"lazy\" decoding=\"async\" class=\"fadeIn animate-element lazy-load\" src=\"data:image\/svg+xml;charset=utf-8,%3Csvg xmlns%3D&#039;http%3A%2F%2Fwww.w3.org%2F2000%2Fsvg&#039; viewBox%3D&#039;0 0 175 125&#039;%2F%3E\" width=\"175\" height=\"125\" alt=\"DGPRAC\" data-srcset=\"https:\/\/plastische-chirurgie-praxis.com\/wp-content\/uploads\/2015\/12\/DGPRAC-logo2.jpg 350w\" data-src=\"https:\/\/plastische-chirurgie-praxis.com\/wp-content\/uploads\/2015\/12\/DGPRAC-logo2.jpg\" \/><\/a><\/div><\/div><div class=\"wf-cell\"><div><\/div><\/div><\/section>[\/vc_column][\/vc_row]<\/p>\n<\/div>","protected":false},"excerpt":{"rendered":"<p>[vc_row animation=&#8220;fadeIn&#8220;][vc_column][vc_custom_heading text=&#8220;Ges\u00e4\u00dfstraffung&#8220; font_container=&#8220;tag:h1|text_align:left|color:%236996d1&#8243; use_theme_fonts=&#8220;yes&#8220;][\/vc_column][\/vc_row][vc_row animation=&#8220;fadeIn&#8220; margin_bottom=&#8220;20&#8243;][vc_column][vc_empty_space height=&#8220;40px&#8220;][vc_column_text] Warum eine Ges\u00e4\u00dfstraffung? Bei einer Ges\u00e4\u00dfstraffung wird die \u00fcbersch\u00fcssige Haut und das Fettgewebe chirurgisch entfernt. Um m\u00f6glichst unauff\u00e4llige Narben zu erreichen, wird die Schnittf\u00fchrung entlang der nat\u00fcrlichen K\u00f6rperlinien und in den Falten erfolgen.[\/vc_column_text][vc_empty_space height=&#8220;20px&#8220;][\/vc_column][\/vc_row][vc_row animation=&#8220;fadeIn&#8220;][vc_column][vc_tabs interval=&#8220;0&#8243; style=&#8220;tab-style-four&#8220;][vc_tab title=&#8220;Allgemeine informative&#8220; tab_id=&#8220;6eb3ad0b-8d82-145f0-e801&#8243;][vc_column_text]Durch Alterung oder nach starkem Abnehmen kann Ihr&hellip;<\/p>\n","protected":false},"author":2,"featured_media":0,"parent":0,"menu_order":0,"comment_status":"closed","ping_status":"closed","template":"","meta":{"_exactmetrics_skip_tracking":false,"_exactmetrics_sitenote_active":false,"_exactmetrics_sitenote_note":"","_exactmetrics_sitenote_category":0,"footnotes":""},"class_list":["post-1225","page","type-page","status-publish","hentry","description-off"],"yoast_head":"<!-- This site is optimized with the Yoast SEO plugin v27.2 - https:\/\/yoast.com\/product\/yoast-seo-wordpress\/ -->\n<title>Ges\u00e4\u00dfstraffung - Praxis Tavus - Gronau - Nordhorn - M\u00fcnster<\/title>\n<meta name=\"description\" content=\"Ges\u00e4\u00dfstraffung Bei Praxis Tavus? \u2713unverbindlichen Beratungstermin \u2713hervorragende Nachsorge \u2713Finanzierung ist moglich! Tel: +49 256 27261249\" \/>\n<meta name=\"robots\" content=\"index, follow, max-snippet:-1, max-image-preview:large, max-video-preview:-1\" \/>\n<link rel=\"canonical\" href=\"https:\/\/plastische-chirurgie-praxis.com\/de\/gesaessstraffung\/\" \/>\n<meta property=\"og:locale\" content=\"de_DE\" \/>\n<meta property=\"og:type\" content=\"article\" \/>\n<meta property=\"og:title\" content=\"Ges\u00e4\u00dfstraffung - Praxis Tavus - Gronau - Nordhorn - M\u00fcnster\" \/>\n<meta property=\"og:description\" content=\"Ges\u00e4\u00dfstraffung Bei Praxis Tavus? \u2713unverbindlichen Beratungstermin \u2713hervorragende Nachsorge \u2713Finanzierung ist moglich! Tel: +49 256 27261249\" \/>\n<meta property=\"og:url\" content=\"https:\/\/plastische-chirurgie-praxis.com\/de\/gesaessstraffung\/\" \/>\n<meta property=\"og:site_name\" content=\"Privatpraxis Tavus\" \/>\n<meta property=\"article:publisher\" content=\"https:\/\/www.facebook.com\/PraxisTavus\" \/>\n<meta property=\"article:modified_time\" content=\"2020-12-07T16:50:37+00:00\" \/>\n<meta property=\"og:image\" content=\"https:\/\/plastische-chirurgie-praxis.com\/wp-content\/uploads\/2015\/09\/Logo_normal.png\" \/>\n\t<meta property=\"og:image:width\" content=\"476\" \/>\n\t<meta property=\"og:image:height\" content=\"200\" \/>\n\t<meta property=\"og:image:type\" content=\"image\/png\" \/>\n<meta name=\"twitter:card\" content=\"summary_large_image\" \/>\n<meta name=\"twitter:site\" content=\"@PraxisTavus\" \/>\n<meta name=\"twitter:label1\" content=\"Gesch\u00e4tzte Lesezeit\" \/>\n\t<meta name=\"twitter:data1\" content=\"3\u00a0Minuten\" \/>\n<script type=\"application\/ld+json\" class=\"yoast-schema-graph\">{\"@context\":\"https:\/\/schema.org\",\"@graph\":[{\"@type\":\"WebPage\",\"@id\":\"https:\/\/plastische-chirurgie-praxis.com\/de\/gesaessstraffung\/\",\"url\":\"https:\/\/plastische-chirurgie-praxis.com\/de\/gesaessstraffung\/\",\"name\":\"Ges\u00e4\u00dfstraffung - Praxis Tavus - Gronau - Nordhorn - M\u00fcnster\",\"isPartOf\":{\"@id\":\"https:\/\/plastische-chirurgie-praxis.com\/#website\"},\"datePublished\":\"2015-10-04T15:12:22+00:00\",\"dateModified\":\"2020-12-07T16:50:37+00:00\",\"description\":\"Ges\u00e4\u00dfstraffung Bei Praxis Tavus? \u2713unverbindlichen Beratungstermin \u2713hervorragende Nachsorge \u2713Finanzierung ist moglich! Tel: +49 256 27261249\",\"breadcrumb\":{\"@id\":\"https:\/\/plastische-chirurgie-praxis.com\/de\/gesaessstraffung\/#breadcrumb\"},\"inLanguage\":\"de\",\"potentialAction\":[{\"@type\":\"ReadAction\",\"target\":[\"https:\/\/plastische-chirurgie-praxis.com\/de\/gesaessstraffung\/\"]}]},{\"@type\":\"BreadcrumbList\",\"@id\":\"https:\/\/plastische-chirurgie-praxis.com\/de\/gesaessstraffung\/#breadcrumb\",\"itemListElement\":[{\"@type\":\"ListItem\",\"position\":1,\"name\":\"Praxis Tavus\",\"item\":\"http:\/\/plastische-chirurgie-praxis.com\/de\/\"},{\"@type\":\"ListItem\",\"position\":2,\"name\":\"Ges\u00e4\u00dfstraffung\"}]},{\"@type\":\"WebSite\",\"@id\":\"https:\/\/plastische-chirurgie-praxis.com\/#website\",\"url\":\"https:\/\/plastische-chirurgie-praxis.com\/\",\"name\":\"Privatpraxis Tavus\",\"description\":\"Plastische &amp; Asthetische Chirurgie\",\"publisher\":{\"@id\":\"https:\/\/plastische-chirurgie-praxis.com\/#organization\"},\"potentialAction\":[{\"@type\":\"SearchAction\",\"target\":{\"@type\":\"EntryPoint\",\"urlTemplate\":\"https:\/\/plastische-chirurgie-praxis.com\/?s={search_term_string}\"},\"query-input\":{\"@type\":\"PropertyValueSpecification\",\"valueRequired\":true,\"valueName\":\"search_term_string\"}}],\"inLanguage\":\"de\"},{\"@type\":\"Organization\",\"@id\":\"https:\/\/plastische-chirurgie-praxis.com\/#organization\",\"name\":\"Praxis Tavus: Plastische & Asthetische Chirurgie\",\"url\":\"https:\/\/plastische-chirurgie-praxis.com\/\",\"logo\":{\"@type\":\"ImageObject\",\"inLanguage\":\"de\",\"@id\":\"https:\/\/plastische-chirurgie-praxis.com\/#\/schema\/logo\/image\/\",\"url\":\"http:\/\/plastische-chirurgie-praxis.com\/wp-content\/uploads\/2015\/09\/Logo_normal.png\",\"contentUrl\":\"http:\/\/plastische-chirurgie-praxis.com\/wp-content\/uploads\/2015\/09\/Logo_normal.png\",\"width\":476,\"height\":200,\"caption\":\"Praxis Tavus: Plastische & Asthetische Chirurgie\"},\"image\":{\"@id\":\"https:\/\/plastische-chirurgie-praxis.com\/#\/schema\/logo\/image\/\"},\"sameAs\":[\"https:\/\/www.facebook.com\/PraxisTavus\",\"https:\/\/x.com\/PraxisTavus\"]}]}<\/script>\n<!-- \/ Yoast SEO plugin. -->","yoast_head_json":{"title":"Ges\u00e4\u00dfstraffung - Praxis Tavus - Gronau - Nordhorn - M\u00fcnster","description":"Ges\u00e4\u00dfstraffung Bei Praxis Tavus? \u2713unverbindlichen Beratungstermin \u2713hervorragende Nachsorge \u2713Finanzierung ist moglich! Tel: +49 256 27261249","robots":{"index":"index","follow":"follow","max-snippet":"max-snippet:-1","max-image-preview":"max-image-preview:large","max-video-preview":"max-video-preview:-1"},"canonical":"https:\/\/plastische-chirurgie-praxis.com\/de\/gesaessstraffung\/","og_locale":"de_DE","og_type":"article","og_title":"Ges\u00e4\u00dfstraffung - Praxis Tavus - Gronau - Nordhorn - M\u00fcnster","og_description":"Ges\u00e4\u00dfstraffung Bei Praxis Tavus? \u2713unverbindlichen Beratungstermin \u2713hervorragende Nachsorge \u2713Finanzierung ist moglich! Tel: +49 256 27261249","og_url":"https:\/\/plastische-chirurgie-praxis.com\/de\/gesaessstraffung\/","og_site_name":"Privatpraxis Tavus","article_publisher":"https:\/\/www.facebook.com\/PraxisTavus","article_modified_time":"2020-12-07T16:50:37+00:00","og_image":[{"width":476,"height":200,"url":"https:\/\/plastische-chirurgie-praxis.com\/wp-content\/uploads\/2015\/09\/Logo_normal.png","type":"image\/png"}],"twitter_card":"summary_large_image","twitter_site":"@PraxisTavus","twitter_misc":{"Gesch\u00e4tzte Lesezeit":"3\u00a0Minuten"},"schema":{"@context":"https:\/\/schema.org","@graph":[{"@type":"WebPage","@id":"https:\/\/plastische-chirurgie-praxis.com\/de\/gesaessstraffung\/","url":"https:\/\/plastische-chirurgie-praxis.com\/de\/gesaessstraffung\/","name":"Ges\u00e4\u00dfstraffung - Praxis Tavus - Gronau - Nordhorn - M\u00fcnster","isPartOf":{"@id":"https:\/\/plastische-chirurgie-praxis.com\/#website"},"datePublished":"2015-10-04T15:12:22+00:00","dateModified":"2020-12-07T16:50:37+00:00","description":"Ges\u00e4\u00dfstraffung Bei Praxis Tavus? \u2713unverbindlichen Beratungstermin \u2713hervorragende Nachsorge \u2713Finanzierung ist moglich! Tel: +49 256 27261249","breadcrumb":{"@id":"https:\/\/plastische-chirurgie-praxis.com\/de\/gesaessstraffung\/#breadcrumb"},"inLanguage":"de","potentialAction":[{"@type":"ReadAction","target":["https:\/\/plastische-chirurgie-praxis.com\/de\/gesaessstraffung\/"]}]},{"@type":"BreadcrumbList","@id":"https:\/\/plastische-chirurgie-praxis.com\/de\/gesaessstraffung\/#breadcrumb","itemListElement":[{"@type":"ListItem","position":1,"name":"Praxis Tavus","item":"http:\/\/plastische-chirurgie-praxis.com\/de\/"},{"@type":"ListItem","position":2,"name":"Ges\u00e4\u00dfstraffung"}]},{"@type":"WebSite","@id":"https:\/\/plastische-chirurgie-praxis.com\/#website","url":"https:\/\/plastische-chirurgie-praxis.com\/","name":"Privatpraxis Tavus","description":"Plastische &amp; Asthetische Chirurgie","publisher":{"@id":"https:\/\/plastische-chirurgie-praxis.com\/#organization"},"potentialAction":[{"@type":"SearchAction","target":{"@type":"EntryPoint","urlTemplate":"https:\/\/plastische-chirurgie-praxis.com\/?s={search_term_string}"},"query-input":{"@type":"PropertyValueSpecification","valueRequired":true,"valueName":"search_term_string"}}],"inLanguage":"de"},{"@type":"Organization","@id":"https:\/\/plastische-chirurgie-praxis.com\/#organization","name":"Praxis Tavus: Plastische & Asthetische Chirurgie","url":"https:\/\/plastische-chirurgie-praxis.com\/","logo":{"@type":"ImageObject","inLanguage":"de","@id":"https:\/\/plastische-chirurgie-praxis.com\/#\/schema\/logo\/image\/","url":"http:\/\/plastische-chirurgie-praxis.com\/wp-content\/uploads\/2015\/09\/Logo_normal.png","contentUrl":"http:\/\/plastische-chirurgie-praxis.com\/wp-content\/uploads\/2015\/09\/Logo_normal.png","width":476,"height":200,"caption":"Praxis Tavus: Plastische & Asthetische Chirurgie"},"image":{"@id":"https:\/\/plastische-chirurgie-praxis.com\/#\/schema\/logo\/image\/"},"sameAs":["https:\/\/www.facebook.com\/PraxisTavus","https:\/\/x.com\/PraxisTavus"]}]}},"_links":{"self":[{"href":"https:\/\/plastische-chirurgie-praxis.com\/de\/wp-json\/wp\/v2\/pages\/1225","targetHints":{"allow":["GET"]}}],"collection":[{"href":"https:\/\/plastische-chirurgie-praxis.com\/de\/wp-json\/wp\/v2\/pages"}],"about":[{"href":"https:\/\/plastische-chirurgie-praxis.com\/de\/wp-json\/wp\/v2\/types\/page"}],"author":[{"embeddable":true,"href":"https:\/\/plastische-chirurgie-praxis.com\/de\/wp-json\/wp\/v2\/users\/2"}],"replies":[{"embeddable":true,"href":"https:\/\/plastische-chirurgie-praxis.com\/de\/wp-json\/wp\/v2\/comments?post=1225"}],"version-history":[{"count":12,"href":"https:\/\/plastische-chirurgie-praxis.com\/de\/wp-json\/wp\/v2\/pages\/1225\/revisions"}],"predecessor-version":[{"id":2222,"href":"https:\/\/plastische-chirurgie-praxis.com\/de\/wp-json\/wp\/v2\/pages\/1225\/revisions\/2222"}],"wp:attachment":[{"href":"https:\/\/plastische-chirurgie-praxis.com\/de\/wp-json\/wp\/v2\/media?parent=1225"}],"curies":[{"name":"wp","href":"https:\/\/api.w.org\/{rel}","templated":true}]}}