{"id":1230,"date":"2015-10-04T17:12:50","date_gmt":"2015-10-04T15:12:50","guid":{"rendered":"http:\/\/plastische-chirurgie-praxis.com\/buikwandcorrectie\/?lang=de"},"modified":"2020-12-07T17:49:43","modified_gmt":"2020-12-07T16:49:43","slug":"bauchdeckenstraffung","status":"publish","type":"page","link":"https:\/\/plastische-chirurgie-praxis.com\/de\/bauchdeckenstraffung\/","title":{"rendered":"Bauchdeckenstraffung"},"content":{"rendered":"<div class=\"wpb-content-wrapper\"><p>[vc_row animation=&#8220;fadeIn&#8220;][vc_column][vc_custom_heading text=&#8220;Bauchdeckenstraffung&#8220; font_container=&#8220;tag:h1|text_align:left|color:%236996d1&#8243; use_theme_fonts=&#8220;yes&#8220;]<div class=\"hr-thin style-line accent-border-color\" style=\"width: 100%;border-top-width: 5px;\"><\/div>[\/vc_column][\/vc_row][vc_row animation=&#8220;fadeIn&#8220; margin_bottom=&#8220;20&#8243;][vc_column][vc_empty_space height=&#8220;40px&#8220;][vc_column_text]<\/p>\n<h2><span style=\"color: #808080;\"><em>Warum eine Bauchdeckenstraffung?<\/em><\/span><\/h2>\n<p>Durch gro\u00dfe Gewichtschwankungen des K\u00f6rpers kann es zu einem \u00dcberschuss von Haut an der Bauchdecke kommen. Eine Bauchdeckenstraffung bietet die L\u00f6sung. Diese Operation eignet sich auch f\u00fcr Frauen, die nach der Schwangerschaft ausgedehnte Bauchmuskeln haben.<\/p>\n<p>Sie werden das beste Ergebnis erreichen, wenn Sie vor dem Eingriff das richtige Gewicht haben. Aus diesen Gr\u00fcnden ist es manchmal notwendig, vor der Operation Gewicht zu verlieren.<\/p>\n<p>[\/vc_column_text][vc_empty_space height=&#8220;20px&#8220;][\/vc_column][\/vc_row][vc_row animation=&#8220;fadeIn&#8220;][vc_column][vc_tabs interval=&#8220;0&#8243; style=&#8220;tab-style-four&#8220;][vc_tab title=&#8220;Allgemeine Information&#8220; tab_id=&#8220;6eb3ad0b-8d82-12541-10ce&#8220;][vc_column_text]<span lang=\"DE\">Die Haut des Bauches und auch die darunter liegenden Muskeln k\u00f6nnen z.B. durch Alterung, aber auch nach einer Schwangerschaft oder nach extremen Abnehmen gedehnt und schlapp sein. Eine Bauchdeckenstraffung kann dann eine L\u00f6sung sein.<\/span><\/p>\n<p><span lang=\"DE\">Wenn Sie keinen \u00fcbersch\u00fcssiger Haut haben, aber unter Fettdepots leiden, dann w\u00e4re eine Fettabsaugung m\u00f6glicherweise eine geeignetere L\u00f6sung f\u00fcr Sie. Der Plastische Chirurg wird Sie w\u00e4hrend der Sprechstunde dar\u00fcber informieren.<\/span><\/p>\n<p><span lang=\"DE\">Wenn Sie nur \u00fcbersch\u00fcssige Haut haben, kann der plastische Chirurg eine Mini-Bauchdeckenstraffung durchf\u00fchren. Wenn die Bauchdecke und die Muskeln der Bauchwand in ihrer Gesamtheit geschw\u00e4cht sind, dann wird eine gesamte Bauchstraffung zum besten Ergebnis f\u00fchren. W\u00e4hrend des Eingriffs wird das \u00fcbersch\u00fcssige Gewebe entfernt und die Bauchmuskeln werden in der Mittellinie wieder zusammengen\u00e4ht.<\/span><\/p>\n<p><span lang=\"DE\">In der Regel wird ein horizontaler Schnitt knapp \u00fcber dem Schambein gemacht. Dies f\u00e4llt unter die Bikinizone. Wie lang dieser Einschnitt sein wird, h\u00e4ngt von der Haut ab, die entfernt werden soll.<\/span>[\/vc_column_text][\/vc_tab][vc_tab title=&#8220;Behandlung&#8220; tab_id=&#8220;1444055223835-2-12541-10ce&#8220;][vc_column_text]<span lang=\"DE\">Eine kleine Bauchdeckenstraffung ist in der Regel mit einer station\u00e4ren Aufnahme von 1-2 Tagen zu realisieren.<\/span><\/p>\n<p><span lang=\"DE\">Der Eingriff wird ca. 1 \u00bd bis 3 Stunden in Anspruch nehmen.<\/span>[\/vc_column_text][\/vc_tab][vc_tab title=&#8220;Nachsorge und Erholungsphase&#8220; tab_id=&#8220;1444055225179-3-32541-10ce&#8220;][vc_column_text]<span lang=\"DE\">Nach einer kompletten Bauchdeckenstraffung bleiben Sie in den meisten F\u00e4llen eine Nacht in der Klinik. Postoperativ haben die meisten Patienten Schmerzen im Bauchbereich und die Beweglichkeit kann dadurch eingeschr\u00e4nkt sein. Gegen die Schmerzen k\u00f6nnen jedoch Medikamente verabreicht werden.<\/span><\/p>\n<p><strong><span lang=\"DE\">Erholung<\/span><\/strong><b><span lang=\"DE\"><br \/>\n<\/span><\/b><span lang=\"DE\">Wie nach jedem chirurgischen Eingriff braucht der K\u00f6rper Zeit, sich zu erholen. Die behandelte Fl\u00e4che wird zun\u00e4chst blau und f\u00fchlt sich geschwollen an. Auch die Narbe kann nach der Operation rot und geschwollen sein. In den ersten vier Wochen werden Sie Tag und Nacht ein Kompressionsmieder tragen m\u00fcssen. Danach brauchen Sie dieses Mieder nur noch f\u00fcr zwei Wochen nachts tragen, um ein Anschwellen des Bauchs zu reduzieren und die Wundheilung zu unterst\u00fctzen.<\/span><\/p>\n<p><strong><span lang=\"DE\">Kontrolle<\/span><\/strong><b><span lang=\"DE\"><br \/>\n<\/span><\/b><span lang=\"DE\">Nach einer Woche erwarten wir Sie zur Kontrolle beim Plastischen Chirurgen oder bei der Krankenschwester in der Klinik. Danach m\u00fcssen Sie das Kompressionsmieder vier Wochen Tag und Nacht und dann weitere zwei Wochen tragen. Nach drei Monaten und nach einem Jahr kommen Sie wieder zur Kontrolle zum Plastischen Chirurgen. Das Ergebnis kann nur dann gut bewertet werden.<\/span>[\/vc_column_text][\/vc_tab][vc_tab title=&#8220;Resultat&#8220; tab_id=&#8220;1444055235999-4-92541-10ce&#8220;][vc_column_text]<span lang=\"DE\">Ihr Bauch wird flacher und eine bessere Form haben. Im Allgemeinen ist das Ergebnis nach einer Bauchstraffung langlebig. Durch weitere Gewichtszunahme, \u00dcberdehnung der Haut und Muskeln bei Alterung oder einer Schwangerschaft kann es sein, dass eine neue Operation notwendig sein wird.<\/span><\/p>\n<p><strong><span lang=\"DE\">Narben<\/span><\/strong><b><span lang=\"DE\"><br \/>\n<\/span><\/b><span lang=\"DE\">Der Plastische Chirurg tut alles, um die Narben kaum sichtbar zu machen. Die Narben werden zun\u00e4chst rot und geschwollen sein, aber dies wird nach mehreren Wochen besser. Die Narbe verblasst nach etwa drei bis f\u00fcnf Monaten.<\/span>[\/vc_column_text][\/vc_tab][vc_tab title=&#8220;Risiko und Komplikationen&#8220; tab_id=&#8220;1444055299658-5-52541-10ce&#8220;][vc_column_text]Sie sollten wissen, dass jeder chirurgischer Eingriff Risiken und Komplikationen mit sich bringen kann, z.B. Infektion, gest\u00f6rte Wundheilung, Blutungen oder Thrombose. Auch k\u00f6nnen Patienten allergische Reaktionen durch Bet\u00e4ubungsmittel, Desinfektionsmittel oder Pflaster bekommen. Grunds\u00e4tzlich ist zu sagen, dass bei gesunden Menschen die Risiken und Chancen auf Komplikationen sehr gering sind. Durch gute Informationen, eine vollst\u00e4ndige Anamnese (einschlie\u00dflich Ihrer medizinischen Vorgeschichte, z. B. Drogenkonsum, keine Probleme mit vorangegangenen Operationen, Allergien) und unsere professionelle Vorgehensweise bringen wir diese Risiken auf ein absolutes Minimum.<\/p>\n<p>Sie k\u00f6nnen helfen, bestimmte Risiken zu reduzieren, indem Sie den Anweisungen folgen, die Sie vorab von unserem Plastischen Chirurgen erhalten haben.[\/vc_column_text][\/vc_tab][vc_tab title=&#8220;Fragen&#8220; tab_id=&#8220;1444055347868-7-22541-10ce&#8220;][vc_column_text]Sie k\u00f6nnen sich am besten telefonisch bei uns melden. Gerne vereinbaren wir mit Ihnen einen pers\u00f6nlichen Termin, um die M\u00f6glichkeiten zu besprechen. Sie k\u00f6nnen uns unter folgender Telefonnummer erreichen: (+49) 256 27261249.[\/vc_column_text][\/vc_tab][\/vc_tabs][\/vc_column][\/vc_row][vc_row][vc_column][vc_empty_space height=&#8220;40px&#8220;]<section class=\"logos-grid wf-container\" data-width=\"110px\" data-columns=\"5\"><div class=\"wf-cell\"><div><a class=\"layzr-bg\" href=\"https:\/\/www.narconova-klinik.com\/fachrichtungen\/plastisch-%C3%A4sthetische-chirurgie\/\" target=\"_blank\" title=\"\" ><img loading=\"lazy\" decoding=\"async\" class=\"fadeIn animate-element lazy-load\" src=\"data:image\/svg+xml;charset=utf-8,%3Csvg xmlns%3D&#039;http%3A%2F%2Fwww.w3.org%2F2000%2Fsvg&#039; viewBox%3D&#039;0 0 175 125&#039;%2F%3E\" width=\"175\" height=\"125\" alt=\"Narconova Klinik GmbH\" data-srcset=\"https:\/\/plastische-chirurgie-praxis.com\/wp-content\/uploads\/2017\/05\/narconova-praxis-tavus-bocholt.png 350w\" data-src=\"https:\/\/plastische-chirurgie-praxis.com\/wp-content\/uploads\/2017\/05\/narconova-praxis-tavus-bocholt.png\" \/><\/a><\/div><\/div><div class=\"wf-cell\"><div><a class=\"layzr-bg\" href=\"https:\/\/www.klinikrothenbaum.de\/deutsch\/aerzteteam\/aerzte-nach-fachgebieten\/\" target=\"_blank\" title=\"\" ><img loading=\"lazy\" decoding=\"async\" class=\"fadeIn animate-element lazy-load\" src=\"data:image\/svg+xml;charset=utf-8,%3Csvg xmlns%3D&#039;http%3A%2F%2Fwww.w3.org%2F2000%2Fsvg&#039; viewBox%3D&#039;0 0 175 125&#039;%2F%3E\" width=\"175\" height=\"125\" alt=\"Praxisklinik am Rothenbaum\" data-srcset=\"https:\/\/plastische-chirurgie-praxis.com\/wp-content\/uploads\/2017\/03\/klinikrothenbaum-praxis-tavus-hamburg.png 350w\" data-src=\"https:\/\/plastische-chirurgie-praxis.com\/wp-content\/uploads\/2017\/03\/klinikrothenbaum-praxis-tavus-hamburg.png\" \/><\/a><\/div><\/div><div class=\"wf-cell\"><div><a class=\"layzr-bg\" href=\"http:\/\/www.st-antonius-gronau.de\/index.php\/hospital\/ambulante-angebote\/gesundheitszentrum.html\" target=\"_blank\" title=\"\" ><img loading=\"lazy\" decoding=\"async\" class=\"fadeIn animate-element lazy-load\" src=\"data:image\/svg+xml;charset=utf-8,%3Csvg xmlns%3D&#039;http%3A%2F%2Fwww.w3.org%2F2000%2Fsvg&#039; viewBox%3D&#039;0 0 175 125&#039;%2F%3E\" width=\"175\" height=\"125\" alt=\"St. Antonius-Hospital\" data-srcset=\"https:\/\/plastische-chirurgie-praxis.com\/wp-content\/uploads\/2016\/04\/St.-Antonius-Hospital-Gronau.png 350w\" data-src=\"https:\/\/plastische-chirurgie-praxis.com\/wp-content\/uploads\/2016\/04\/St.-Antonius-Hospital-Gronau.png\" \/><\/a><\/div><\/div><div class=\"wf-cell\"><div><a class=\"layzr-bg\" href=\"http:\/\/www.dgpraec.de\/\" target=\"_blank\" title=\"\" ><img loading=\"lazy\" decoding=\"async\" class=\"fadeIn animate-element lazy-load\" src=\"data:image\/svg+xml;charset=utf-8,%3Csvg xmlns%3D&#039;http%3A%2F%2Fwww.w3.org%2F2000%2Fsvg&#039; viewBox%3D&#039;0 0 175 125&#039;%2F%3E\" width=\"175\" height=\"125\" alt=\"DGPRAC\" data-srcset=\"https:\/\/plastische-chirurgie-praxis.com\/wp-content\/uploads\/2015\/12\/DGPRAC-logo2.jpg 350w\" data-src=\"https:\/\/plastische-chirurgie-praxis.com\/wp-content\/uploads\/2015\/12\/DGPRAC-logo2.jpg\" \/><\/a><\/div><\/div><div class=\"wf-cell\"><div><\/div><\/div><\/section>[\/vc_column][\/vc_row]<\/p>\n<\/div>","protected":false},"excerpt":{"rendered":"<p>[vc_row animation=&#8220;fadeIn&#8220;][vc_column][vc_custom_heading text=&#8220;Bauchdeckenstraffung&#8220; font_container=&#8220;tag:h1|text_align:left|color:%236996d1&#8243; use_theme_fonts=&#8220;yes&#8220;][\/vc_column][\/vc_row][vc_row animation=&#8220;fadeIn&#8220; margin_bottom=&#8220;20&#8243;][vc_column][vc_empty_space height=&#8220;40px&#8220;][vc_column_text] Warum eine Bauchdeckenstraffung? Durch gro\u00dfe Gewichtschwankungen des K\u00f6rpers kann es zu einem \u00dcberschuss von Haut an der Bauchdecke kommen. Eine Bauchdeckenstraffung bietet die L\u00f6sung. Diese Operation eignet sich auch f\u00fcr Frauen, die nach der Schwangerschaft ausgedehnte Bauchmuskeln haben. Sie werden das beste Ergebnis erreichen, wenn Sie vor&hellip;<\/p>\n","protected":false},"author":2,"featured_media":0,"parent":0,"menu_order":0,"comment_status":"closed","ping_status":"closed","template":"","meta":{"_exactmetrics_skip_tracking":false,"_exactmetrics_sitenote_active":false,"_exactmetrics_sitenote_note":"","_exactmetrics_sitenote_category":0,"footnotes":""},"class_list":["post-1230","page","type-page","status-publish","hentry","description-off"],"yoast_head":"<!-- This site is optimized with the Yoast SEO plugin v27.2 - https:\/\/yoast.com\/product\/yoast-seo-wordpress\/ -->\n<title>Bauchdeckenstraffung - Praxis Tavus - Gronau - Nordhorn - M\u00fcnster<\/title>\n<meta name=\"description\" content=\"Bauchdeckenstraffung Bei Praxis Tavus? \u2713unverbindlichen Beratungstermin \u2713hervorragende Nachsorge \u2713Finanzierung ist moglich! Tel: +49 256 27261249\" \/>\n<meta name=\"robots\" content=\"index, follow, max-snippet:-1, max-image-preview:large, max-video-preview:-1\" \/>\n<link rel=\"canonical\" href=\"http:\/\/plastische-chirurgie-praxis.com\/de\/bauchdeckenstraffung\/\" \/>\n<meta property=\"og:locale\" content=\"de_DE\" \/>\n<meta property=\"og:type\" content=\"article\" \/>\n<meta property=\"og:title\" content=\"Bauchdeckenstraffung - Praxis Tavus - Gronau - Nordhorn - M\u00fcnster\" \/>\n<meta property=\"og:description\" content=\"Bauchdeckenstraffung Bei Praxis Tavus? \u2713unverbindlichen Beratungstermin \u2713hervorragende Nachsorge \u2713Finanzierung ist moglich! Tel: +49 256 27261249\" \/>\n<meta property=\"og:url\" content=\"http:\/\/plastische-chirurgie-praxis.com\/de\/bauchdeckenstraffung\/\" \/>\n<meta property=\"og:site_name\" content=\"Privatpraxis Tavus\" \/>\n<meta property=\"article:publisher\" content=\"https:\/\/www.facebook.com\/PraxisTavus\" \/>\n<meta property=\"article:modified_time\" content=\"2020-12-07T16:49:43+00:00\" \/>\n<meta property=\"og:image\" content=\"https:\/\/plastische-chirurgie-praxis.com\/wp-content\/uploads\/2015\/09\/Logo_normal.png\" \/>\n\t<meta property=\"og:image:width\" content=\"476\" \/>\n\t<meta property=\"og:image:height\" content=\"200\" \/>\n\t<meta property=\"og:image:type\" content=\"image\/png\" \/>\n<meta name=\"twitter:card\" content=\"summary_large_image\" \/>\n<meta name=\"twitter:site\" content=\"@PraxisTavus\" \/>\n<meta name=\"twitter:label1\" content=\"Gesch\u00e4tzte Lesezeit\" \/>\n\t<meta name=\"twitter:data1\" content=\"4\u00a0Minuten\" \/>\n<script type=\"application\/ld+json\" class=\"yoast-schema-graph\">{\"@context\":\"https:\/\/schema.org\",\"@graph\":[{\"@type\":\"WebPage\",\"@id\":\"http:\/\/plastische-chirurgie-praxis.com\/de\/bauchdeckenstraffung\/\",\"url\":\"http:\/\/plastische-chirurgie-praxis.com\/de\/bauchdeckenstraffung\/\",\"name\":\"Bauchdeckenstraffung - Praxis Tavus - Gronau - Nordhorn - M\u00fcnster\",\"isPartOf\":{\"@id\":\"https:\/\/plastische-chirurgie-praxis.com\/#website\"},\"datePublished\":\"2015-10-04T15:12:50+00:00\",\"dateModified\":\"2020-12-07T16:49:43+00:00\",\"description\":\"Bauchdeckenstraffung Bei Praxis Tavus? \u2713unverbindlichen Beratungstermin \u2713hervorragende Nachsorge \u2713Finanzierung ist moglich! Tel: +49 256 27261249\",\"breadcrumb\":{\"@id\":\"http:\/\/plastische-chirurgie-praxis.com\/de\/bauchdeckenstraffung\/#breadcrumb\"},\"inLanguage\":\"de\",\"potentialAction\":[{\"@type\":\"ReadAction\",\"target\":[\"http:\/\/plastische-chirurgie-praxis.com\/de\/bauchdeckenstraffung\/\"]}]},{\"@type\":\"BreadcrumbList\",\"@id\":\"http:\/\/plastische-chirurgie-praxis.com\/de\/bauchdeckenstraffung\/#breadcrumb\",\"itemListElement\":[{\"@type\":\"ListItem\",\"position\":1,\"name\":\"Praxis Tavus\",\"item\":\"http:\/\/plastische-chirurgie-praxis.com\/de\/\"},{\"@type\":\"ListItem\",\"position\":2,\"name\":\"Bauchdeckenstraffung\"}]},{\"@type\":\"WebSite\",\"@id\":\"https:\/\/plastische-chirurgie-praxis.com\/#website\",\"url\":\"https:\/\/plastische-chirurgie-praxis.com\/\",\"name\":\"Privatpraxis Tavus\",\"description\":\"Plastische &amp; Asthetische Chirurgie\",\"publisher\":{\"@id\":\"https:\/\/plastische-chirurgie-praxis.com\/#organization\"},\"potentialAction\":[{\"@type\":\"SearchAction\",\"target\":{\"@type\":\"EntryPoint\",\"urlTemplate\":\"https:\/\/plastische-chirurgie-praxis.com\/?s={search_term_string}\"},\"query-input\":{\"@type\":\"PropertyValueSpecification\",\"valueRequired\":true,\"valueName\":\"search_term_string\"}}],\"inLanguage\":\"de\"},{\"@type\":\"Organization\",\"@id\":\"https:\/\/plastische-chirurgie-praxis.com\/#organization\",\"name\":\"Praxis Tavus: Plastische & Asthetische Chirurgie\",\"url\":\"https:\/\/plastische-chirurgie-praxis.com\/\",\"logo\":{\"@type\":\"ImageObject\",\"inLanguage\":\"de\",\"@id\":\"https:\/\/plastische-chirurgie-praxis.com\/#\/schema\/logo\/image\/\",\"url\":\"http:\/\/plastische-chirurgie-praxis.com\/wp-content\/uploads\/2015\/09\/Logo_normal.png\",\"contentUrl\":\"http:\/\/plastische-chirurgie-praxis.com\/wp-content\/uploads\/2015\/09\/Logo_normal.png\",\"width\":476,\"height\":200,\"caption\":\"Praxis Tavus: Plastische & Asthetische Chirurgie\"},\"image\":{\"@id\":\"https:\/\/plastische-chirurgie-praxis.com\/#\/schema\/logo\/image\/\"},\"sameAs\":[\"https:\/\/www.facebook.com\/PraxisTavus\",\"https:\/\/x.com\/PraxisTavus\"]}]}<\/script>\n<!-- \/ Yoast SEO plugin. -->","yoast_head_json":{"title":"Bauchdeckenstraffung - Praxis Tavus - Gronau - Nordhorn - M\u00fcnster","description":"Bauchdeckenstraffung Bei Praxis Tavus? \u2713unverbindlichen Beratungstermin \u2713hervorragende Nachsorge \u2713Finanzierung ist moglich! Tel: +49 256 27261249","robots":{"index":"index","follow":"follow","max-snippet":"max-snippet:-1","max-image-preview":"max-image-preview:large","max-video-preview":"max-video-preview:-1"},"canonical":"http:\/\/plastische-chirurgie-praxis.com\/de\/bauchdeckenstraffung\/","og_locale":"de_DE","og_type":"article","og_title":"Bauchdeckenstraffung - Praxis Tavus - Gronau - Nordhorn - M\u00fcnster","og_description":"Bauchdeckenstraffung Bei Praxis Tavus? \u2713unverbindlichen Beratungstermin \u2713hervorragende Nachsorge \u2713Finanzierung ist moglich! Tel: +49 256 27261249","og_url":"http:\/\/plastische-chirurgie-praxis.com\/de\/bauchdeckenstraffung\/","og_site_name":"Privatpraxis Tavus","article_publisher":"https:\/\/www.facebook.com\/PraxisTavus","article_modified_time":"2020-12-07T16:49:43+00:00","og_image":[{"width":476,"height":200,"url":"https:\/\/plastische-chirurgie-praxis.com\/wp-content\/uploads\/2015\/09\/Logo_normal.png","type":"image\/png"}],"twitter_card":"summary_large_image","twitter_site":"@PraxisTavus","twitter_misc":{"Gesch\u00e4tzte Lesezeit":"4\u00a0Minuten"},"schema":{"@context":"https:\/\/schema.org","@graph":[{"@type":"WebPage","@id":"http:\/\/plastische-chirurgie-praxis.com\/de\/bauchdeckenstraffung\/","url":"http:\/\/plastische-chirurgie-praxis.com\/de\/bauchdeckenstraffung\/","name":"Bauchdeckenstraffung - Praxis Tavus - Gronau - Nordhorn - M\u00fcnster","isPartOf":{"@id":"https:\/\/plastische-chirurgie-praxis.com\/#website"},"datePublished":"2015-10-04T15:12:50+00:00","dateModified":"2020-12-07T16:49:43+00:00","description":"Bauchdeckenstraffung Bei Praxis Tavus? \u2713unverbindlichen Beratungstermin \u2713hervorragende Nachsorge \u2713Finanzierung ist moglich! Tel: +49 256 27261249","breadcrumb":{"@id":"http:\/\/plastische-chirurgie-praxis.com\/de\/bauchdeckenstraffung\/#breadcrumb"},"inLanguage":"de","potentialAction":[{"@type":"ReadAction","target":["http:\/\/plastische-chirurgie-praxis.com\/de\/bauchdeckenstraffung\/"]}]},{"@type":"BreadcrumbList","@id":"http:\/\/plastische-chirurgie-praxis.com\/de\/bauchdeckenstraffung\/#breadcrumb","itemListElement":[{"@type":"ListItem","position":1,"name":"Praxis Tavus","item":"http:\/\/plastische-chirurgie-praxis.com\/de\/"},{"@type":"ListItem","position":2,"name":"Bauchdeckenstraffung"}]},{"@type":"WebSite","@id":"https:\/\/plastische-chirurgie-praxis.com\/#website","url":"https:\/\/plastische-chirurgie-praxis.com\/","name":"Privatpraxis Tavus","description":"Plastische &amp; Asthetische Chirurgie","publisher":{"@id":"https:\/\/plastische-chirurgie-praxis.com\/#organization"},"potentialAction":[{"@type":"SearchAction","target":{"@type":"EntryPoint","urlTemplate":"https:\/\/plastische-chirurgie-praxis.com\/?s={search_term_string}"},"query-input":{"@type":"PropertyValueSpecification","valueRequired":true,"valueName":"search_term_string"}}],"inLanguage":"de"},{"@type":"Organization","@id":"https:\/\/plastische-chirurgie-praxis.com\/#organization","name":"Praxis Tavus: Plastische & Asthetische Chirurgie","url":"https:\/\/plastische-chirurgie-praxis.com\/","logo":{"@type":"ImageObject","inLanguage":"de","@id":"https:\/\/plastische-chirurgie-praxis.com\/#\/schema\/logo\/image\/","url":"http:\/\/plastische-chirurgie-praxis.com\/wp-content\/uploads\/2015\/09\/Logo_normal.png","contentUrl":"http:\/\/plastische-chirurgie-praxis.com\/wp-content\/uploads\/2015\/09\/Logo_normal.png","width":476,"height":200,"caption":"Praxis Tavus: Plastische & Asthetische Chirurgie"},"image":{"@id":"https:\/\/plastische-chirurgie-praxis.com\/#\/schema\/logo\/image\/"},"sameAs":["https:\/\/www.facebook.com\/PraxisTavus","https:\/\/x.com\/PraxisTavus"]}]}},"_links":{"self":[{"href":"https:\/\/plastische-chirurgie-praxis.com\/de\/wp-json\/wp\/v2\/pages\/1230","targetHints":{"allow":["GET"]}}],"collection":[{"href":"https:\/\/plastische-chirurgie-praxis.com\/de\/wp-json\/wp\/v2\/pages"}],"about":[{"href":"https:\/\/plastische-chirurgie-praxis.com\/de\/wp-json\/wp\/v2\/types\/page"}],"author":[{"embeddable":true,"href":"https:\/\/plastische-chirurgie-praxis.com\/de\/wp-json\/wp\/v2\/users\/2"}],"replies":[{"embeddable":true,"href":"https:\/\/plastische-chirurgie-praxis.com\/de\/wp-json\/wp\/v2\/comments?post=1230"}],"version-history":[{"count":14,"href":"https:\/\/plastische-chirurgie-praxis.com\/de\/wp-json\/wp\/v2\/pages\/1230\/revisions"}],"predecessor-version":[{"id":2216,"href":"https:\/\/plastische-chirurgie-praxis.com\/de\/wp-json\/wp\/v2\/pages\/1230\/revisions\/2216"}],"wp:attachment":[{"href":"https:\/\/plastische-chirurgie-praxis.com\/de\/wp-json\/wp\/v2\/media?parent=1230"}],"curies":[{"name":"wp","href":"https:\/\/api.w.org\/{rel}","templated":true}]}}