{"id":969,"date":"2015-10-12T11:18:10","date_gmt":"2015-10-12T09:18:10","guid":{"rendered":"http:\/\/plastische-chirurgie-praxis.com\/drs-dabeshlim\/?lang=de"},"modified":"2017-06-12T12:31:45","modified_gmt":"2017-06-12T10:31:45","slug":"drs-dabeshlim","status":"publish","type":"page","link":"https:\/\/plastische-chirurgie-praxis.com\/de\/drs-dabeshlim\/","title":{"rendered":"Drs. Dabeshlim"},"content":{"rendered":"<div class=\"wpb-content-wrapper\"><p>[vc_row animation=&#8220;fadeIn&#8220;][vc_column][vc_custom_heading text=&#8220;Drs. Dabeshlim&#8220; font_container=&#8220;tag:h1|text_align:left|color:%2376a0b0&#8243; use_theme_fonts=&#8220;yes&#8220;]<div class=\"hr-thin style-line\" style=\"width: 100%;border-color: #76a0b0;border-top-width: 5px;\"><\/div>[\/vc_column][\/vc_row][vc_row margin_top=&#8220;20&#8243;][vc_column][vc_column_text]<span lang=\"DE\">Drs. Dabeshlim ist Facharzt f\u00fcr Plastische und \u00c4shetische Chirurgie und dar\u00fcber hinaus auch Mitglied in der Deutschen Gesellschaft f\u00fcr Plastische, Rekonstruktive und \u00c4sthetische Chirurgen. Er hat an der Rijkssuniversit\u00e4t Groningen in den Niederlanden Medizin studiert. Nach Abschluss seines Studiums hat er seine Weiterbildung zum Facharzt f\u00fcr Plastische Chirurgie mit Spezialisierung im Bereich \u00c4sthetische Chirurgie im Klinikum G\u00fctersloh absolviert.<\/span><\/p>\n<p><span lang=\"DE\">Nach seiner Facharztpr\u00fcfung war er als Oberarzt der Klinik f\u00fcr Plastische, Rekonstruktive und \u00c4sthetische Chirurgie im Klinikum Lippe Lemgo t\u00e4tig. Sein Schwerpunkt lag dabei auf der \u00c4sthetischen Chirurgie.<\/span>[\/vc_column_text][\/vc_column][\/vc_row][vc_row bg_type=&#8220;bg_color&#8220; seperator_enable=&#8220;seperator_enable_value&#8220; seperator_type=&#8220;tilt_left_seperator&#8220; seperator_position=&#8220;bottom_seperator&#8220; seperator_svg_height=&#8220;5&#8243; seperator_shape_background=&#8220;#dbdbdb&#8220;][vc_column][\/vc_column][\/vc_row][vc_row animation=&#8220;fadeIn&#8220; margin_top=&#8220;10&#8243; margin_bottom=&#8220;10&#8243; css=&#8220;.vc_custom_1467809419958{margin-bottom: 20px !important;}&#8220;][vc_column width=&#8220;1\/3&#8243;][vc_single_image image=&#8220;1935&#8243; img_size=&#8220;320&#215;240&#8243; alignment=&#8220;center&#8220; style=&#8220;vc_box_shadow_3d&#8220;][\/vc_column][vc_column width=&#8220;1\/3&#8243;][vc_single_image image=&#8220;606&#8243; img_size=&#8220;320&#215;240&#8243; alignment=&#8220;center&#8220; style=&#8220;vc_box_shadow_3d&#8220;][\/vc_column][vc_column width=&#8220;1\/3&#8243;][vc_single_image image=&#8220;608&#8243; img_size=&#8220;320&#215;240&#8243; alignment=&#8220;center&#8220; style=&#8220;vc_box_shadow_3d&#8220;][\/vc_column][\/vc_row][vc_row bg_type=&#8220;bg_color&#8220; seperator_enable=&#8220;seperator_enable_value&#8220; seperator_type=&#8220;tilt_left_seperator&#8220; seperator_svg_height=&#8220;5&#8243; seperator_shape_background=&#8220;#dbdbdb&#8220;][vc_column][\/vc_column][\/vc_row][vc_row animation=&#8220;fadeIn&#8220; margin_bottom=&#8220;30&#8243;][vc_column][vc_column_text]<span lang=\"DE\">Sein Spektrum in der \u00c4sthetischen Chirurgie, welche auch oft Kosmetische Chirurgie genannt wird, hat er durch seine T\u00e4tigkeiten in einer Privatklinik in Berlin erweitert. Zuletzt war er leitender Oberarzt in der Klinik f\u00fcr Plastische Chirurgie in S\u00fcddeutschland in der N\u00e4he von Frankfurt. Drs. Dabeshlim ist in den folgenden Fachbereichen spezialisiert: alle Aspekte von Gesichtsverj\u00fcngungen, Brustkorrekturen, Fettabsaugungen und weitere \u00e4sthetische Korrekturen. Des Weiteren hat er viele Hospitationen, Kongresse, Symposien und Weiterbildungen in dem Gebiet der \u00c4sthetischen Chirurgie belegt und besucht.<\/span><\/p>\n<p><span lang=\"DE\">Als erfahrener Plastischer und \u00c4sthetischer Chirurg und Fachmann im Bereich sanfter Behandlungstechniken hat er eine langj\u00e4hrige Ausbildung absolviert und kann Ihnen eine Vielzahl unterschiedlichster innovativer Behandlungsmethoden auf dem Gebiet der Sch\u00f6nheitschirurgie anbieten.<\/span><\/p>\n<p><span lang=\"DE\">Gemeinsam mit Ihnen findet er einen Weg, um Ihre W\u00fcnsche in ein sch\u00f6nes, \u00e4sthetisches und harmonisches Ergebnis zu verwandeln. Vereinbaren Sie einen Termin und lassen Sie sich in einem umfangreichen pers\u00f6nlichen Gespr\u00e4ch von ihm beraten.<\/span><\/p>\n<p><span lang=\"DE\">Schenken Sie uns Ihr Vertrauen.<\/span>[\/vc_column_text][\/vc_column][\/vc_row][vc_row][vc_column][vc_empty_space height=&#8220;40px&#8220;]<section class=\"logos-grid wf-container\" data-width=\"110px\" data-columns=\"5\"><div class=\"wf-cell\"><div><a class=\"layzr-bg\" href=\"https:\/\/www.narconova-klinik.com\/fachrichtungen\/plastisch-%C3%A4sthetische-chirurgie\/\" target=\"_blank\" title=\"\" ><img loading=\"lazy\" decoding=\"async\" class=\"fadeIn animate-element lazy-load\" src=\"data:image\/svg+xml;charset=utf-8,%3Csvg xmlns%3D&#039;http%3A%2F%2Fwww.w3.org%2F2000%2Fsvg&#039; viewBox%3D&#039;0 0 175 125&#039;%2F%3E\" width=\"175\" height=\"125\" alt=\"Narconova Klinik GmbH\" data-srcset=\"https:\/\/plastische-chirurgie-praxis.com\/wp-content\/uploads\/2017\/05\/narconova-praxis-tavus-bocholt.png 350w\" data-src=\"https:\/\/plastische-chirurgie-praxis.com\/wp-content\/uploads\/2017\/05\/narconova-praxis-tavus-bocholt.png\" \/><\/a><\/div><\/div><div class=\"wf-cell\"><div><a class=\"layzr-bg\" href=\"https:\/\/www.klinikrothenbaum.de\/deutsch\/aerzteteam\/aerzte-nach-fachgebieten\/\" target=\"_blank\" title=\"\" ><img loading=\"lazy\" decoding=\"async\" class=\"fadeIn animate-element lazy-load\" src=\"data:image\/svg+xml;charset=utf-8,%3Csvg xmlns%3D&#039;http%3A%2F%2Fwww.w3.org%2F2000%2Fsvg&#039; viewBox%3D&#039;0 0 175 125&#039;%2F%3E\" width=\"175\" height=\"125\" alt=\"Praxisklinik am Rothenbaum\" data-srcset=\"https:\/\/plastische-chirurgie-praxis.com\/wp-content\/uploads\/2017\/03\/klinikrothenbaum-praxis-tavus-hamburg.png 350w\" data-src=\"https:\/\/plastische-chirurgie-praxis.com\/wp-content\/uploads\/2017\/03\/klinikrothenbaum-praxis-tavus-hamburg.png\" \/><\/a><\/div><\/div><div class=\"wf-cell\"><div><a class=\"layzr-bg\" href=\"http:\/\/www.st-antonius-gronau.de\/index.php\/hospital\/ambulante-angebote\/gesundheitszentrum.html\" target=\"_blank\" title=\"\" ><img loading=\"lazy\" decoding=\"async\" class=\"fadeIn animate-element lazy-load\" src=\"data:image\/svg+xml;charset=utf-8,%3Csvg xmlns%3D&#039;http%3A%2F%2Fwww.w3.org%2F2000%2Fsvg&#039; viewBox%3D&#039;0 0 175 125&#039;%2F%3E\" width=\"175\" height=\"125\" alt=\"St. Antonius-Hospital\" data-srcset=\"https:\/\/plastische-chirurgie-praxis.com\/wp-content\/uploads\/2016\/04\/St.-Antonius-Hospital-Gronau.png 350w\" data-src=\"https:\/\/plastische-chirurgie-praxis.com\/wp-content\/uploads\/2016\/04\/St.-Antonius-Hospital-Gronau.png\" \/><\/a><\/div><\/div><div class=\"wf-cell\"><div><a class=\"layzr-bg\" href=\"http:\/\/www.dgpraec.de\/\" target=\"_blank\" title=\"\" ><img loading=\"lazy\" decoding=\"async\" class=\"fadeIn animate-element lazy-load\" src=\"data:image\/svg+xml;charset=utf-8,%3Csvg xmlns%3D&#039;http%3A%2F%2Fwww.w3.org%2F2000%2Fsvg&#039; viewBox%3D&#039;0 0 175 125&#039;%2F%3E\" width=\"175\" height=\"125\" alt=\"DGPRAC\" data-srcset=\"https:\/\/plastische-chirurgie-praxis.com\/wp-content\/uploads\/2015\/12\/DGPRAC-logo2.jpg 350w\" data-src=\"https:\/\/plastische-chirurgie-praxis.com\/wp-content\/uploads\/2015\/12\/DGPRAC-logo2.jpg\" \/><\/a><\/div><\/div><div class=\"wf-cell\"><div><\/div><\/div><\/section>[\/vc_column][\/vc_row]<\/p>\n<\/div>","protected":false},"excerpt":{"rendered":"<p>[vc_row animation=&#8220;fadeIn&#8220;][vc_column][vc_custom_heading text=&#8220;Drs. Dabeshlim&#8220; font_container=&#8220;tag:h1|text_align:left|color:%2376a0b0&#8243; use_theme_fonts=&#8220;yes&#8220;][\/vc_column][\/vc_row][vc_row margin_top=&#8220;20&#8243;][vc_column][vc_column_text]Drs. Dabeshlim ist Facharzt f\u00fcr Plastische und \u00c4shetische Chirurgie und dar\u00fcber hinaus auch Mitglied in der Deutschen Gesellschaft f\u00fcr Plastische, Rekonstruktive und \u00c4sthetische Chirurgen. Er hat an der Rijkssuniversit\u00e4t Groningen in den Niederlanden Medizin studiert. Nach Abschluss seines Studiums hat er seine Weiterbildung zum Facharzt f\u00fcr Plastische Chirurgie mit&hellip;<\/p>\n","protected":false},"author":2,"featured_media":0,"parent":0,"menu_order":0,"comment_status":"closed","ping_status":"closed","template":"","meta":{"_exactmetrics_skip_tracking":false,"_exactmetrics_sitenote_active":false,"_exactmetrics_sitenote_note":"","_exactmetrics_sitenote_category":0,"footnotes":""},"class_list":["post-969","page","type-page","status-publish","hentry","description-off"],"yoast_head":"<!-- This site is optimized with the Yoast SEO plugin v27.2 - https:\/\/yoast.com\/product\/yoast-seo-wordpress\/ -->\n<title>Drs. Dabeshlim - Praxis Tavus - Gronau - Nordhorn - M\u00fcnster<\/title>\n<meta name=\"description\" content=\"Drs. Dabeshlim ist ein anerkannter Plastischer und \u00c4sthetischer Chirurg und Mitglied in der Deutschen Gesellschaft f\u00fcr Plastische, Rekonstruktive und \u00c4st...\" \/>\n<meta name=\"robots\" content=\"index, follow, max-snippet:-1, max-image-preview:large, max-video-preview:-1\" \/>\n<link rel=\"canonical\" href=\"http:\/\/plastische-chirurgie-praxis.com\/de\/drs-dabeshlim\/\" \/>\n<meta property=\"og:locale\" content=\"de_DE\" \/>\n<meta property=\"og:type\" content=\"article\" \/>\n<meta property=\"og:title\" content=\"Drs. Dabeshlim - Praxis Tavus - Gronau - Nordhorn - M\u00fcnster\" \/>\n<meta property=\"og:description\" content=\"Drs. Dabeshlim ist ein anerkannter Plastischer und \u00c4sthetischer Chirurg und Mitglied in der Deutschen Gesellschaft f\u00fcr Plastische, Rekonstruktive und \u00c4st...\" \/>\n<meta property=\"og:url\" content=\"http:\/\/plastische-chirurgie-praxis.com\/de\/drs-dabeshlim\/\" \/>\n<meta property=\"og:site_name\" content=\"Privatpraxis Tavus\" \/>\n<meta property=\"article:publisher\" content=\"https:\/\/www.facebook.com\/PraxisTavus\" \/>\n<meta property=\"article:modified_time\" content=\"2017-06-12T10:31:45+00:00\" \/>\n<meta property=\"og:image\" content=\"https:\/\/plastische-chirurgie-praxis.com\/wp-content\/uploads\/2015\/09\/Logo_normal.png\" \/>\n\t<meta property=\"og:image:width\" content=\"476\" \/>\n\t<meta property=\"og:image:height\" content=\"200\" \/>\n\t<meta property=\"og:image:type\" content=\"image\/png\" \/>\n<meta name=\"twitter:card\" content=\"summary_large_image\" \/>\n<meta name=\"twitter:site\" content=\"@PraxisTavus\" \/>\n<meta name=\"twitter:label1\" content=\"Gesch\u00e4tzte Lesezeit\" \/>\n\t<meta name=\"twitter:data1\" content=\"2\u00a0Minuten\" \/>\n<script type=\"application\/ld+json\" class=\"yoast-schema-graph\">{\"@context\":\"https:\/\/schema.org\",\"@graph\":[{\"@type\":\"WebPage\",\"@id\":\"http:\/\/plastische-chirurgie-praxis.com\/de\/drs-dabeshlim\/\",\"url\":\"http:\/\/plastische-chirurgie-praxis.com\/de\/drs-dabeshlim\/\",\"name\":\"Drs. Dabeshlim - Praxis Tavus - Gronau - Nordhorn - M\u00fcnster\",\"isPartOf\":{\"@id\":\"https:\/\/plastische-chirurgie-praxis.com\/#website\"},\"datePublished\":\"2015-10-12T09:18:10+00:00\",\"dateModified\":\"2017-06-12T10:31:45+00:00\",\"description\":\"Drs. Dabeshlim ist ein anerkannter Plastischer und \u00c4sthetischer Chirurg und Mitglied in der Deutschen Gesellschaft f\u00fcr Plastische, Rekonstruktive und \u00c4st...\",\"breadcrumb\":{\"@id\":\"http:\/\/plastische-chirurgie-praxis.com\/de\/drs-dabeshlim\/#breadcrumb\"},\"inLanguage\":\"de\",\"potentialAction\":[{\"@type\":\"ReadAction\",\"target\":[\"http:\/\/plastische-chirurgie-praxis.com\/de\/drs-dabeshlim\/\"]}]},{\"@type\":\"BreadcrumbList\",\"@id\":\"http:\/\/plastische-chirurgie-praxis.com\/de\/drs-dabeshlim\/#breadcrumb\",\"itemListElement\":[{\"@type\":\"ListItem\",\"position\":1,\"name\":\"Praxis Tavus\",\"item\":\"http:\/\/plastische-chirurgie-praxis.com\/de\/\"},{\"@type\":\"ListItem\",\"position\":2,\"name\":\"Drs. Dabeshlim\"}]},{\"@type\":\"WebSite\",\"@id\":\"https:\/\/plastische-chirurgie-praxis.com\/#website\",\"url\":\"https:\/\/plastische-chirurgie-praxis.com\/\",\"name\":\"Privatpraxis Tavus\",\"description\":\"Plastische &amp; Asthetische Chirurgie\",\"publisher\":{\"@id\":\"https:\/\/plastische-chirurgie-praxis.com\/#organization\"},\"potentialAction\":[{\"@type\":\"SearchAction\",\"target\":{\"@type\":\"EntryPoint\",\"urlTemplate\":\"https:\/\/plastische-chirurgie-praxis.com\/?s={search_term_string}\"},\"query-input\":{\"@type\":\"PropertyValueSpecification\",\"valueRequired\":true,\"valueName\":\"search_term_string\"}}],\"inLanguage\":\"de\"},{\"@type\":\"Organization\",\"@id\":\"https:\/\/plastische-chirurgie-praxis.com\/#organization\",\"name\":\"Praxis Tavus: Plastische & Asthetische Chirurgie\",\"url\":\"https:\/\/plastische-chirurgie-praxis.com\/\",\"logo\":{\"@type\":\"ImageObject\",\"inLanguage\":\"de\",\"@id\":\"https:\/\/plastische-chirurgie-praxis.com\/#\/schema\/logo\/image\/\",\"url\":\"http:\/\/plastische-chirurgie-praxis.com\/wp-content\/uploads\/2015\/09\/Logo_normal.png\",\"contentUrl\":\"http:\/\/plastische-chirurgie-praxis.com\/wp-content\/uploads\/2015\/09\/Logo_normal.png\",\"width\":476,\"height\":200,\"caption\":\"Praxis Tavus: Plastische & Asthetische Chirurgie\"},\"image\":{\"@id\":\"https:\/\/plastische-chirurgie-praxis.com\/#\/schema\/logo\/image\/\"},\"sameAs\":[\"https:\/\/www.facebook.com\/PraxisTavus\",\"https:\/\/x.com\/PraxisTavus\"]}]}<\/script>\n<!-- \/ Yoast SEO plugin. -->","yoast_head_json":{"title":"Drs. Dabeshlim - Praxis Tavus - Gronau - Nordhorn - M\u00fcnster","description":"Drs. Dabeshlim ist ein anerkannter Plastischer und \u00c4sthetischer Chirurg und Mitglied in der Deutschen Gesellschaft f\u00fcr Plastische, Rekonstruktive und \u00c4st...","robots":{"index":"index","follow":"follow","max-snippet":"max-snippet:-1","max-image-preview":"max-image-preview:large","max-video-preview":"max-video-preview:-1"},"canonical":"http:\/\/plastische-chirurgie-praxis.com\/de\/drs-dabeshlim\/","og_locale":"de_DE","og_type":"article","og_title":"Drs. Dabeshlim - Praxis Tavus - Gronau - Nordhorn - M\u00fcnster","og_description":"Drs. Dabeshlim ist ein anerkannter Plastischer und \u00c4sthetischer Chirurg und Mitglied in der Deutschen Gesellschaft f\u00fcr Plastische, Rekonstruktive und \u00c4st...","og_url":"http:\/\/plastische-chirurgie-praxis.com\/de\/drs-dabeshlim\/","og_site_name":"Privatpraxis Tavus","article_publisher":"https:\/\/www.facebook.com\/PraxisTavus","article_modified_time":"2017-06-12T10:31:45+00:00","og_image":[{"width":476,"height":200,"url":"https:\/\/plastische-chirurgie-praxis.com\/wp-content\/uploads\/2015\/09\/Logo_normal.png","type":"image\/png"}],"twitter_card":"summary_large_image","twitter_site":"@PraxisTavus","twitter_misc":{"Gesch\u00e4tzte Lesezeit":"2\u00a0Minuten"},"schema":{"@context":"https:\/\/schema.org","@graph":[{"@type":"WebPage","@id":"http:\/\/plastische-chirurgie-praxis.com\/de\/drs-dabeshlim\/","url":"http:\/\/plastische-chirurgie-praxis.com\/de\/drs-dabeshlim\/","name":"Drs. Dabeshlim - Praxis Tavus - Gronau - Nordhorn - M\u00fcnster","isPartOf":{"@id":"https:\/\/plastische-chirurgie-praxis.com\/#website"},"datePublished":"2015-10-12T09:18:10+00:00","dateModified":"2017-06-12T10:31:45+00:00","description":"Drs. Dabeshlim ist ein anerkannter Plastischer und \u00c4sthetischer Chirurg und Mitglied in der Deutschen Gesellschaft f\u00fcr Plastische, Rekonstruktive und \u00c4st...","breadcrumb":{"@id":"http:\/\/plastische-chirurgie-praxis.com\/de\/drs-dabeshlim\/#breadcrumb"},"inLanguage":"de","potentialAction":[{"@type":"ReadAction","target":["http:\/\/plastische-chirurgie-praxis.com\/de\/drs-dabeshlim\/"]}]},{"@type":"BreadcrumbList","@id":"http:\/\/plastische-chirurgie-praxis.com\/de\/drs-dabeshlim\/#breadcrumb","itemListElement":[{"@type":"ListItem","position":1,"name":"Praxis Tavus","item":"http:\/\/plastische-chirurgie-praxis.com\/de\/"},{"@type":"ListItem","position":2,"name":"Drs. Dabeshlim"}]},{"@type":"WebSite","@id":"https:\/\/plastische-chirurgie-praxis.com\/#website","url":"https:\/\/plastische-chirurgie-praxis.com\/","name":"Privatpraxis Tavus","description":"Plastische &amp; Asthetische Chirurgie","publisher":{"@id":"https:\/\/plastische-chirurgie-praxis.com\/#organization"},"potentialAction":[{"@type":"SearchAction","target":{"@type":"EntryPoint","urlTemplate":"https:\/\/plastische-chirurgie-praxis.com\/?s={search_term_string}"},"query-input":{"@type":"PropertyValueSpecification","valueRequired":true,"valueName":"search_term_string"}}],"inLanguage":"de"},{"@type":"Organization","@id":"https:\/\/plastische-chirurgie-praxis.com\/#organization","name":"Praxis Tavus: Plastische & Asthetische Chirurgie","url":"https:\/\/plastische-chirurgie-praxis.com\/","logo":{"@type":"ImageObject","inLanguage":"de","@id":"https:\/\/plastische-chirurgie-praxis.com\/#\/schema\/logo\/image\/","url":"http:\/\/plastische-chirurgie-praxis.com\/wp-content\/uploads\/2015\/09\/Logo_normal.png","contentUrl":"http:\/\/plastische-chirurgie-praxis.com\/wp-content\/uploads\/2015\/09\/Logo_normal.png","width":476,"height":200,"caption":"Praxis Tavus: Plastische & Asthetische Chirurgie"},"image":{"@id":"https:\/\/plastische-chirurgie-praxis.com\/#\/schema\/logo\/image\/"},"sameAs":["https:\/\/www.facebook.com\/PraxisTavus","https:\/\/x.com\/PraxisTavus"]}]}},"_links":{"self":[{"href":"https:\/\/plastische-chirurgie-praxis.com\/de\/wp-json\/wp\/v2\/pages\/969","targetHints":{"allow":["GET"]}}],"collection":[{"href":"https:\/\/plastische-chirurgie-praxis.com\/de\/wp-json\/wp\/v2\/pages"}],"about":[{"href":"https:\/\/plastische-chirurgie-praxis.com\/de\/wp-json\/wp\/v2\/types\/page"}],"author":[{"embeddable":true,"href":"https:\/\/plastische-chirurgie-praxis.com\/de\/wp-json\/wp\/v2\/users\/2"}],"replies":[{"embeddable":true,"href":"https:\/\/plastische-chirurgie-praxis.com\/de\/wp-json\/wp\/v2\/comments?post=969"}],"version-history":[{"count":25,"href":"https:\/\/plastische-chirurgie-praxis.com\/de\/wp-json\/wp\/v2\/pages\/969\/revisions"}],"predecessor-version":[{"id":2109,"href":"https:\/\/plastische-chirurgie-praxis.com\/de\/wp-json\/wp\/v2\/pages\/969\/revisions\/2109"}],"wp:attachment":[{"href":"https:\/\/plastische-chirurgie-praxis.com\/de\/wp-json\/wp\/v2\/media?parent=969"}],"curies":[{"name":"wp","href":"https:\/\/api.w.org\/{rel}","templated":true}]}}